{"id":6894,"date":"2022-11-18T17:39:12","date_gmt":"2022-11-18T20:39:12","guid":{"rendered":"https:\/\/infomacrio.com.br\/index.php\/produto\/dio-24fo-2flex-sc-apc-completo\/"},"modified":"2025-12-09T14:21:22","modified_gmt":"2025-12-09T17:21:22","slug":"dio-24fo-2flex-sc-apc-completo","status":"publish","type":"product","link":"https:\/\/infomacrio.com.br\/index.php\/produto\/dio-24fo-2flex-sc-apc-completo\/","title":{"rendered":"DIO 24FO 2FLEX SC-APC COMPLETO"},"content":{"rendered":"<p>O distribuidor interno \u00f3ptico \u00e9 ideal para uso interno em rack 19\u2033 com 24 fibras. \u00c9 confeccionado em material de alta resist\u00eancia e pintura especial promovendo prote\u00e7\u00e3o e qualidade. Ideal para organiza\u00e7\u00e3o e acomoda\u00e7\u00e3o das fibras no Data Center.<\/p>\n<ul>\n<li><strong>Conte\u00fado da embalagem<\/strong><\/li>\n<\/ul>\n<p>01 unidade \u2013 Distribuidor Interno \u00d3ptico 24FO-2F-FDIO-24-APC;<\/p>\n<p>02 unidade \u2013 Bandejas para emendas \u00f3pticas;<\/p>\n<p>24 unidades \u2013 Protetores de emendas \u00f3pticas;<\/p>\n<p>24 unidades \u2013 Adaptadores \u00f3pticos SC\/APC;<\/p>\n<p>24 unidades \u2013 Pigtails coloridos;<\/p>\n<p>04 unidades \u2013 Parafusos para fixa\u00e7\u00e3o de suporte no rack;<\/p>\n<p>02 unidades \u2013 Suportes para rack;<\/p>\n<p>06 unidades \u2013 Abra\u00e7adeiras pl\u00e1sticas;<\/p>\n<p>04 entradas e sa\u00eddas para fibras;<\/p>\n<p>04 fixadores para fibras;<\/p>\n<p>04 fixadores para elemento de tra\u00e7\u00e3o;<\/p>\n<ul>\n<li><strong>Caracter\u00edsticas T\u00e9cnicas<\/strong><\/li>\n<\/ul>\n<p>Capacidade m\u00e1xima: 24 fibras;<\/p>\n<p>Dimens\u00f5es: 435 x 320x 43mm \u2013 1U;<\/p>\n<p>Peso: 3,7 kg;<\/p>\n<p>Tipo de conector: SC;<\/p>\n<p>Tipo de polimento: APC;<\/p>\n<p>Acabamento: Pintura eletroest\u00e1tica preta;<\/p>\n<p>Temperatura de opera\u00e7\u00e3o: 0 \u00baC ~ 36\u00baC.<\/p>\n","protected":false},"excerpt":{"rendered":"<p>DIO 24FO 2FLEX SC-APC COMPLETO<\/p>\n","protected":false},"featured_media":10966,"template":"","meta":{"om_disable_all_campaigns":false,"_monsterinsights_skip_tracking":false,"_monsterinsights_sitenote_active":false,"_monsterinsights_sitenote_note":"","_monsterinsights_sitenote_category":0},"product_brand":[],"product_cat":[319,318,301],"product_tag":[],"class_list":{"0":"post-6894","1":"product","2":"type-product","3":"status-publish","4":"has-post-thumbnail","6":"product_cat-apc-dio-distribuidor-optico","7":"product_cat-dio-distribuidor-optico","8":"product_cat-fibra-optica","9":"thunk-woo-product-list","10":"big-store-woo-hover-zoom","11":"open-single-product-tab-horizontal","12":"open-shadow-","13":"open-shadow-hover-","15":"first","16":"instock","17":"sale","18":"shipping-taxable","19":"purchasable","20":"product-type-simple"},"aioseo_notices":[],"_links":{"self":[{"href":"https:\/\/infomacrio.com.br\/index.php\/wp-json\/wp\/v2\/product\/6894","targetHints":{"allow":["GET"]}}],"collection":[{"href":"https:\/\/infomacrio.com.br\/index.php\/wp-json\/wp\/v2\/product"}],"about":[{"href":"https:\/\/infomacrio.com.br\/index.php\/wp-json\/wp\/v2\/types\/product"}],"wp:featuredmedia":[{"embeddable":true,"href":"https:\/\/infomacrio.com.br\/index.php\/wp-json\/wp\/v2\/media\/10966"}],"wp:attachment":[{"href":"https:\/\/infomacrio.com.br\/index.php\/wp-json\/wp\/v2\/media?parent=6894"}],"wp:term":[{"taxonomy":"product_brand","embeddable":true,"href":"https:\/\/infomacrio.com.br\/index.php\/wp-json\/wp\/v2\/product_brand?post=6894"},{"taxonomy":"product_cat","embeddable":true,"href":"https:\/\/infomacrio.com.br\/index.php\/wp-json\/wp\/v2\/product_cat?post=6894"},{"taxonomy":"product_tag","embeddable":true,"href":"https:\/\/infomacrio.com.br\/index.php\/wp-json\/wp\/v2\/product_tag?post=6894"}],"curies":[{"name":"wp","href":"https:\/\/api.w.org\/{rel}","templated":true}]}}