{"id":6892,"date":"2022-11-18T17:39:11","date_gmt":"2022-11-18T20:39:11","guid":{"rendered":"https:\/\/infomacrio.com.br\/index.php\/produto\/dio-36fo-2flex-sc-apc-completo\/"},"modified":"2025-12-09T14:29:35","modified_gmt":"2025-12-09T17:29:35","slug":"dio-36fo-2flex-sc-apc-completo","status":"publish","type":"product","link":"https:\/\/infomacrio.com.br\/index.php\/produto\/dio-36fo-2flex-sc-apc-completo\/","title":{"rendered":"DIO 36FO 2FLEX SC-APC COMPLETO"},"content":{"rendered":"<p>O distribuidor interno \u00f3ptico \u00e9 ideal para uso interno em rack 19\u2033 com 36 fibras. \u00c9 confeccionado em material de alta resist\u00eancia e pintura especial promovendo prote\u00e7\u00e3o e qualidade. Ideal para organiza\u00e7\u00e3o e acomoda\u00e7\u00e3o das fibras no Data Center.<\/p>\n<p>O Distribuidor Interno \u00d3ptico 36FO\u00a0SC\/APC 2Flex Telecom ( 2F-FDIO-36-APC) \u00e9 apropriado para utiliza\u00e7\u00e3o em rede de telecomunica\u00e7\u00f5es. Pois cont\u00e9m bandeja retr\u00e1til que permite fazer as conex\u00f5es atrav\u00e9s de bandeja interna em cabo \u00f3ptico. Acompanha uma r\u00e9gua em seu painel frontal com adaptadores \u00f3pticos j\u00e1 instalados e r\u00e9gua frontal para acomoda\u00e7\u00e3o dos cord\u00f5es \u00f3pticos, al\u00e9m do sistema de veda\u00e7\u00e3o inibir a entrada de \u00e1gua, poeira e at\u00e9 mesmo insetos. Possui pinos guia para fixa\u00e7\u00e3o dos cabos \u00f3pticos, bandejas para acomoda\u00e7\u00e3o dos protetores de fus\u00e3o \u00f3ptica, borracha de veda\u00e7\u00e3o nas 4 entradas dos cabos principais localizadas na parte traseira do gabinete. Ideal para organiza\u00e7\u00e3o e acomoda\u00e7\u00e3o das fibras \u00f3pticas no Data Center.<\/p>\n<ul>\n<li><strong>Conte\u00fado da embalagem<\/strong><\/li>\n<\/ul>\n<p>01 unidade \u2013 Distribuidor Interno \u00d3ptico 36FO-2F-FDIO-36-APC;<\/p>\n<p>03 unidades \u2013 Bandejas para emendas \u00f3pticas;<\/p>\n<p>36 unidades \u2013 Protetores de emendas \u00f3pticas;<\/p>\n<p>36 unidades \u2013 Adaptadores \u00f3pticos SC\/APC;<\/p>\n<p>36 unidades \u2013 Pigtails coloridos;<\/p>\n<p>04 unidades \u2013 Parafusos para fixa\u00e7\u00e3o de suporte no rack;<\/p>\n<p>02 unidades \u2013 Suportes para rack;<\/p>\n<p>06 unidades \u2013 Abra\u00e7adeiras pl\u00e1sticas;<\/p>\n<p>04 entradas e sa\u00eddas para fibras;<\/p>\n<p>04 fixadores para fibras;<\/p>\n<p>04 fixadores para elemento de tra\u00e7\u00e3o;<\/p>\n<ul>\n<li><strong>Caracter\u00edsticas T\u00e9cnicas<\/strong><\/li>\n<\/ul>\n<p>Capacidade m\u00e1xima: 36 fibras;<\/p>\n<p>Dimens\u00f5es: 435 x 320x 43mm \u2013 1U;<\/p>\n<p>Peso: 3,8 kg;<\/p>\n<p>Tipo de conector: SC;<\/p>\n<p>Tipo de polimento: APC;<\/p>\n<p>Acabamento: Pintura eletro-est\u00e1tica preta;<\/p>\n<p>Temperatura de opera\u00e7\u00e3o: 0 \u00baC ~ 36\u00baC.<\/p>\n","protected":false},"excerpt":{"rendered":"<p>DIO 36FO 2FLEX SC-APC COMPLETO<\/p>\n","protected":false},"featured_media":10967,"template":"","meta":{"om_disable_all_campaigns":false,"_monsterinsights_skip_tracking":false,"_monsterinsights_sitenote_active":false,"_monsterinsights_sitenote_note":"","_monsterinsights_sitenote_category":0},"product_brand":[],"product_cat":[319,318,301],"product_tag":[],"class_list":{"0":"post-6892","1":"product","2":"type-product","3":"status-publish","4":"has-post-thumbnail","6":"product_cat-apc-dio-distribuidor-optico","7":"product_cat-dio-distribuidor-optico","8":"product_cat-fibra-optica","9":"thunk-woo-product-list","10":"big-store-woo-hover-zoom","11":"open-single-product-tab-horizontal","12":"open-shadow-","13":"open-shadow-hover-","15":"first","16":"outofstock","17":"sale","18":"shipping-taxable","19":"purchasable","20":"product-type-simple"},"aioseo_notices":[],"_links":{"self":[{"href":"https:\/\/infomacrio.com.br\/index.php\/wp-json\/wp\/v2\/product\/6892","targetHints":{"allow":["GET"]}}],"collection":[{"href":"https:\/\/infomacrio.com.br\/index.php\/wp-json\/wp\/v2\/product"}],"about":[{"href":"https:\/\/infomacrio.com.br\/index.php\/wp-json\/wp\/v2\/types\/product"}],"wp:featuredmedia":[{"embeddable":true,"href":"https:\/\/infomacrio.com.br\/index.php\/wp-json\/wp\/v2\/media\/10967"}],"wp:attachment":[{"href":"https:\/\/infomacrio.com.br\/index.php\/wp-json\/wp\/v2\/media?parent=6892"}],"wp:term":[{"taxonomy":"product_brand","embeddable":true,"href":"https:\/\/infomacrio.com.br\/index.php\/wp-json\/wp\/v2\/product_brand?post=6892"},{"taxonomy":"product_cat","embeddable":true,"href":"https:\/\/infomacrio.com.br\/index.php\/wp-json\/wp\/v2\/product_cat?post=6892"},{"taxonomy":"product_tag","embeddable":true,"href":"https:\/\/infomacrio.com.br\/index.php\/wp-json\/wp\/v2\/product_tag?post=6892"}],"curies":[{"name":"wp","href":"https:\/\/api.w.org\/{rel}","templated":true}]}}