{"id":6791,"date":"2022-11-18T17:38:19","date_gmt":"2022-11-18T20:38:19","guid":{"rendered":"https:\/\/infomacrio.com.br\/index.php\/produto\/gabinete-c3tech-gamer-preto-mt-g70bk\/"},"modified":"2026-03-06T11:39:23","modified_gmt":"2026-03-06T14:39:23","slug":"gabinete-c3tech-gamer-preto-mt-g70bk","status":"publish","type":"product","link":"https:\/\/infomacrio.com.br\/index.php\/produto\/gabinete-c3tech-gamer-preto-mt-g70bk\/","title":{"rendered":"GABINETE C3TECH GAMER PRETO MT-G80BK"},"content":{"rendered":"<p>MT-G80 e o gabinete gamer da C3Tech de maior custo beneficio. De estrutura resistente e torre media, e moderno e discreto. Possui suporte a audio HD, SSD, duas entradas USB e recursos que facilitam a instalacao.<\/p>\n<p>* Gabinete Gamer<br \/>\n* Mid Tower<br \/>\n* Suporta placas m\u00e3e: ITX \/ Micro ATX \/ ATX<br \/>\n* Suporte a SSD 2,5<br \/>\n* 2 portas USB 2.0<br \/>\n* Entrada para microfone e sa\u00edda para fone de ouvido (Padr\u00e3o P2 3,5mm)<br \/>\n* HD \u00c1udio<br \/>\n* Organizador de cabos<br \/>\n* Screwless<br \/>\n* Fonte de Alimenta\u00e7\u00e3o n\u00e3o inclusa<\/p>\n<p>Especifica\u00e7\u00f5es:<\/p>\n<p>* Espessura da chapa: 0,35mm<br \/>\n* Quantidade de baias 5,25: 2 Interna<br \/>\n* Quantidade de baias 3,5: 1 Interna<br \/>\n* Quantidade de baias 2,5: 2 Interna<br \/>\n* 6 slots PCI<\/p>\n","protected":false},"excerpt":{"rendered":"<p>GABINETE C3TECH GAMER PRETO MT-G80BK<\/p>\n","protected":false},"featured_media":11118,"template":"","meta":{"om_disable_all_campaigns":false,"_monsterinsights_skip_tracking":false,"_monsterinsights_sitenote_active":false,"_monsterinsights_sitenote_note":"","_monsterinsights_sitenote_category":0},"product_brand":[],"product_cat":[376,354,296],"product_tag":[],"class_list":{"0":"post-6791","1":"product","2":"type-product","3":"status-publish","4":"has-post-thumbnail","6":"product_cat-gabinete","7":"product_cat-hardware","8":"product_cat-informatica","9":"thunk-woo-product-list","10":"big-store-woo-hover-zoom","11":"open-single-product-tab-horizontal","12":"open-shadow-","13":"open-shadow-hover-","15":"first","16":"instock","17":"sale","18":"shipping-taxable","19":"purchasable","20":"product-type-simple"},"aioseo_notices":[],"_links":{"self":[{"href":"https:\/\/infomacrio.com.br\/index.php\/wp-json\/wp\/v2\/product\/6791","targetHints":{"allow":["GET"]}}],"collection":[{"href":"https:\/\/infomacrio.com.br\/index.php\/wp-json\/wp\/v2\/product"}],"about":[{"href":"https:\/\/infomacrio.com.br\/index.php\/wp-json\/wp\/v2\/types\/product"}],"wp:featuredmedia":[{"embeddable":true,"href":"https:\/\/infomacrio.com.br\/index.php\/wp-json\/wp\/v2\/media\/11118"}],"wp:attachment":[{"href":"https:\/\/infomacrio.com.br\/index.php\/wp-json\/wp\/v2\/media?parent=6791"}],"wp:term":[{"taxonomy":"product_brand","embeddable":true,"href":"https:\/\/infomacrio.com.br\/index.php\/wp-json\/wp\/v2\/product_brand?post=6791"},{"taxonomy":"product_cat","embeddable":true,"href":"https:\/\/infomacrio.com.br\/index.php\/wp-json\/wp\/v2\/product_cat?post=6791"},{"taxonomy":"product_tag","embeddable":true,"href":"https:\/\/infomacrio.com.br\/index.php\/wp-json\/wp\/v2\/product_tag?post=6791"}],"curies":[{"name":"wp","href":"https:\/\/api.w.org\/{rel}","templated":true}]}}