{"id":6743,"date":"2022-11-18T17:37:52","date_gmt":"2022-11-18T20:37:52","guid":{"rendered":"https:\/\/infomacrio.com.br\/index.php\/produto\/mouse-hoopson-gamer-gx-350-rgb-3200dpi\/"},"modified":"2025-12-30T15:48:04","modified_gmt":"2025-12-30T18:48:04","slug":"mouse-hoopson-gamer-gx-350-rgb-3200dpi","status":"publish","type":"product","link":"https:\/\/infomacrio.com.br\/index.php\/produto\/mouse-hoopson-gamer-gx-350-rgb-3200dpi\/","title":{"rendered":"MOUSE HOOPSON GAMER GX-350+ RGB 3200DPI"},"content":{"rendered":"<p>Mouse Gamer profissional \u00f3ptico 7 bot\u00f5es; Cabo entran\u00e7ado com magneto oferecendo prote\u00e7\u00e3o contra interfer\u00eancia eletromagn\u00e9tica para jogos, revestido em Nylon; Design ergon\u00f4mico adapta-se ao formato da m\u00e3o; Bot\u00e3o com disparo triplo, dando efic\u00e1cia para jogos; Tipo: Mouse USB. Comprimento do Cabo: 1,7 Metros Bot\u00f5es do Mouse: 7 (Esquerdo \/ Direito \/ Scroll \/ Retroceder \/ Avan\u00e7ar \/ Ajuste DPI \/ Bot\u00e3o de tiro) Dimens\u00e3o: 198 x 85 x 40 MM Resolu\u00e7\u00e3o: 2000 DPI 3 N\u00edveis DPI: 800 ? 1600 ? 2000. Luz de Led: 3 cores de LED de acordo com o DPI Possui 3 n\u00edveis de resolu\u00e7\u00e3o, que pode ser controlada pelo ajustes DPI onde \u00e9 indicado por cores, conforme abaixo: 800 DPI ? Cor: verde 1600 DPI ? Cor: Vermelho 2000 DPI ? Cor: Amarelo Compatibilidade: Windows XP\/7\/8\/10, IOS, NT\/2000\/MAC etc 20 Pe\u00e7as\/Caixa Dimens\u00e3o: 47&#215;35,5&#215;36 cm Peso bruto:6,8 Kg<\/p>\n<p>&nbsp;<\/p>\n","protected":false},"excerpt":{"rendered":"<p>MOUSE HOOPSON GAMER GX-350+ RGB 3200DPI<\/p>\n","protected":false},"featured_media":6742,"template":"","meta":{"om_disable_all_campaigns":false,"_monsterinsights_skip_tracking":false,"_monsterinsights_sitenote_active":false,"_monsterinsights_sitenote_note":"","_monsterinsights_sitenote_category":0},"product_brand":[],"product_cat":[296,393,384],"product_tag":[],"class_list":{"0":"post-6743","1":"product","2":"type-product","3":"status-publish","4":"has-post-thumbnail","6":"product_cat-informatica","7":"product_cat-mouse","8":"product_cat-perifericos","9":"thunk-woo-product-list","10":"big-store-woo-hover-zoom","11":"open-single-product-tab-horizontal","12":"open-shadow-","13":"open-shadow-hover-","15":"first","16":"instock","17":"sale","18":"shipping-taxable","19":"purchasable","20":"product-type-simple"},"aioseo_notices":[],"_links":{"self":[{"href":"https:\/\/infomacrio.com.br\/index.php\/wp-json\/wp\/v2\/product\/6743","targetHints":{"allow":["GET"]}}],"collection":[{"href":"https:\/\/infomacrio.com.br\/index.php\/wp-json\/wp\/v2\/product"}],"about":[{"href":"https:\/\/infomacrio.com.br\/index.php\/wp-json\/wp\/v2\/types\/product"}],"wp:featuredmedia":[{"embeddable":true,"href":"https:\/\/infomacrio.com.br\/index.php\/wp-json\/wp\/v2\/media\/6742"}],"wp:attachment":[{"href":"https:\/\/infomacrio.com.br\/index.php\/wp-json\/wp\/v2\/media?parent=6743"}],"wp:term":[{"taxonomy":"product_brand","embeddable":true,"href":"https:\/\/infomacrio.com.br\/index.php\/wp-json\/wp\/v2\/product_brand?post=6743"},{"taxonomy":"product_cat","embeddable":true,"href":"https:\/\/infomacrio.com.br\/index.php\/wp-json\/wp\/v2\/product_cat?post=6743"},{"taxonomy":"product_tag","embeddable":true,"href":"https:\/\/infomacrio.com.br\/index.php\/wp-json\/wp\/v2\/product_tag?post=6743"}],"curies":[{"name":"wp","href":"https:\/\/api.w.org\/{rel}","templated":true}]}}