{"id":6736,"date":"2022-11-18T17:37:48","date_gmt":"2022-11-18T20:37:48","guid":{"rendered":"https:\/\/infomacrio.com.br\/index.php\/produto\/mouse-hoopson-ms-035p-800dpi\/"},"modified":"2026-05-05T12:47:18","modified_gmt":"2026-05-05T15:47:18","slug":"mouse-hoopson-ms-035p-800dpi","status":"publish","type":"product","link":"https:\/\/infomacrio.com.br\/index.php\/produto\/mouse-hoopson-ms-035p-800dpi\/","title":{"rendered":"MOUSE HOOPSON MS-035"},"content":{"rendered":"<p>Mouse \u00f3ptico, 1200 DPI, Cabo: 1,20m, Tamanho: 97x55x33mm, Quantidade de cliques: 5milh\u00f5es<\/p>\n<p>Quando voc\u00ea est\u00e1 pensando nas melhores formas de atualizar seu computador, provavelmente n\u00e3o d\u00e1 muita aten\u00e7\u00e3o ao seu mouse. Todos os mouses s\u00e3o iguais, certo? N\u00e3o \u00e9 bem assim.\u00a0Existem muitos tipos diferentes de mouses, incluindo com fio ou sem fio, grandes ou pequenos, para jogos, ergon\u00f4micos, verticais, para viagem e muito mais. Cada um foi projetado para atender uma demanda espec\u00edfica.<\/p>\n<p>O mouse \u00e9 um dos perif\u00e9ricos mais usados\u00a0no seu PC. Voc\u00ea n\u00e3o deveria ficar preso ao mesmo mouse gen\u00e9rico barato que voc\u00ea usou por anos. Substituir o mouse pode ajud\u00e1-lo a ser mais eficiente no trabalho, se entreter mais facilmente, al\u00e9m de ajudar a evitar danos aos pulsos e dedos com o uso prolongado.<\/p>\n<p>\u2022 Mouse \u00f3ptico<br \/>\n\u2022 1200 DPI<br \/>\n\u2022 Cabo: 1,20m<br \/>\n\u2022 Tamanho: 97x55x33mm<br \/>\n\u2022 Quantidade de Cliques: 5 Milh\u00f5es<\/p>\n","protected":false},"excerpt":{"rendered":"<p>MOUSE HOOPSON MS-035<\/p>\n","protected":false},"featured_media":9282,"template":"","meta":{"om_disable_all_campaigns":false,"_monsterinsights_skip_tracking":false,"_monsterinsights_sitenote_active":false,"_monsterinsights_sitenote_note":"","_monsterinsights_sitenote_category":0},"product_brand":[],"product_cat":[296,393,384],"product_tag":[],"class_list":{"0":"post-6736","1":"product","2":"type-product","3":"status-publish","4":"has-post-thumbnail","6":"product_cat-informatica","7":"product_cat-mouse","8":"product_cat-perifericos","9":"thunk-woo-product-list","10":"big-store-woo-hover-zoom","11":"open-single-product-tab-horizontal","12":"open-shadow-","13":"open-shadow-hover-","15":"first","16":"instock","17":"sale","18":"shipping-taxable","19":"purchasable","20":"product-type-simple"},"aioseo_notices":[],"_links":{"self":[{"href":"https:\/\/infomacrio.com.br\/index.php\/wp-json\/wp\/v2\/product\/6736","targetHints":{"allow":["GET"]}}],"collection":[{"href":"https:\/\/infomacrio.com.br\/index.php\/wp-json\/wp\/v2\/product"}],"about":[{"href":"https:\/\/infomacrio.com.br\/index.php\/wp-json\/wp\/v2\/types\/product"}],"wp:featuredmedia":[{"embeddable":true,"href":"https:\/\/infomacrio.com.br\/index.php\/wp-json\/wp\/v2\/media\/9282"}],"wp:attachment":[{"href":"https:\/\/infomacrio.com.br\/index.php\/wp-json\/wp\/v2\/media?parent=6736"}],"wp:term":[{"taxonomy":"product_brand","embeddable":true,"href":"https:\/\/infomacrio.com.br\/index.php\/wp-json\/wp\/v2\/product_brand?post=6736"},{"taxonomy":"product_cat","embeddable":true,"href":"https:\/\/infomacrio.com.br\/index.php\/wp-json\/wp\/v2\/product_cat?post=6736"},{"taxonomy":"product_tag","embeddable":true,"href":"https:\/\/infomacrio.com.br\/index.php\/wp-json\/wp\/v2\/product_tag?post=6736"}],"curies":[{"name":"wp","href":"https:\/\/api.w.org\/{rel}","templated":true}]}}