{"id":6728,"date":"2022-11-18T17:37:44","date_gmt":"2022-11-18T20:37:44","guid":{"rendered":"https:\/\/infomacrio.com.br\/index.php\/produto\/mouse-hp-usb-100-1600dpi\/"},"modified":"2026-04-10T18:11:02","modified_gmt":"2026-04-10T21:11:02","slug":"mouse-hp-usb-100-1600dpi","status":"publish","type":"product","link":"https:\/\/infomacrio.com.br\/index.php\/produto\/mouse-hp-usb-100-1600dpi\/","title":{"rendered":"MOUSE HP 100 USB CLASSIC 1600DPI"},"content":{"rendered":"<p>Usar um mouse acaba de ficar muito mais confort\u00e1vel. Projetado para o uso do dia a dia, todos os dias, esse mouse ambidestro foi feito para se encaixar naturalmente na sua m\u00e3o. Configurado facilmente em segundos, ele oferece movimentos fluidos e naturais, al\u00e9m de uma sensa\u00e7\u00e3o incr\u00edvel.<\/p>\n<p>Peso: 0.09 kg<\/p>\n<p>Dimens\u00f5es (L x P x A): 11,66 x 6,43 x 3,72 cm<\/p>\n<p>Compatibilidade de hardware: compat\u00edvel com PCs com porta USB-A dispon\u00edvel.<\/p>\n","protected":false},"excerpt":{"rendered":"<p>MOUSE HP 100 USB CLASSIC 1600DPI<\/p>\n","protected":false},"featured_media":6727,"template":"","meta":{"om_disable_all_campaigns":false,"_monsterinsights_skip_tracking":false,"_monsterinsights_sitenote_active":false,"_monsterinsights_sitenote_note":"","_monsterinsights_sitenote_category":0},"product_brand":[],"product_cat":[296,393,384],"product_tag":[],"class_list":{"0":"post-6728","1":"product","2":"type-product","3":"status-publish","4":"has-post-thumbnail","6":"product_cat-informatica","7":"product_cat-mouse","8":"product_cat-perifericos","9":"thunk-woo-product-list","10":"big-store-woo-hover-zoom","11":"open-single-product-tab-horizontal","12":"open-shadow-","13":"open-shadow-hover-","15":"first","16":"instock","17":"sale","18":"shipping-taxable","19":"purchasable","20":"product-type-simple"},"aioseo_notices":[],"_links":{"self":[{"href":"https:\/\/infomacrio.com.br\/index.php\/wp-json\/wp\/v2\/product\/6728","targetHints":{"allow":["GET"]}}],"collection":[{"href":"https:\/\/infomacrio.com.br\/index.php\/wp-json\/wp\/v2\/product"}],"about":[{"href":"https:\/\/infomacrio.com.br\/index.php\/wp-json\/wp\/v2\/types\/product"}],"wp:featuredmedia":[{"embeddable":true,"href":"https:\/\/infomacrio.com.br\/index.php\/wp-json\/wp\/v2\/media\/6727"}],"wp:attachment":[{"href":"https:\/\/infomacrio.com.br\/index.php\/wp-json\/wp\/v2\/media?parent=6728"}],"wp:term":[{"taxonomy":"product_brand","embeddable":true,"href":"https:\/\/infomacrio.com.br\/index.php\/wp-json\/wp\/v2\/product_brand?post=6728"},{"taxonomy":"product_cat","embeddable":true,"href":"https:\/\/infomacrio.com.br\/index.php\/wp-json\/wp\/v2\/product_cat?post=6728"},{"taxonomy":"product_tag","embeddable":true,"href":"https:\/\/infomacrio.com.br\/index.php\/wp-json\/wp\/v2\/product_tag?post=6728"}],"curies":[{"name":"wp","href":"https:\/\/api.w.org\/{rel}","templated":true}]}}