{"id":6721,"date":"2022-11-18T17:37:40","date_gmt":"2022-11-18T20:37:40","guid":{"rendered":"https:\/\/infomacrio.com.br\/index.php\/produto\/mouse-kross-ke-m108-1000dpi\/"},"modified":"2026-04-20T14:40:11","modified_gmt":"2026-04-20T17:40:11","slug":"mouse-kross-ke-m108-1000dpi","status":"publish","type":"product","link":"https:\/\/infomacrio.com.br\/index.php\/produto\/mouse-kross-ke-m108-1000dpi\/","title":{"rendered":"MOUSE KROSS KE-M108 1000DPI"},"content":{"rendered":"<p>Desfrute de um controle sens\u00edvel e suave do cursor, al\u00e9m de um rastreamento preciso e uma f\u00e1cil sele\u00e7\u00e3o de texto, gra\u00e7as ao rastreamento \u00f3ptico de alta defini\u00e7\u00e3o com 1.000 dpi do mouse KE-M108. A instala\u00e7\u00e3o \u00e9 r\u00e1pida e f\u00e1cil. Plug &amp; play. Basta conectar o cabo a uma porta USB e us\u00e1-lo imediatamente.<\/p>\n<p>Especifica\u00e7\u00f5es:<br \/>\n&#8211; Interface: USB<br \/>\n&#8211; Bot\u00f5es: 3 (Esquerdo, direito e scroll)<br \/>\n&#8211; Resolu\u00e7\u00e3o: 1000 dpi<br \/>\n&#8211; Cabo: 135 cm<br \/>\n&#8211; Dimens\u00e3o: 11,00 x 3,50 x 6,50 cm<strong><br \/>\n<\/strong>&#8211; Cor: Preto<\/p>\n","protected":false},"excerpt":{"rendered":"<p>MOUSE KROSS KE-M108 1000DPI<\/p>\n","protected":false},"featured_media":6720,"template":"","meta":{"om_disable_all_campaigns":false,"_monsterinsights_skip_tracking":false,"_monsterinsights_sitenote_active":false,"_monsterinsights_sitenote_note":"","_monsterinsights_sitenote_category":0},"product_brand":[],"product_cat":[296,393,384],"product_tag":[],"class_list":{"0":"post-6721","1":"product","2":"type-product","3":"status-publish","4":"has-post-thumbnail","6":"product_cat-informatica","7":"product_cat-mouse","8":"product_cat-perifericos","9":"thunk-woo-product-list","10":"big-store-woo-hover-zoom","11":"open-single-product-tab-horizontal","12":"open-shadow-","13":"open-shadow-hover-","15":"first","16":"instock","17":"sale","18":"shipping-taxable","19":"purchasable","20":"product-type-simple"},"aioseo_notices":[],"_links":{"self":[{"href":"https:\/\/infomacrio.com.br\/index.php\/wp-json\/wp\/v2\/product\/6721","targetHints":{"allow":["GET"]}}],"collection":[{"href":"https:\/\/infomacrio.com.br\/index.php\/wp-json\/wp\/v2\/product"}],"about":[{"href":"https:\/\/infomacrio.com.br\/index.php\/wp-json\/wp\/v2\/types\/product"}],"wp:featuredmedia":[{"embeddable":true,"href":"https:\/\/infomacrio.com.br\/index.php\/wp-json\/wp\/v2\/media\/6720"}],"wp:attachment":[{"href":"https:\/\/infomacrio.com.br\/index.php\/wp-json\/wp\/v2\/media?parent=6721"}],"wp:term":[{"taxonomy":"product_brand","embeddable":true,"href":"https:\/\/infomacrio.com.br\/index.php\/wp-json\/wp\/v2\/product_brand?post=6721"},{"taxonomy":"product_cat","embeddable":true,"href":"https:\/\/infomacrio.com.br\/index.php\/wp-json\/wp\/v2\/product_cat?post=6721"},{"taxonomy":"product_tag","embeddable":true,"href":"https:\/\/infomacrio.com.br\/index.php\/wp-json\/wp\/v2\/product_tag?post=6721"}],"curies":[{"name":"wp","href":"https:\/\/api.w.org\/{rel}","templated":true}]}}