{"id":6681,"date":"2022-11-18T17:37:18","date_gmt":"2022-11-18T20:37:18","guid":{"rendered":"https:\/\/infomacrio.com.br\/index.php\/produto\/cordao-opt-simplex-sc-apc-sc-upc-2flex-2m\/"},"modified":"2026-04-15T09:18:45","modified_gmt":"2026-04-15T12:18:45","slug":"cordao-opt-simplex-sc-apc-sc-upc-2flex-2m","status":"publish","type":"product","link":"https:\/\/infomacrio.com.br\/index.php\/produto\/cordao-opt-simplex-sc-apc-sc-upc-2flex-2m\/","title":{"rendered":"CORDAO OPTICO SIMPLEX 2M &#8212; SC-APC X SC-UPC"},"content":{"rendered":"<p>Um\u00a0cord\u00e3o \u00f3ptico, ou\u00a0<em data-processed=\"true\">patch cord<\/em>\u00a0de fibra \u00f3ptica,\u00a0\u00e9 um cabo pr\u00e9-conectorizado nas duas pontas, feito de fibras de vidro ou pl\u00e1stico, usado para\u00a0interligar equipamentos\u00a0(switches, roteadores, servidores) em redes de telecomunica\u00e7\u00f5es, transmitindo dados via\u00a0pulsos de luz\u00a0em vez de eletricidade, oferecendo alta velocidade e capacidade para voz, dados e imagem.<span data-animation-atomic=\"\" data-wiz-attrbind=\"class=MFSERb_f\/TKHnVd\" data-processed=\"true\">\u00a0<\/span><\/p>\n","protected":false},"excerpt":{"rendered":"<p>CORDAO OPTICO SIMPLEX 2M &#8212; SC-APC X SC-UPC<\/p>\n","protected":false},"featured_media":10721,"template":"","meta":{"om_disable_all_campaigns":false,"_monsterinsights_skip_tracking":false,"_monsterinsights_sitenote_active":false,"_monsterinsights_sitenote_note":"","_monsterinsights_sitenote_category":0},"product_brand":[],"product_cat":[356,301],"product_tag":[],"class_list":{"0":"post-6681","1":"product","2":"type-product","3":"status-publish","4":"has-post-thumbnail","6":"product_cat-cordao-optico","7":"product_cat-fibra-optica","8":"thunk-woo-product-list","9":"big-store-woo-hover-zoom","10":"open-single-product-tab-horizontal","11":"open-shadow-","12":"open-shadow-hover-","14":"first","15":"instock","16":"sale","17":"shipping-taxable","18":"purchasable","19":"product-type-simple"},"aioseo_notices":[],"_links":{"self":[{"href":"https:\/\/infomacrio.com.br\/index.php\/wp-json\/wp\/v2\/product\/6681","targetHints":{"allow":["GET"]}}],"collection":[{"href":"https:\/\/infomacrio.com.br\/index.php\/wp-json\/wp\/v2\/product"}],"about":[{"href":"https:\/\/infomacrio.com.br\/index.php\/wp-json\/wp\/v2\/types\/product"}],"wp:featuredmedia":[{"embeddable":true,"href":"https:\/\/infomacrio.com.br\/index.php\/wp-json\/wp\/v2\/media\/10721"}],"wp:attachment":[{"href":"https:\/\/infomacrio.com.br\/index.php\/wp-json\/wp\/v2\/media?parent=6681"}],"wp:term":[{"taxonomy":"product_brand","embeddable":true,"href":"https:\/\/infomacrio.com.br\/index.php\/wp-json\/wp\/v2\/product_brand?post=6681"},{"taxonomy":"product_cat","embeddable":true,"href":"https:\/\/infomacrio.com.br\/index.php\/wp-json\/wp\/v2\/product_cat?post=6681"},{"taxonomy":"product_tag","embeddable":true,"href":"https:\/\/infomacrio.com.br\/index.php\/wp-json\/wp\/v2\/product_tag?post=6681"}],"curies":[{"name":"wp","href":"https:\/\/api.w.org\/{rel}","templated":true}]}}