{"id":6673,"date":"2022-11-18T17:37:14","date_gmt":"2022-11-18T20:37:14","guid":{"rendered":"https:\/\/infomacrio.com.br\/index.php\/produto\/cx-som-c3tech-sp-303bk-par-usb\/"},"modified":"2026-03-30T12:10:45","modified_gmt":"2026-03-30T15:10:45","slug":"cx-som-c3tech-sp-303bk-par-usb","status":"publish","type":"product","link":"https:\/\/infomacrio.com.br\/index.php\/produto\/cx-som-c3tech-sp-303bk-par-usb\/","title":{"rendered":"CX SOM C3TECH SP-303BK\/SP-30BK PAR USB"},"content":{"rendered":"<p>A Caixa de Som C3Tech SP-303BK \u00e9 o modelo ideal para quem n\u00e3o abre m\u00e3o de qualidade em suas musicas e procura por um produto com design moderno, leve e portatil, a speaker SP-301 da C3Tech e perfeita para voc\u00ea! Com alimenta\u00e7\u00e3o via porta USB e ideal para uso em computadores e notebooks.<\/p>\n<p>-Desenvolvido para Notebook e Desktops.<br \/>\n&#8211; Mini Speaker.<br \/>\n&#8211; Sistema de \u00c1udio 2.0.<br \/>\n&#8211; Blindagem eletromagn\u00e9tica.<br \/>\n&#8211; Ajuste de Volume no cabo.<br \/>\n&#8211; Conex\u00e3o \u00c1udio P2 3,5mm.<br \/>\n&#8211; Alimenta\u00e7\u00e3o via USB.<br \/>\n&#8211; Voltagem USB 5VDC \u00b110%.<br \/>\n&#8211; Corrente 100mA (Max).<\/p>\n<p>Modelo:\u00a0SP-303BK<\/p>\n<p>Alimenta\u00e7\u00e3o:\u00a0USB<\/p>\n<p>Cabo:\u00a01,35m<\/p>\n<p>Conector:\u00a0P2 3,5mm<\/p>\n<p>Cor:\u00a0Preta<\/p>\n<p>Dimens\u00f5es:\u00a078x78x75mm<\/p>\n<p>Imped\u00e2ncia:\u00a040 Ohms<\/p>\n<p>Marca:\u00a0C3TECH<\/p>\n<p>Peso:\u00a0220g<\/p>\n<p>Pot\u00eancia:\u00a03W<\/p>\n<p>&nbsp;<\/p>\n<p>Informa\u00e7\u00e3o adicional:<\/p>\n<p>. Material: Pl\u00e1stico ABS.<br \/>\n\u2022 Sistema de \u00c1udio: 2.0.<br \/>\n\u2022 Temperatura de trabalho: 0g &#8211; 45g.<br \/>\n\u2022 Umidade do ar: 45% &#8211; 90%.<br \/>\n\u2022 Frequ\u00eancia 20 Hz &#8211; 16 KHz.<br \/>\n\u2022 Distor\u00e7\u00e3o: = 0.5% 1W 1KHz.<br \/>\n\u2022 Certifica\u00e7\u00f5es: CE, FCC.<br \/>\n\u2022 Voltagem: USB 5VDC \u00b110%.<br \/>\n\u2022 Corrente: 100mA (Max).<\/p>\n","protected":false},"excerpt":{"rendered":"<p>CX SOM C3TECH SP-303BK\/SP-30BK PAR USB<\/p>\n","protected":false},"featured_media":6672,"template":"","meta":{"om_disable_all_campaigns":false,"_monsterinsights_skip_tracking":false,"_monsterinsights_sitenote_active":false,"_monsterinsights_sitenote_note":"","_monsterinsights_sitenote_category":0},"product_brand":[],"product_cat":[337,296,336],"product_tag":[],"class_list":{"0":"post-6673","1":"product","2":"type-product","3":"status-publish","4":"has-post-thumbnail","6":"product_cat-caixa-de-som","7":"product_cat-informatica","8":"product_cat-som","9":"thunk-woo-product-list","10":"big-store-woo-hover-zoom","11":"open-single-product-tab-horizontal","12":"open-shadow-","13":"open-shadow-hover-","15":"first","16":"instock","17":"sale","18":"shipping-taxable","19":"purchasable","20":"product-type-simple"},"aioseo_notices":[],"_links":{"self":[{"href":"https:\/\/infomacrio.com.br\/index.php\/wp-json\/wp\/v2\/product\/6673","targetHints":{"allow":["GET"]}}],"collection":[{"href":"https:\/\/infomacrio.com.br\/index.php\/wp-json\/wp\/v2\/product"}],"about":[{"href":"https:\/\/infomacrio.com.br\/index.php\/wp-json\/wp\/v2\/types\/product"}],"wp:featuredmedia":[{"embeddable":true,"href":"https:\/\/infomacrio.com.br\/index.php\/wp-json\/wp\/v2\/media\/6672"}],"wp:attachment":[{"href":"https:\/\/infomacrio.com.br\/index.php\/wp-json\/wp\/v2\/media?parent=6673"}],"wp:term":[{"taxonomy":"product_brand","embeddable":true,"href":"https:\/\/infomacrio.com.br\/index.php\/wp-json\/wp\/v2\/product_brand?post=6673"},{"taxonomy":"product_cat","embeddable":true,"href":"https:\/\/infomacrio.com.br\/index.php\/wp-json\/wp\/v2\/product_cat?post=6673"},{"taxonomy":"product_tag","embeddable":true,"href":"https:\/\/infomacrio.com.br\/index.php\/wp-json\/wp\/v2\/product_tag?post=6673"}],"curies":[{"name":"wp","href":"https:\/\/api.w.org\/{rel}","templated":true}]}}