{"id":6590,"date":"2022-11-18T17:36:28","date_gmt":"2022-11-18T20:36:28","guid":{"rendered":"https:\/\/infomacrio.com.br\/index.php\/produto\/adaptador-usb-wireless-2flex-2f-w500-n-ultra\/"},"modified":"2025-08-08T08:05:50","modified_gmt":"2025-08-08T11:05:50","slug":"adaptador-usb-wireless-2flex-2f-w500-n-ultra","status":"publish","type":"product","link":"https:\/\/infomacrio.com.br\/index.php\/produto\/adaptador-usb-wireless-2flex-2f-w500-n-ultra\/","title":{"rendered":"ADAPTADOR USB WIRELESS 2FLEX 2F-W500-N ULTRA"},"content":{"rendered":"<p>O Adaptador Wireless USB 2F-W500-N tem alta performance, uma combina\u00e7\u00e3o perfeita de desempenho e solu\u00e7\u00f5es de baixo custo e testado com alto padr\u00e3o t\u00e9cnico.<\/p>\n<p>Especifica\u00e7\u00f5es t\u00e9cnicas<\/p>\n<ul>\n<li>Interface: USB 2.0 e 1.1;<\/li>\n<li>USB taxa de transfer\u00eancia: USB de alta performance de at\u00e9 150Mbps;<\/li>\n<li>WAN interface: Multi caracter\u00edsticas, recursos e compat\u00edvel com IEEE 802.11 b\/g\/n;<\/li>\n<li>Taxa de conex\u00e3o: 802.11n: 150, 135, 121.5, 108.81, 81, 54, 40.5, 27, 13.5Mbps, 130, 117, 104, 78, 52, 39, 26, 13 Mbps, 72, 65, 58.5, 52, 39, 26, 19.5, 13, 6.5Mbps;<br \/>\n802.11g: 54, 48, 36, 24, 18, 12.9, 6Mbps \u2013 802.11b: 11.5, 5.5, 2 e 1Mbps com auto-rate fall back;<\/li>\n<li>Frequ\u00eancia da Banda: 2.4~2.497 Ghz;<\/li>\n<li>Canais: 1~11;<\/li>\n<li>Alcance interno: 100m \u00e1rea livre de obst\u00e1culos \/ Externo: 200m;<\/li>\n<li>Seguran\u00e7a: Base IEEE 802.11 i codifica\u00e7\u00e3o\/decodifica\u00e7\u00e3o inclu\u00edndo WEP 64\/128bits, TKIPe AES;<\/li>\n<li>Antena: 5dBi;<\/li>\n<li>LED (Verde\/Vermelho):<br \/>\nOn: Link ativo;<br \/>\nPiscando: Dados sendo transferidos;<br \/>\nPiscando lento 5 vezes: Procurando conex\u00e3o WiFi.<\/li>\n<li>Wake-on-Lan: sistema modo LAN (Acess Point) ativo;<\/li>\n<li>Sistemas suportados: Windows 8\/7\/Vista\/XP\/2000\/98\/ME \u2013 32 e 64bits, MacOS e Linux.<\/li>\n<\/ul>\n<p>&nbsp;<\/p>\n","protected":false},"excerpt":{"rendered":"<p>ADAPTADOR USB WIRELESS 2FLEX 2F-W500-N ULTRA<\/p>\n","protected":false},"featured_media":6589,"template":"","meta":{"om_disable_all_campaigns":false,"_monsterinsights_skip_tracking":false,"_monsterinsights_sitenote_active":false,"_monsterinsights_sitenote_note":"","_monsterinsights_sitenote_category":0},"product_brand":[],"product_cat":[310,294],"product_tag":[],"class_list":{"0":"post-6590","1":"product","2":"type-product","3":"status-publish","4":"has-post-thumbnail","6":"product_cat-adaptador-usb-wireless","7":"product_cat-wireless","8":"thunk-woo-product-list","9":"big-store-woo-hover-zoom","10":"open-single-product-tab-horizontal","11":"open-shadow-","12":"open-shadow-hover-","14":"first","15":"instock","16":"sale","17":"shipping-taxable","18":"purchasable","19":"product-type-simple"},"aioseo_notices":[],"_links":{"self":[{"href":"https:\/\/infomacrio.com.br\/index.php\/wp-json\/wp\/v2\/product\/6590","targetHints":{"allow":["GET"]}}],"collection":[{"href":"https:\/\/infomacrio.com.br\/index.php\/wp-json\/wp\/v2\/product"}],"about":[{"href":"https:\/\/infomacrio.com.br\/index.php\/wp-json\/wp\/v2\/types\/product"}],"wp:featuredmedia":[{"embeddable":true,"href":"https:\/\/infomacrio.com.br\/index.php\/wp-json\/wp\/v2\/media\/6589"}],"wp:attachment":[{"href":"https:\/\/infomacrio.com.br\/index.php\/wp-json\/wp\/v2\/media?parent=6590"}],"wp:term":[{"taxonomy":"product_brand","embeddable":true,"href":"https:\/\/infomacrio.com.br\/index.php\/wp-json\/wp\/v2\/product_brand?post=6590"},{"taxonomy":"product_cat","embeddable":true,"href":"https:\/\/infomacrio.com.br\/index.php\/wp-json\/wp\/v2\/product_cat?post=6590"},{"taxonomy":"product_tag","embeddable":true,"href":"https:\/\/infomacrio.com.br\/index.php\/wp-json\/wp\/v2\/product_tag?post=6590"}],"curies":[{"name":"wp","href":"https:\/\/api.w.org\/{rel}","templated":true}]}}