{"id":6580,"date":"2022-11-18T17:36:22","date_gmt":"2022-11-18T20:36:22","guid":{"rendered":"https:\/\/infomacrio.com.br\/index.php\/produto\/adaptador-usb-wireless-tp-link-t2u-ac600\/"},"modified":"2026-04-10T17:21:06","modified_gmt":"2026-04-10T20:21:06","slug":"adaptador-usb-wireless-tp-link-t2u-ac600","status":"publish","type":"product","link":"https:\/\/infomacrio.com.br\/index.php\/produto\/adaptador-usb-wireless-tp-link-t2u-ac600\/","title":{"rendered":"ADAPTADOR USB WIRELESS TP-LINK T2U AC600"},"content":{"rendered":"<p>WiFi de alta velocidade &#8211; Velocidades de at\u00e9 600Mbps com 200Mbps em 2,4GHz e 433 Mbps em 5GHz, atualiza seu computador para velocidades mais altas com WiFi AC.<\/p>\n<p>Dual Band Wireless &#8211; banda de 2,4 GHz e 5 GHz para conectividade flex\u00edvel, atualiza seu computador para trabalhar com os mais recentes roteadores WiFi dual-band para velocidade mais r\u00e1pida e longo alcance.<\/p>\n<p>Design nano &#8211; O design pequeno e discreto permite que voc\u00ea o conecte e esque\u00e7a que at\u00e9 existe<\/p>\n<p>Sistema Operacional &#8211; Suporta Windows 10 \/ 8.1 \/ 8\/7 \/ XP, Mac OS X<\/p>\n<p>Seguran\u00e7a Avan\u00e7ada &#8211; Suporta padr\u00f5es de criptografia WEP de 64\/128 bits, WPA \/ WPA2 e WPA-PSK \/ WPA2-PSK<\/p>\n","protected":false},"excerpt":{"rendered":"<p>ADAPTADOR USB WIRELESS TP-LINK T2U AC600<\/p>\n","protected":false},"featured_media":6579,"template":"","meta":{"om_disable_all_campaigns":false,"_monsterinsights_skip_tracking":false,"_monsterinsights_sitenote_active":false,"_monsterinsights_sitenote_note":"","_monsterinsights_sitenote_category":0},"product_brand":[],"product_cat":[310,294],"product_tag":[],"class_list":{"0":"post-6580","1":"product","2":"type-product","3":"status-publish","4":"has-post-thumbnail","6":"product_cat-adaptador-usb-wireless","7":"product_cat-wireless","8":"thunk-woo-product-list","9":"big-store-woo-hover-zoom","10":"open-single-product-tab-horizontal","11":"open-shadow-","12":"open-shadow-hover-","14":"first","15":"instock","16":"sale","17":"shipping-taxable","18":"purchasable","19":"product-type-simple"},"aioseo_notices":[],"_links":{"self":[{"href":"https:\/\/infomacrio.com.br\/index.php\/wp-json\/wp\/v2\/product\/6580","targetHints":{"allow":["GET"]}}],"collection":[{"href":"https:\/\/infomacrio.com.br\/index.php\/wp-json\/wp\/v2\/product"}],"about":[{"href":"https:\/\/infomacrio.com.br\/index.php\/wp-json\/wp\/v2\/types\/product"}],"wp:featuredmedia":[{"embeddable":true,"href":"https:\/\/infomacrio.com.br\/index.php\/wp-json\/wp\/v2\/media\/6579"}],"wp:attachment":[{"href":"https:\/\/infomacrio.com.br\/index.php\/wp-json\/wp\/v2\/media?parent=6580"}],"wp:term":[{"taxonomy":"product_brand","embeddable":true,"href":"https:\/\/infomacrio.com.br\/index.php\/wp-json\/wp\/v2\/product_brand?post=6580"},{"taxonomy":"product_cat","embeddable":true,"href":"https:\/\/infomacrio.com.br\/index.php\/wp-json\/wp\/v2\/product_cat?post=6580"},{"taxonomy":"product_tag","embeddable":true,"href":"https:\/\/infomacrio.com.br\/index.php\/wp-json\/wp\/v2\/product_tag?post=6580"}],"curies":[{"name":"wp","href":"https:\/\/api.w.org\/{rel}","templated":true}]}}