{"id":11148,"date":"2026-03-18T12:09:12","date_gmt":"2026-03-18T15:09:12","guid":{"rendered":"https:\/\/infomacrio.com.br\/index.php\/produto\/olt-v-sol-gpon-16-portas-v1600g2-b\/"},"modified":"2026-05-06T14:55:17","modified_gmt":"2026-05-06T17:55:17","slug":"olt-v-sol-gpon-16-portas-v1600g2-b","status":"publish","type":"product","link":"https:\/\/infomacrio.com.br\/index.php\/produto\/olt-v-sol-gpon-16-portas-v1600g2-b\/","title":{"rendered":"OLT V-SOL GPON 16 PORTAS V1600G2-B"},"content":{"rendered":"<p>O modelo V1600G2-B da V-SOL \u00e9 uma OLT GPON que conta com Chipset Broadcom, design compacto e atende a v\u00e1rios cen\u00e1rios de aplica\u00e7\u00e3o.<\/p>\n<p>O equipamento conta com prote\u00e7\u00e3o de seguran\u00e7a de classe de operadora, fun\u00e7\u00e3o de gerenciamento SNMP, Telnet, CLI, WEB, SSH v2 e possui monitoramento do status da porta de gerenciamento e de configura\u00e7\u00e3o, com configura\u00e7\u00e3o e gerenciamento dos dispositivos on-line, gerenciamento de usu\u00e1rios e de alarmes.<\/p>\n<p>A OLT tem suporte VLAN tag \/ Un-tag, VLAN transmiss\u00e3o transparente e tradu\u00e7\u00e3o de VLAN e QinQ, com fun\u00e7\u00f5es de GPON de DBA Tcont e tr\u00e1fego Gemport em conformidade com o padr\u00e3o ITU-T984.x<\/p>\n<p>\u2022 Tecnologia GPON<br \/>\u2022 Chipset Broadcom<br \/>\u2022 At\u00e9 2.048 usu\u00e1rios<br \/>\u2022 16 Portas SFP (DOWNLINK)<br \/>\u2022 4 Portas SFP GE \/ SFP  10 GE (UPLINK)<br \/>\u2022 4 Portas LAN Gigabit \/ AUX<br \/>\u2022 2 Portas USB<br \/>\u2022 1 Fonte AC<br \/>\u2022 Formato 1U<br \/>\u2022 Gerenciamento via CLI ou WEB<\/p>\n","protected":false},"excerpt":{"rendered":"<p>OLT V-SOL GPON 16 PORTAS V1600G2-B<\/p>\n","protected":false},"featured_media":11149,"template":"","meta":{"om_disable_all_campaigns":false,"_monsterinsights_skip_tracking":false,"_monsterinsights_sitenote_active":false,"_monsterinsights_sitenote_note":"","_monsterinsights_sitenote_category":0},"product_brand":[],"product_cat":[301,437],"product_tag":[],"class_list":{"0":"post-11148","1":"product","2":"type-product","3":"status-publish","4":"has-post-thumbnail","6":"product_cat-fibra-optica","7":"product_cat-olt","8":"thunk-woo-product-list","9":"big-store-woo-hover-zoom","10":"open-single-product-tab-horizontal","11":"open-shadow-","12":"open-shadow-hover-","14":"first","15":"instock","16":"sale","17":"shipping-taxable","18":"purchasable","19":"product-type-simple"},"aioseo_notices":[],"_links":{"self":[{"href":"https:\/\/infomacrio.com.br\/index.php\/wp-json\/wp\/v2\/product\/11148","targetHints":{"allow":["GET"]}}],"collection":[{"href":"https:\/\/infomacrio.com.br\/index.php\/wp-json\/wp\/v2\/product"}],"about":[{"href":"https:\/\/infomacrio.com.br\/index.php\/wp-json\/wp\/v2\/types\/product"}],"wp:featuredmedia":[{"embeddable":true,"href":"https:\/\/infomacrio.com.br\/index.php\/wp-json\/wp\/v2\/media\/11149"}],"wp:attachment":[{"href":"https:\/\/infomacrio.com.br\/index.php\/wp-json\/wp\/v2\/media?parent=11148"}],"wp:term":[{"taxonomy":"product_brand","embeddable":true,"href":"https:\/\/infomacrio.com.br\/index.php\/wp-json\/wp\/v2\/product_brand?post=11148"},{"taxonomy":"product_cat","embeddable":true,"href":"https:\/\/infomacrio.com.br\/index.php\/wp-json\/wp\/v2\/product_cat?post=11148"},{"taxonomy":"product_tag","embeddable":true,"href":"https:\/\/infomacrio.com.br\/index.php\/wp-json\/wp\/v2\/product_tag?post=11148"}],"curies":[{"name":"wp","href":"https:\/\/api.w.org\/{rel}","templated":true}]}}