{"id":11112,"date":"2026-02-27T16:12:55","date_gmt":"2026-02-27T19:12:55","guid":{"rendered":"https:\/\/infomacrio.com.br\/index.php\/produto\/conector-optico-2flex-one-click-apc\/"},"modified":"2026-04-15T10:18:41","modified_gmt":"2026-04-15T13:18:41","slug":"conector-optico-2flex-one-click-apc","status":"publish","type":"product","link":"https:\/\/infomacrio.com.br\/index.php\/produto\/conector-optico-2flex-one-click-apc\/","title":{"rendered":"CONECTOR OPTICO 2FLEX ONE CLICK APC"},"content":{"rendered":"<p>O Conector \u00d3ptico ONE CLICK SC\/APC foi desenvolvido para ser utilizado em campo em cabos Drop Flat (Low Friction) de at\u00e9 3 mm e\/ou Cord\u00f5es \u00d3pticos de 2 a 3 mm em redes FTTH. De f\u00e1cil montagem, n\u00e3o exige nenhuma ferramenta especial, al\u00e9m de ferramentas normais para prepara\u00e7\u00e3o da fibra \u00f3ptica (decapador do cabo, decapador da fibra, guia de clivagem, clivador e componentes de limpeza). Foi projetado para uma termina\u00e7\u00e3o mec\u00e2nica simples e r\u00e1pida em campo, sendo poss\u00edvel a reutiliza\u00e7\u00e3o sem perda de suas caracter\u00edsticas.<\/p>\n<p><strong>Caracter\u00edsticas T\u00e9cnicas:<\/strong><\/p>\n<ul>\n<li>Conector reutiliz\u00e1vel sem perda de caracter\u00edsticas;<\/li>\n<li>Pr\u00e9-polimento APC;<\/li>\n<li>Montagem simples e r\u00e1pida;<\/li>\n<li>Tempo de instala\u00e7\u00e3o inferior 3 min;<\/li>\n<li>Baixa Perda de inser\u00e7\u00e3o \u2264 0.3dB;<\/li>\n<li>Perda do retorno: \u2265 \u2013 40dB;<\/li>\n<li>Taxa de reflex\u00e3o: \u2265 45 ~ 53dB;<\/li>\n<li>Temperatura de Opera\u00e7\u00e3o: \u2013 40 ~ +75\u00b0C.<\/li>\n<\/ul>\n","protected":false},"excerpt":{"rendered":"<p>CONECTOR OPTICO 2FLEX ONE CLICK APC<\/p>\n","protected":false},"featured_media":11115,"template":"","meta":{"om_disable_all_campaigns":false,"_monsterinsights_skip_tracking":false,"_monsterinsights_sitenote_active":false,"_monsterinsights_sitenote_note":"","_monsterinsights_sitenote_category":0},"product_brand":[],"product_cat":[317,316,301],"product_tag":[],"class_list":{"0":"post-11112","1":"product","2":"type-product","3":"status-publish","4":"has-post-thumbnail","6":"product_cat-apc","7":"product_cat-conector-optico","8":"product_cat-fibra-optica","9":"thunk-woo-product-list","10":"big-store-woo-hover-zoom","11":"open-single-product-tab-horizontal","12":"open-shadow-","13":"open-shadow-hover-","15":"first","16":"instock","17":"sale","18":"shipping-taxable","19":"purchasable","20":"product-type-simple"},"aioseo_notices":[],"_links":{"self":[{"href":"https:\/\/infomacrio.com.br\/index.php\/wp-json\/wp\/v2\/product\/11112","targetHints":{"allow":["GET"]}}],"collection":[{"href":"https:\/\/infomacrio.com.br\/index.php\/wp-json\/wp\/v2\/product"}],"about":[{"href":"https:\/\/infomacrio.com.br\/index.php\/wp-json\/wp\/v2\/types\/product"}],"wp:featuredmedia":[{"embeddable":true,"href":"https:\/\/infomacrio.com.br\/index.php\/wp-json\/wp\/v2\/media\/11115"}],"wp:attachment":[{"href":"https:\/\/infomacrio.com.br\/index.php\/wp-json\/wp\/v2\/media?parent=11112"}],"wp:term":[{"taxonomy":"product_brand","embeddable":true,"href":"https:\/\/infomacrio.com.br\/index.php\/wp-json\/wp\/v2\/product_brand?post=11112"},{"taxonomy":"product_cat","embeddable":true,"href":"https:\/\/infomacrio.com.br\/index.php\/wp-json\/wp\/v2\/product_cat?post=11112"},{"taxonomy":"product_tag","embeddable":true,"href":"https:\/\/infomacrio.com.br\/index.php\/wp-json\/wp\/v2\/product_tag?post=11112"}],"curies":[{"name":"wp","href":"https:\/\/api.w.org\/{rel}","templated":true}]}}