{"id":11075,"date":"2026-02-10T11:52:04","date_gmt":"2026-02-10T14:52:04","guid":{"rendered":"https:\/\/infomacrio.com.br\/index.php\/produto\/escada-wbertolo-6m-eafv19\/"},"modified":"2026-05-06T14:39:15","modified_gmt":"2026-05-06T17:39:15","slug":"escada-wbertolo-6m-eafv19","status":"publish","type":"product","link":"https:\/\/infomacrio.com.br\/index.php\/produto\/escada-wbertolo-6m-eafv19\/","title":{"rendered":"ESCADA WBERTOLO 6M EAFV19"},"content":{"rendered":"<p>\u2022 Escada padr\u00e3o das empresas de telefonia e<br \/>\neletricidade<br \/>\n\u2022 Perfil &#8220;U&#8221;, n\u00e3o possibilita manuten\u00e7\u00e3o<br \/>\n\u2022 N\u00e3o conduz eletricidade<br \/>\n\u2022 \u00d3tima resist\u00eancia a corros\u00e3o qu\u00edmica<br \/>\n\u2022 N\u00e3o enferruja<br \/>\n\u2022 Equipada com corda e roldana para aumentar a altura extensiva da<br \/>\nescada<br \/>\n\u2022 Base anti-deslizante emborrachada<br \/>\n\u2022 Degrau tipo &#8220;D&#8221;<br \/>\n\u2022 Carga m\u00e1xima de trabalho: 120Kg<\/p>\n<p><b>\u2022 Dimens\u00f5es:<\/b><br \/>\n&#8211; Aberta: 6,00 metros<br \/>\n&#8211; Fechada: 3,60 metros<\/p>\n<p>&nbsp;<\/p>\n<p>&nbsp;<\/p>\n<p>&nbsp;<\/p>\n<p>&nbsp;<\/p>\n<p>&nbsp;<\/p>\n<p>&nbsp;<\/p>\n","protected":false},"excerpt":{"rendered":"<p>ESCADA WBERTOLO 6M EAFV19<\/p>\n","protected":false},"featured_media":11081,"template":"","meta":{"om_disable_all_campaigns":false,"_monsterinsights_skip_tracking":false,"_monsterinsights_sitenote_active":false,"_monsterinsights_sitenote_note":"","_monsterinsights_sitenote_category":0},"product_brand":[],"product_cat":[313,408],"product_tag":[],"class_list":{"0":"post-11075","1":"product","2":"type-product","3":"status-publish","4":"has-post-thumbnail","6":"product_cat-ferramentas","7":"product_cat-para-diversos","8":"thunk-woo-product-list","9":"big-store-woo-hover-zoom","10":"open-single-product-tab-horizontal","11":"open-shadow-","12":"open-shadow-hover-","14":"first","15":"instock","16":"sale","17":"shipping-taxable","18":"purchasable","19":"product-type-simple"},"aioseo_notices":[],"_links":{"self":[{"href":"https:\/\/infomacrio.com.br\/index.php\/wp-json\/wp\/v2\/product\/11075","targetHints":{"allow":["GET"]}}],"collection":[{"href":"https:\/\/infomacrio.com.br\/index.php\/wp-json\/wp\/v2\/product"}],"about":[{"href":"https:\/\/infomacrio.com.br\/index.php\/wp-json\/wp\/v2\/types\/product"}],"wp:featuredmedia":[{"embeddable":true,"href":"https:\/\/infomacrio.com.br\/index.php\/wp-json\/wp\/v2\/media\/11081"}],"wp:attachment":[{"href":"https:\/\/infomacrio.com.br\/index.php\/wp-json\/wp\/v2\/media?parent=11075"}],"wp:term":[{"taxonomy":"product_brand","embeddable":true,"href":"https:\/\/infomacrio.com.br\/index.php\/wp-json\/wp\/v2\/product_brand?post=11075"},{"taxonomy":"product_cat","embeddable":true,"href":"https:\/\/infomacrio.com.br\/index.php\/wp-json\/wp\/v2\/product_cat?post=11075"},{"taxonomy":"product_tag","embeddable":true,"href":"https:\/\/infomacrio.com.br\/index.php\/wp-json\/wp\/v2\/product_tag?post=11075"}],"curies":[{"name":"wp","href":"https:\/\/api.w.org\/{rel}","templated":true}]}}