{"id":11072,"date":"2026-02-10T11:32:05","date_gmt":"2026-02-10T14:32:05","guid":{"rendered":"https:\/\/infomacrio.com.br\/index.php\/produto\/mouse-c3tech-gamer-mg-400bk-rumble\/"},"modified":"2026-03-18T15:33:12","modified_gmt":"2026-03-18T18:33:12","slug":"mouse-c3tech-gamer-mg-400bk-rumble","status":"publish","type":"product","link":"https:\/\/infomacrio.com.br\/index.php\/produto\/mouse-c3tech-gamer-mg-400bk-rumble\/","title":{"rendered":"MOUSE C3TECH GAMER MG-400BK RUMBLE"},"content":{"rendered":"<p>Rumble \u00e9 o showman perfeito que voce nao sabia que precisava. Cada detalhe deste mouse foi minuciosamente pensado: sensor preciso e confiavel, botoes estrategicamente posicionados, acabamento em borracha da mais alta qualidade, curvatura diferenciada para proporcionar maior conforto. Ainda conta com software de configuracao, suporte a macros e diferentes modos de iluminacao. Rumble nao e mais um mouse, ele faz o jogo bonito!<\/p>\n<p>ESPECIFICA\u00c7\u00d5ES GERAIS:<br \/>\nDimens\u00e3o: 125*72*41 mm<br \/>\nPeso: 143 g<br \/>\nConex\u00e3o: USB 1.1\/2.0<br \/>\nDPI M\u00e1ximo: 6400<br \/>\nPossui Ajuste de DPI: Sim<br \/>\nOp\u00e7\u00f5es de DPI: 800-1600-2400-3200-4800-6400<br \/>\nTipo de Sensor: \u00d3ptico<br \/>\nModelo de Sensor: Sunplus 6651<br \/>\nQtde Bot\u00f5es: 8<br \/>\nPossui Scroll: Sim<br \/>\nPossui Bot\u00e3o em Scroll: Sim<br \/>\nPossui Bot\u00e3o Lateral: Sim<br \/>\nPossui Ilumina\u00e7\u00e3o Sim<br \/>\nTipo de Ilumina\u00e7\u00e3: RGB<br \/>\nComprimento de Cabo: 150 cm<br \/>\nRevestimento de Cabo: Nylon<br \/>\nErgon\u00f4mico: Sim<br \/>\nAmbidestro: N\u00e3o<br \/>\nPlug and Play: Sim<br \/>\nCompatibilidade: Windows 7\/8\/10, MacOS<\/p>\n<p>CARACTER\u00cdSTICAS GAMING:<br \/>\nPossui Software: Sim<br \/>\nPossui Macro: Sim<br \/>\nPossui Ilumina\u00e7\u00e3o: Sim<br \/>\nTipo de Ilumina\u00e7\u00e3o: RGB<br \/>\nAcelera\u00e7\u00e3o: 22g<br \/>\nTaxa de Frequ\u00eancia (Polling Rate)<br \/>\nTempo de Resposta:<\/p>\n<p>CARACTER\u00cdSTICAS EL\u00c9TRICAS:<br \/>\nTens\u00e3o de Opera\u00e7\u00e3o: DC 5V<br \/>\nCorrente de Opera\u00e7\u00e3o<br \/>\nAlimenta\u00e7\u00e3o: USB<\/p>\n<p>CARACTER\u00cdSTICAS MEC\u00c2NICAS E DURABILIDADE:<br \/>\nFor\u00e7a de Acionamento &#8211; Bot\u00f5es Principais: 70 \u00b1 20gf<br \/>\nFor\u00e7a de Acionamento &#8211; Bot\u00f5es Laterais: 70 \u00b1 20gf<br \/>\nFor\u00e7a de Acionamento &#8211; Bot\u00e3o Scroll: 70 \u00b1 20gf<br \/>\nFor\u00e7a de Acionamento &#8211; Scroll: 30 \u00b1 10gf<br \/>\nTempo de Vida &#8211; Bot\u00f5es Principais: 5 milh\u00f5es de cliques<br \/>\nTempo de Vida &#8211; Bot\u00f5es Laterais: 3 milh\u00f5es de cliques<br \/>\nTempo de Vida &#8211; Bot\u00e3o Scroll: 3 milh\u00f5es de cliques<br \/>\nTempo de Vida &#8211; Scroll: 100 mil voltas<br \/>\nTemperatura Ambiente para Opera\u00e7\u00e3o: 0\u00b0C a 45\u00b0C<br \/>\nUmidade Ambiente para Opera\u00e7\u00e3o: 20% a 90% RH<\/p>\n","protected":false},"excerpt":{"rendered":"<p>MOUSE C3TECH GAMER MG-400BK RUMBLE<\/p>\n","protected":false},"featured_media":11079,"template":"","meta":{"om_disable_all_campaigns":false,"_monsterinsights_skip_tracking":false,"_monsterinsights_sitenote_active":false,"_monsterinsights_sitenote_note":"","_monsterinsights_sitenote_category":0},"product_brand":[],"product_cat":[296,393,384],"product_tag":[],"class_list":{"0":"post-11072","1":"product","2":"type-product","3":"status-publish","4":"has-post-thumbnail","6":"product_cat-informatica","7":"product_cat-mouse","8":"product_cat-perifericos","9":"thunk-woo-product-list","10":"big-store-woo-hover-zoom","11":"open-single-product-tab-horizontal","12":"open-shadow-","13":"open-shadow-hover-","15":"first","16":"instock","17":"sale","18":"shipping-taxable","19":"purchasable","20":"product-type-simple"},"aioseo_notices":[],"_links":{"self":[{"href":"https:\/\/infomacrio.com.br\/index.php\/wp-json\/wp\/v2\/product\/11072","targetHints":{"allow":["GET"]}}],"collection":[{"href":"https:\/\/infomacrio.com.br\/index.php\/wp-json\/wp\/v2\/product"}],"about":[{"href":"https:\/\/infomacrio.com.br\/index.php\/wp-json\/wp\/v2\/types\/product"}],"wp:featuredmedia":[{"embeddable":true,"href":"https:\/\/infomacrio.com.br\/index.php\/wp-json\/wp\/v2\/media\/11079"}],"wp:attachment":[{"href":"https:\/\/infomacrio.com.br\/index.php\/wp-json\/wp\/v2\/media?parent=11072"}],"wp:term":[{"taxonomy":"product_brand","embeddable":true,"href":"https:\/\/infomacrio.com.br\/index.php\/wp-json\/wp\/v2\/product_brand?post=11072"},{"taxonomy":"product_cat","embeddable":true,"href":"https:\/\/infomacrio.com.br\/index.php\/wp-json\/wp\/v2\/product_cat?post=11072"},{"taxonomy":"product_tag","embeddable":true,"href":"https:\/\/infomacrio.com.br\/index.php\/wp-json\/wp\/v2\/product_tag?post=11072"}],"curies":[{"name":"wp","href":"https:\/\/api.w.org\/{rel}","templated":true}]}}