{"id":11070,"date":"2026-02-10T11:12:04","date_gmt":"2026-02-10T14:12:04","guid":{"rendered":"https:\/\/infomacrio.com.br\/index.php\/produto\/fonte-real-c3tech-850w-ps-g850-80-plus\/"},"modified":"2026-03-25T12:20:23","modified_gmt":"2026-03-25T15:20:23","slug":"fonte-real-c3tech-850w-ps-g850-80-plus","status":"publish","type":"product","link":"https:\/\/infomacrio.com.br\/index.php\/produto\/fonte-real-c3tech-850w-ps-g850-80-plus\/","title":{"rendered":"FONTE REAL C3TECH 850W PS-G850  80+ PLUS"},"content":{"rendered":"<p>Apresentamos a Fonte ATX 850W Bronze da C3Tech, dando continuidade a linha de fontes de alimenta\u00e7\u00e3o confi\u00e1veis, de alto desempenho e acess\u00edveis. PS-G850 consome menos energia e entrega maior efici\u00eancia gra\u00e7as ao poder do Bronze, influenciando diretamente no desempenho da sua m\u00e1quina. Preparada para os mais exigentes, o design full modular suporta diversas formas de conex\u00e3o, use apenas os conectores que precisam ser usados simplificando a constru\u00e7\u00e3o geral do seu sistema. Com conex\u00e3o PCI Express 5.0 para impulsionar seu desempenho e ter uma opera\u00e7\u00e3o confi\u00e1vel de longo prazo.<\/p>\n<p>MENOR CONSUMO DE ENERGIA E MAIOR EFICI\u00caNCIA<\/p>\n<p>Pot\u00eancia Real 850W<br \/>\nCertifica\u00e7\u00e3o 80PLUS Bronze<br \/>\nCom PFC Ativo<\/p>\n<p>DESIGN FULL MODULAR<\/p>\n<p>Formas de conex\u00f5es vers\u00e1teis de acordo com seu uso<br \/>\nCabo Modular flat preto que facilita a organiza\u00e7\u00e3o<br \/>\nConex\u00e3o PCI Express 5.0<\/p>\n<p>OPERA\u00c7\u00c3O CONFI\u00c1VEL DE LONGO PRAZO<\/p>\n<p>Controle inteligente do ventilador<br \/>\nFuncionamento silencioso<br \/>\nProte\u00e7\u00e3o contra curto-circuito, sobrecorrente, sobretens\u00e3o e subtens\u00e3o<\/p>\n<p>ESPECIFICA\u00c7\u00d5ES GERAIS<\/p>\n<p>Bivolt Autom\u00e1tico<br \/>\nPossui Interruptor ON\/OFF<br \/>\ntamanho da fan: 14cm<\/p>\n<p>CABOS E CONECTORES<\/p>\n<p>1 x Conector ATX 20+4P &#8211; 55cm<br \/>\n2 x Conector ATX AUX 12V 4+4P &#8211; 65cm<br \/>\n6 x Conector SATA &#8211; 35cm<br \/>\n4 x Conector IDE &#8211; 15cm a partir de SATA<br \/>\n3 x Conector PCI Express 6+2P &#8211; 55cm<br \/>\n1 x Conector PCI Express 5.0 &#8211; 55cm<br \/>\nCabo Modular flat preto<\/p>\n<p>CARACTER\u00cdSTICAS EL\u00c9TRICAS<\/p>\n<p>Tens\u00e3o de Opera\u00e7\u00e3o: AC 115\/230V<br \/>\nFrequ\u00eancia: 50Hz<br \/>\nCorrente de Sa\u00edda +5VSB: 2.5A<br \/>\nCorrente de Sa\u00edda +3.3V: 20A<br \/>\nCorrente de Sa\u00edda +5V: 20A<br \/>\nCorrente de Sa\u00edda +12V: 66A<br \/>\nCorrente de Sa\u00edda -12V: 0.3A<\/p>\n","protected":false},"excerpt":{"rendered":"<p>FONTE REAL C3TECH 850W PS-G850 80+ PLUS<\/p>\n","protected":false},"featured_media":11078,"template":"","meta":{"om_disable_all_campaigns":false,"_monsterinsights_skip_tracking":false,"_monsterinsights_sitenote_active":false,"_monsterinsights_sitenote_note":"","_monsterinsights_sitenote_category":0},"product_brand":[],"product_cat":[374,354,296],"product_tag":[],"class_list":{"0":"post-11070","1":"product","2":"type-product","3":"status-publish","4":"has-post-thumbnail","6":"product_cat-fonte-atx","7":"product_cat-hardware","8":"product_cat-informatica","9":"thunk-woo-product-list","10":"big-store-woo-hover-zoom","11":"open-single-product-tab-horizontal","12":"open-shadow-","13":"open-shadow-hover-","15":"first","16":"instock","17":"sale","18":"shipping-taxable","19":"purchasable","20":"product-type-simple"},"aioseo_notices":[],"_links":{"self":[{"href":"https:\/\/infomacrio.com.br\/index.php\/wp-json\/wp\/v2\/product\/11070","targetHints":{"allow":["GET"]}}],"collection":[{"href":"https:\/\/infomacrio.com.br\/index.php\/wp-json\/wp\/v2\/product"}],"about":[{"href":"https:\/\/infomacrio.com.br\/index.php\/wp-json\/wp\/v2\/types\/product"}],"wp:featuredmedia":[{"embeddable":true,"href":"https:\/\/infomacrio.com.br\/index.php\/wp-json\/wp\/v2\/media\/11078"}],"wp:attachment":[{"href":"https:\/\/infomacrio.com.br\/index.php\/wp-json\/wp\/v2\/media?parent=11070"}],"wp:term":[{"taxonomy":"product_brand","embeddable":true,"href":"https:\/\/infomacrio.com.br\/index.php\/wp-json\/wp\/v2\/product_brand?post=11070"},{"taxonomy":"product_cat","embeddable":true,"href":"https:\/\/infomacrio.com.br\/index.php\/wp-json\/wp\/v2\/product_cat?post=11070"},{"taxonomy":"product_tag","embeddable":true,"href":"https:\/\/infomacrio.com.br\/index.php\/wp-json\/wp\/v2\/product_tag?post=11070"}],"curies":[{"name":"wp","href":"https:\/\/api.w.org\/{rel}","templated":true}]}}