{"id":11024,"date":"2026-01-07T15:52:47","date_gmt":"2026-01-07T18:52:47","guid":{"rendered":"https:\/\/infomacrio.com.br\/index.php\/produto\/cadeira-gamer-thunderx3-tgc12\/"},"modified":"2026-01-07T16:06:53","modified_gmt":"2026-01-07T19:06:53","slug":"cadeira-gamer-thunderx3-tgc12","status":"publish","type":"product","link":"https:\/\/infomacrio.com.br\/index.php\/produto\/cadeira-gamer-thunderx3-tgc12\/","title":{"rendered":"CADEIRA GAMER THUNDERX3 TGC12"},"content":{"rendered":"<p>A TGC12 ThunderX3 \u00e9 uma cadeira gamer com revestimento de Poliuretano (PU) coberta com costuras de fibra de carbono. Seu estofado \u00e9 em forma de diamantes constru\u00edda com firmeza para proporcionar conforto enquanto voc\u00ea desfruta do prazer de jogar seus games favoritos. Da sala de estar para a sala de jogos, voc\u00ea pode planejar a pr\u00f3xima domina\u00e7\u00e3o do mundo do conforto de sua cadeira gamer.<\/p>\n<p>Cadeira Gamer Profissional<\/p>\n<p>A\u00a0TGC12\u00a0\u00e9 uma\u00a0cadeira gamer\u00a0com cobertura em poliuretano com detalhes em fibra de carbono. O estofamento em forma de diamante na cadeira com\u00a0acolchoamento\u00a0firme nas \u00e1reas de contato garantem uma experi\u00eancia confort\u00e1vel para quem passa\u00a0longas horas sentado.<br \/>\nUm\u00a0assento firme\u00a0com\u00a0apoio para cabe\u00e7a\u00a0e\u00a0almofada para as costas\u00a0unido a um\u00a0encosto reclin\u00e1vel\u00a0em at\u00e9 135\u00ba permitem conforto durante todo o dia, seja na hora de jogar ou enquanto descansa para recuperar suas energias. Ainda pensando no\u00a0descanso\u00a0a cadeira foi projetada com balan\u00e7o que ao mesmo tempo que\u00a0relaxa\u00a0tamb\u00e9m promove o fluxo sangu\u00edneo.<\/p>\n<p>Ajuste 2D<\/p>\n<p>O\u00a0apoio de bra\u00e7o\u00a0com ajuste 2D \u00e9 outro aliado importante no conforto que a TGC12 oferece, podendo ser usados em duas dire\u00e7\u00f5es os apoios s\u00e3o\u00a0perfeitos\u00a0para posicionar os cotovelos mais\u00a0corretamente\u00a0durante o jogo. Esse modelo tamb\u00e9m conta com\u00a0ajuste\u00a0pneum\u00e1tico de altura e com rota\u00e7\u00e3o de\u00a0360 graus, \u00e9 uma cadeira recomendada para jogadores\u00a0at\u00e9 120 kg.<br \/>\nFabricada com um design exclusivo aliado a resist\u00eancia, possui base resistente de metal, e rodas de nylon, que garantem movimentos mais suaves, e arma\u00e7\u00e3o de metal\u00a0resistente, a TGC12 possibilita um suporte est\u00e1vel e\u00a0confi\u00e1vel\u00a0j\u00e1 caracter\u00edsticos das cadeiras Thunderx3.<\/p>\n","protected":false},"excerpt":{"rendered":"<p>CADEIRA GAMER THUNDERX3 TGC12<\/p>\n","protected":false},"featured_media":11023,"template":"","meta":{"om_disable_all_campaigns":false,"_monsterinsights_skip_tracking":false,"_monsterinsights_sitenote_active":false,"_monsterinsights_sitenote_note":"","_monsterinsights_sitenote_category":0},"product_brand":[],"product_cat":[297,296],"product_tag":[],"class_list":{"0":"post-11024","1":"product","2":"type-product","3":"status-publish","4":"has-post-thumbnail","6":"product_cat-acessorios","7":"product_cat-informatica","8":"thunk-woo-product-list","9":"big-store-woo-hover-zoom","10":"open-single-product-tab-horizontal","11":"open-shadow-","12":"open-shadow-hover-","14":"first","15":"instock","16":"sale","17":"shipping-taxable","18":"purchasable","19":"product-type-simple"},"aioseo_notices":[],"_links":{"self":[{"href":"https:\/\/infomacrio.com.br\/index.php\/wp-json\/wp\/v2\/product\/11024","targetHints":{"allow":["GET"]}}],"collection":[{"href":"https:\/\/infomacrio.com.br\/index.php\/wp-json\/wp\/v2\/product"}],"about":[{"href":"https:\/\/infomacrio.com.br\/index.php\/wp-json\/wp\/v2\/types\/product"}],"wp:featuredmedia":[{"embeddable":true,"href":"https:\/\/infomacrio.com.br\/index.php\/wp-json\/wp\/v2\/media\/11023"}],"wp:attachment":[{"href":"https:\/\/infomacrio.com.br\/index.php\/wp-json\/wp\/v2\/media?parent=11024"}],"wp:term":[{"taxonomy":"product_brand","embeddable":true,"href":"https:\/\/infomacrio.com.br\/index.php\/wp-json\/wp\/v2\/product_brand?post=11024"},{"taxonomy":"product_cat","embeddable":true,"href":"https:\/\/infomacrio.com.br\/index.php\/wp-json\/wp\/v2\/product_cat?post=11024"},{"taxonomy":"product_tag","embeddable":true,"href":"https:\/\/infomacrio.com.br\/index.php\/wp-json\/wp\/v2\/product_tag?post=11024"}],"curies":[{"name":"wp","href":"https:\/\/api.w.org\/{rel}","templated":true}]}}