{"id":10977,"date":"2025-12-10T10:15:41","date_gmt":"2025-12-10T13:15:41","guid":{"rendered":"https:\/\/infomacrio.com.br\/index.php\/produto\/cx-som-gamer-fortrek-black-hawk-rgb\/"},"modified":"2026-03-23T17:02:03","modified_gmt":"2026-03-23T20:02:03","slug":"cx-som-gamer-fortrek-black-hawk-rgb","status":"publish","type":"product","link":"https:\/\/infomacrio.com.br\/index.php\/produto\/cx-som-gamer-fortrek-black-hawk-rgb\/","title":{"rendered":"CX SOM GAMER FORTREK BLACK HAWK RGB"},"content":{"rendered":"<p>A Caixa de Som Gamer Multim\u00eddia Fortrek Black Hawk chegou para trazer muito mais estilo e dar um &#8220;upgrade&#8221; no seu setup. J\u00e1 pensou voc\u00ea no gameplay do seu jogo favorito e estar totalmente imerso como se estivesse dentro de toda essa realidade virtual?<br \/>\nA Caixa de som gamer Black Hawk \u00e9 pensada para voc\u00ea ter o som perfeito!<\/p>\n<p>Ela ainda traz ao mesmo tempo um design arrojado e leve, recursos como &#8220;touch control&#8221; onde voc\u00ea ajusta a ilumina\u00e7\u00e3o, bot\u00e3o de volume, conectividade USB e transmiss\u00e3o de \u00e1udio via P2 (3.5mm).<\/p>\n<p><strong>Caracter\u00edsticas:<\/strong><\/p>\n<p>Modelo:\u00a0Black Hawk<\/p>\n<p>Alimenta\u00e7\u00e3o:\u00a01x USB (alimenta\u00e7\u00e3o)<\/p>\n<p>Conector:\u00a01 x P2 (Audio)<\/p>\n<p>Pot\u00eancia:\u00a03w +3w (6w total)<\/p>\n<p><strong>Informa\u00e7\u00e3o adicional:<\/strong><br \/>\n\u2022 Sa\u00edda do alto falante: 3w +3w (6w total)<br \/>\n\u2022 Frequ\u00eancia: 150Hz &#8211; 20 KHz<br \/>\n\u2022 Entrada de energia: DC 5V<br \/>\n\u2022 Opera\u00e7\u00e3o: N\u00e3o requer a instala\u00e7\u00e3o do driver para funcionamento (Plug and Play)<br \/>\n\u2022 Compatibilidade: Windows XP\/Vista\/Win7\/Win8\/Win10\/Mac OS X 10.2 e Superior<\/p>\n","protected":false},"excerpt":{"rendered":"<p>CX SOM GAMER FORTREK BLACK HAWK RGB<\/p>\n","protected":false},"featured_media":10980,"template":"","meta":{"om_disable_all_campaigns":false,"_monsterinsights_skip_tracking":false,"_monsterinsights_sitenote_active":false,"_monsterinsights_sitenote_note":"","_monsterinsights_sitenote_category":0},"product_brand":[],"product_cat":[337,296,336],"product_tag":[],"class_list":{"0":"post-10977","1":"product","2":"type-product","3":"status-publish","4":"has-post-thumbnail","6":"product_cat-caixa-de-som","7":"product_cat-informatica","8":"product_cat-som","9":"thunk-woo-product-list","10":"big-store-woo-hover-zoom","11":"open-single-product-tab-horizontal","12":"open-shadow-","13":"open-shadow-hover-","15":"first","16":"instock","17":"sale","18":"shipping-taxable","19":"purchasable","20":"product-type-simple"},"aioseo_notices":[],"_links":{"self":[{"href":"https:\/\/infomacrio.com.br\/index.php\/wp-json\/wp\/v2\/product\/10977","targetHints":{"allow":["GET"]}}],"collection":[{"href":"https:\/\/infomacrio.com.br\/index.php\/wp-json\/wp\/v2\/product"}],"about":[{"href":"https:\/\/infomacrio.com.br\/index.php\/wp-json\/wp\/v2\/types\/product"}],"wp:featuredmedia":[{"embeddable":true,"href":"https:\/\/infomacrio.com.br\/index.php\/wp-json\/wp\/v2\/media\/10980"}],"wp:attachment":[{"href":"https:\/\/infomacrio.com.br\/index.php\/wp-json\/wp\/v2\/media?parent=10977"}],"wp:term":[{"taxonomy":"product_brand","embeddable":true,"href":"https:\/\/infomacrio.com.br\/index.php\/wp-json\/wp\/v2\/product_brand?post=10977"},{"taxonomy":"product_cat","embeddable":true,"href":"https:\/\/infomacrio.com.br\/index.php\/wp-json\/wp\/v2\/product_cat?post=10977"},{"taxonomy":"product_tag","embeddable":true,"href":"https:\/\/infomacrio.com.br\/index.php\/wp-json\/wp\/v2\/product_tag?post=10977"}],"curies":[{"name":"wp","href":"https:\/\/api.w.org\/{rel}","templated":true}]}}