{"id":10958,"date":"2025-12-08T13:27:29","date_gmt":"2025-12-08T16:27:29","guid":{"rendered":"https:\/\/infomacrio.com.br\/index.php\/produto\/bandeja-p-cx-de-emenda-24fo-shoreline\/"},"modified":"2026-04-28T10:24:39","modified_gmt":"2026-04-28T13:24:39","slug":"bandeja-p-cx-de-emenda-24fo-shoreline","status":"publish","type":"product","link":"https:\/\/infomacrio.com.br\/index.php\/produto\/bandeja-p-cx-de-emenda-24fo-shoreline\/","title":{"rendered":"BANDEJA P\/ CX DE EMENDA 24FO SHORELINE"},"content":{"rendered":"<p>A Bandeja para Caixa de Emenda \u00d3ptica foi desenvolvida para expans\u00e3o da rede \u00f3ptica.\u00a0\u00c9 utilizada para acomoda\u00e7\u00e3o dos protetores de emendas e das sobras de \ufb01bras ap\u00f3s as fus\u00f5es para o modelo SH-CE24F-VT300. Cada Bandeja para Caixa de Emenda \u00d3ptica acomoda at\u00e9 24 fus\u00f5es (tubete sobre tubete).<\/p>\n<p><strong>Especifica\u00e7\u00f5es T\u00e9cnicas<\/strong><\/p>\n<p>Capacidade : 12 at\u00e9 24 tubetes;<br \/>\nCompatibilidade : SH-CE4F-VT300<br \/>\nUtiliza\u00e7\u00e3o: Somente em Caixa de Emendas<br \/>\nConfeccionado em ABS.<\/p>\n","protected":false},"excerpt":{"rendered":"<p>BANDEJA P\/ CX DE EMENDA 24FO SHORELINE<\/p>\n","protected":false},"featured_media":10959,"template":"","meta":{"om_disable_all_campaigns":false,"_monsterinsights_skip_tracking":false,"_monsterinsights_sitenote_active":false,"_monsterinsights_sitenote_note":"","_monsterinsights_sitenote_category":0},"product_brand":[],"product_cat":[335,301,428],"product_tag":[],"class_list":{"0":"post-10958","1":"product","2":"type-product","3":"status-publish","4":"has-post-thumbnail","6":"product_cat-caixa-de-emenda-ceo","7":"product_cat-fibra-optica","8":"product_cat-termocontratil","9":"thunk-woo-product-list","10":"big-store-woo-hover-zoom","11":"open-single-product-tab-horizontal","12":"open-shadow-","13":"open-shadow-hover-","15":"first","16":"instock","17":"sale","18":"shipping-taxable","19":"purchasable","20":"product-type-simple"},"aioseo_notices":[],"_links":{"self":[{"href":"https:\/\/infomacrio.com.br\/index.php\/wp-json\/wp\/v2\/product\/10958","targetHints":{"allow":["GET"]}}],"collection":[{"href":"https:\/\/infomacrio.com.br\/index.php\/wp-json\/wp\/v2\/product"}],"about":[{"href":"https:\/\/infomacrio.com.br\/index.php\/wp-json\/wp\/v2\/types\/product"}],"wp:featuredmedia":[{"embeddable":true,"href":"https:\/\/infomacrio.com.br\/index.php\/wp-json\/wp\/v2\/media\/10959"}],"wp:attachment":[{"href":"https:\/\/infomacrio.com.br\/index.php\/wp-json\/wp\/v2\/media?parent=10958"}],"wp:term":[{"taxonomy":"product_brand","embeddable":true,"href":"https:\/\/infomacrio.com.br\/index.php\/wp-json\/wp\/v2\/product_brand?post=10958"},{"taxonomy":"product_cat","embeddable":true,"href":"https:\/\/infomacrio.com.br\/index.php\/wp-json\/wp\/v2\/product_cat?post=10958"},{"taxonomy":"product_tag","embeddable":true,"href":"https:\/\/infomacrio.com.br\/index.php\/wp-json\/wp\/v2\/product_tag?post=10958"}],"curies":[{"name":"wp","href":"https:\/\/api.w.org\/{rel}","templated":true}]}}