{"id":10923,"date":"2025-12-03T14:46:04","date_gmt":"2025-12-03T17:46:04","guid":{"rendered":"https:\/\/infomacrio.com.br\/index.php\/produto\/headset-hp-dhh-1205-dobravel-branco\/"},"modified":"2025-12-05T14:01:46","modified_gmt":"2025-12-05T17:01:46","slug":"headset-hp-dhh-1205-dobravel-branco","status":"publish","type":"product","link":"https:\/\/infomacrio.com.br\/index.php\/produto\/headset-hp-dhh-1205-dobravel-branco\/","title":{"rendered":"HEADSET HP DHH-1205 DOBR\u00c1VEL BRANCO"},"content":{"rendered":"<p>O Headset HP DHH-1205 combina qualidade sonora com grande estilo. As almofadas auriculares s\u00e3o macias proporcionando conforto extra, sua forma dobr\u00e1vel o torna mais port\u00e1til ainda. Conex\u00e3o P2 de ampla compatibilidade.<\/p>\n","protected":false},"excerpt":{"rendered":"<p>HEADSET HP DHH-1205 DOBR\u00c1VEL BRANCO<\/p>\n","protected":false},"featured_media":10929,"template":"","meta":{"om_disable_all_campaigns":false,"_monsterinsights_skip_tracking":false,"_monsterinsights_sitenote_active":false,"_monsterinsights_sitenote_note":"","_monsterinsights_sitenote_category":0},"product_brand":[],"product_cat":[380,296,336],"product_tag":[],"class_list":{"0":"post-10923","1":"product","2":"type-product","3":"status-publish","4":"has-post-thumbnail","6":"product_cat-headset","7":"product_cat-informatica","8":"product_cat-som","9":"thunk-woo-product-list","10":"big-store-woo-hover-zoom","11":"open-single-product-tab-horizontal","12":"open-shadow-","13":"open-shadow-hover-","15":"first","16":"instock","17":"sale","18":"shipping-taxable","19":"purchasable","20":"product-type-simple"},"aioseo_notices":[],"_links":{"self":[{"href":"https:\/\/infomacrio.com.br\/index.php\/wp-json\/wp\/v2\/product\/10923","targetHints":{"allow":["GET"]}}],"collection":[{"href":"https:\/\/infomacrio.com.br\/index.php\/wp-json\/wp\/v2\/product"}],"about":[{"href":"https:\/\/infomacrio.com.br\/index.php\/wp-json\/wp\/v2\/types\/product"}],"wp:featuredmedia":[{"embeddable":true,"href":"https:\/\/infomacrio.com.br\/index.php\/wp-json\/wp\/v2\/media\/10929"}],"wp:attachment":[{"href":"https:\/\/infomacrio.com.br\/index.php\/wp-json\/wp\/v2\/media?parent=10923"}],"wp:term":[{"taxonomy":"product_brand","embeddable":true,"href":"https:\/\/infomacrio.com.br\/index.php\/wp-json\/wp\/v2\/product_brand?post=10923"},{"taxonomy":"product_cat","embeddable":true,"href":"https:\/\/infomacrio.com.br\/index.php\/wp-json\/wp\/v2\/product_cat?post=10923"},{"taxonomy":"product_tag","embeddable":true,"href":"https:\/\/infomacrio.com.br\/index.php\/wp-json\/wp\/v2\/product_tag?post=10923"}],"curies":[{"name":"wp","href":"https:\/\/api.w.org\/{rel}","templated":true}]}}