{"id":10919,"date":"2025-12-03T14:46:02","date_gmt":"2025-12-03T17:46:02","guid":{"rendered":"https:\/\/infomacrio.com.br\/index.php\/produto\/teclado-bluetooth-c3tech-k-bt40bk\/"},"modified":"2026-03-05T13:33:30","modified_gmt":"2026-03-05T16:33:30","slug":"teclado-bluetooth-c3tech-k-bt40bk","status":"publish","type":"product","link":"https:\/\/infomacrio.com.br\/index.php\/produto\/teclado-bluetooth-c3tech-k-bt40bk\/","title":{"rendered":"TECLADO BLUETOOTH C3TECH K-BT40BK"},"content":{"rendered":"<p>Descubra uma nova maneira de se conectar com o Teclado Bluetooth K-BT40da C3Tech. Este teclado ultrafino e recarreg\u00e1vel \u00e9 a combina\u00e7\u00e3o perfeita de estilo e funcionalidade. Sinta a resposta suave das teclas baixas chocolate enquanto desfruta de uma conex\u00e3o est\u00e1vel em 360\u00b0. Seu design slim \u00e9 ideal para tablets, e suas teclas multim\u00eddia oferecem conveni\u00eancia ao seu alcance. Compat\u00edvel com uma variedade de dispositivos e sistemas operacionais, este teclado intuitivo e econ\u00f4mico em bateria \u00e9 a escolha inteligente para sua vida digital.<\/p>\n","protected":false},"excerpt":{"rendered":"<p>TECLADO BLUETOOTH C3TECH K-BT40BK<\/p>\n","protected":false},"featured_media":10931,"template":"","meta":{"om_disable_all_campaigns":false,"_monsterinsights_skip_tracking":false,"_monsterinsights_sitenote_active":false,"_monsterinsights_sitenote_note":"","_monsterinsights_sitenote_category":0},"product_brand":[],"product_cat":[296,384,427],"product_tag":[],"class_list":{"0":"post-10919","1":"product","2":"type-product","3":"status-publish","4":"has-post-thumbnail","6":"product_cat-informatica","7":"product_cat-perifericos","8":"product_cat-teclado","9":"thunk-woo-product-list","10":"big-store-woo-hover-zoom","11":"open-single-product-tab-horizontal","12":"open-shadow-","13":"open-shadow-hover-","15":"first","16":"instock","17":"sale","18":"shipping-taxable","19":"purchasable","20":"product-type-simple"},"aioseo_notices":[],"_links":{"self":[{"href":"https:\/\/infomacrio.com.br\/index.php\/wp-json\/wp\/v2\/product\/10919","targetHints":{"allow":["GET"]}}],"collection":[{"href":"https:\/\/infomacrio.com.br\/index.php\/wp-json\/wp\/v2\/product"}],"about":[{"href":"https:\/\/infomacrio.com.br\/index.php\/wp-json\/wp\/v2\/types\/product"}],"wp:featuredmedia":[{"embeddable":true,"href":"https:\/\/infomacrio.com.br\/index.php\/wp-json\/wp\/v2\/media\/10931"}],"wp:attachment":[{"href":"https:\/\/infomacrio.com.br\/index.php\/wp-json\/wp\/v2\/media?parent=10919"}],"wp:term":[{"taxonomy":"product_brand","embeddable":true,"href":"https:\/\/infomacrio.com.br\/index.php\/wp-json\/wp\/v2\/product_brand?post=10919"},{"taxonomy":"product_cat","embeddable":true,"href":"https:\/\/infomacrio.com.br\/index.php\/wp-json\/wp\/v2\/product_cat?post=10919"},{"taxonomy":"product_tag","embeddable":true,"href":"https:\/\/infomacrio.com.br\/index.php\/wp-json\/wp\/v2\/product_tag?post=10919"}],"curies":[{"name":"wp","href":"https:\/\/api.w.org\/{rel}","templated":true}]}}