{"id":10892,"date":"2025-12-02T16:26:02","date_gmt":"2025-12-02T19:26:02","guid":{"rendered":"https:\/\/infomacrio.com.br\/index.php\/produto\/cx-som-soundbar-gamer-fortrek-black-hawk\/"},"modified":"2026-03-23T16:16:47","modified_gmt":"2026-03-23T19:16:47","slug":"cx-som-soundbar-gamer-fortrek-black-hawk","status":"publish","type":"product","link":"https:\/\/infomacrio.com.br\/index.php\/produto\/cx-som-soundbar-gamer-fortrek-black-hawk\/","title":{"rendered":"CX SOM SOUNDBAR GAMER FORTREK BLACK HAWK"},"content":{"rendered":"<p>O Soundbar Gamer Para PC Fortrek Black Hawk transforma seu setup gamer com um som incr\u00edvel! Imagine ter qualidade e versatilidade com o mais novo Soundbar Gamer Compact Black Hawk da Fortrek G.<\/p>\n<p>Possui design exclusivo e ergon\u00f4mico, defini\u00e7\u00e3o de \u00e1udio, ilumina\u00e7\u00e3o RGB ativada por &#8220;touch&#8221; e alta pot\u00eancia, tudo isso para proporcionar uma experi\u00eancia \u00fanica, e deixar seus jogos muito mais envolventes!<\/p>\n<p>Modelo:\u00a0Black Hawk<\/p>\n<p>Cabo:\u00a01,2 metros<\/p>\n<p>Conector:\u00a01 x P2 (Audio) \/ 1x USB (alimenta\u00e7\u00e3o)<\/p>\n<p>Cor:\u00a0Preto<\/p>\n<p>Dimens\u00f5es:\u00a0440 x 83 x 88 mm<\/p>\n<p>Pot\u00eancia:\u00a03W + 3W = 6W<\/p>\n<p>Informa\u00e7\u00e3o adicional:<br \/>\n\u2022 Sa\u00edda do Alto Falante: 3w + 3w (6w total)<br \/>\n\u2022 Unidade de condu\u00e7\u00e3o do Alto Falante: 2&#215;2 polegadas<br \/>\n\u2022 Frequ\u00eancia: 150Hz &#8211; 20 KHz<br \/>\n\u2022 Entrada de energia: DC 5V<br \/>\n\u2022 Opera\u00e7\u00e3o: Plug&amp;Play (n\u00e3o requer instala\u00e7\u00e3o de software para funcionamento)<br \/>\n\u2022 Compatibilidade: Windows XP\/Vista\/Win7\/Win8\/Win10 e MAC OS X 10,2 ou superior.<\/p>\n","protected":false},"excerpt":{"rendered":"<p>CX SOM SOUNDBAR GAMER FORTREK BLACK HAWK<\/p>\n","protected":false},"featured_media":10899,"template":"","meta":{"om_disable_all_campaigns":false,"_monsterinsights_skip_tracking":false,"_monsterinsights_sitenote_active":false,"_monsterinsights_sitenote_note":"","_monsterinsights_sitenote_category":0},"product_brand":[],"product_cat":[337,296,336],"product_tag":[],"class_list":{"0":"post-10892","1":"product","2":"type-product","3":"status-publish","4":"has-post-thumbnail","6":"product_cat-caixa-de-som","7":"product_cat-informatica","8":"product_cat-som","9":"thunk-woo-product-list","10":"big-store-woo-hover-zoom","11":"open-single-product-tab-horizontal","12":"open-shadow-","13":"open-shadow-hover-","15":"first","16":"instock","17":"sale","18":"shipping-taxable","19":"purchasable","20":"product-type-simple"},"aioseo_notices":[],"_links":{"self":[{"href":"https:\/\/infomacrio.com.br\/index.php\/wp-json\/wp\/v2\/product\/10892","targetHints":{"allow":["GET"]}}],"collection":[{"href":"https:\/\/infomacrio.com.br\/index.php\/wp-json\/wp\/v2\/product"}],"about":[{"href":"https:\/\/infomacrio.com.br\/index.php\/wp-json\/wp\/v2\/types\/product"}],"wp:featuredmedia":[{"embeddable":true,"href":"https:\/\/infomacrio.com.br\/index.php\/wp-json\/wp\/v2\/media\/10899"}],"wp:attachment":[{"href":"https:\/\/infomacrio.com.br\/index.php\/wp-json\/wp\/v2\/media?parent=10892"}],"wp:term":[{"taxonomy":"product_brand","embeddable":true,"href":"https:\/\/infomacrio.com.br\/index.php\/wp-json\/wp\/v2\/product_brand?post=10892"},{"taxonomy":"product_cat","embeddable":true,"href":"https:\/\/infomacrio.com.br\/index.php\/wp-json\/wp\/v2\/product_cat?post=10892"},{"taxonomy":"product_tag","embeddable":true,"href":"https:\/\/infomacrio.com.br\/index.php\/wp-json\/wp\/v2\/product_tag?post=10892"}],"curies":[{"name":"wp","href":"https:\/\/api.w.org\/{rel}","templated":true}]}}