{"id":10888,"date":"2025-12-02T16:26:00","date_gmt":"2025-12-02T19:26:00","guid":{"rendered":"https:\/\/infomacrio.com.br\/index.php\/produto\/kit-teclado-e-mouse-sem-fio-fortrek-cw11\/"},"modified":"2026-04-08T09:11:01","modified_gmt":"2026-04-08T12:11:01","slug":"kit-teclado-e-mouse-sem-fio-fortrek-cw11","status":"publish","type":"product","link":"https:\/\/infomacrio.com.br\/index.php\/produto\/kit-teclado-e-mouse-sem-fio-fortrek-cw11\/","title":{"rendered":"KIT TECLADO E MOUSE SEM FIO FORTREK CW11"},"content":{"rendered":"<p>O Kit Fortrek CW11 \u00e9 um modelo que acompanha teclado e mouse em um conjunto funcional, moderno e ideal para ambientes de trabalho, estudo ou uso dom\u00e9stico. Possuindo conex\u00e3o via USB Dongle e tecnologia plug &amp; play, a instala\u00e7\u00e3o \u00e9 r\u00e1pida e sem complica\u00e7\u00f5es, garantindo mais agilidade na rotina.<br \/>\nO teclado possui layout ABNT2 e teclas de perfil baixo, proporcionando digita\u00e7\u00e3o silenciosa, confort\u00e1vel e precisa. J\u00e1 o mouse conta com ajuste de DPI de at\u00e9 1600 DPI, oferecendo controle ideal para diferentes tipos de tarefas. Compat\u00edveis com Windows, Linux, e Mac OS, o Kit Mouse e Teclado Fortrek CW11 \u00e9 vers\u00e1til e pronto para uso em diversos dispositivos.<\/p>\n","protected":false},"excerpt":{"rendered":"<p>KIT TECLADO E MOUSE SEM FIO FORTREK CW11<\/p>\n","protected":false},"featured_media":10896,"template":"","meta":{"om_disable_all_campaigns":false,"_monsterinsights_skip_tracking":false,"_monsterinsights_sitenote_active":false,"_monsterinsights_sitenote_note":"","_monsterinsights_sitenote_category":0},"product_brand":[],"product_cat":[296,387,384],"product_tag":[],"class_list":{"0":"post-10888","1":"product","2":"type-product","3":"status-publish","4":"has-post-thumbnail","6":"product_cat-informatica","7":"product_cat-kit-teclado-e-mouse","8":"product_cat-perifericos","9":"thunk-woo-product-list","10":"big-store-woo-hover-zoom","11":"open-single-product-tab-horizontal","12":"open-shadow-","13":"open-shadow-hover-","15":"first","16":"instock","17":"sale","18":"shipping-taxable","19":"purchasable","20":"product-type-simple"},"aioseo_notices":[],"_links":{"self":[{"href":"https:\/\/infomacrio.com.br\/index.php\/wp-json\/wp\/v2\/product\/10888","targetHints":{"allow":["GET"]}}],"collection":[{"href":"https:\/\/infomacrio.com.br\/index.php\/wp-json\/wp\/v2\/product"}],"about":[{"href":"https:\/\/infomacrio.com.br\/index.php\/wp-json\/wp\/v2\/types\/product"}],"wp:featuredmedia":[{"embeddable":true,"href":"https:\/\/infomacrio.com.br\/index.php\/wp-json\/wp\/v2\/media\/10896"}],"wp:attachment":[{"href":"https:\/\/infomacrio.com.br\/index.php\/wp-json\/wp\/v2\/media?parent=10888"}],"wp:term":[{"taxonomy":"product_brand","embeddable":true,"href":"https:\/\/infomacrio.com.br\/index.php\/wp-json\/wp\/v2\/product_brand?post=10888"},{"taxonomy":"product_cat","embeddable":true,"href":"https:\/\/infomacrio.com.br\/index.php\/wp-json\/wp\/v2\/product_cat?post=10888"},{"taxonomy":"product_tag","embeddable":true,"href":"https:\/\/infomacrio.com.br\/index.php\/wp-json\/wp\/v2\/product_tag?post=10888"}],"curies":[{"name":"wp","href":"https:\/\/api.w.org\/{rel}","templated":true}]}}