{"id":10881,"date":"2025-12-02T10:46:01","date_gmt":"2025-12-02T13:46:01","guid":{"rendered":"https:\/\/infomacrio.com.br\/index.php\/produto\/headset-fortrek-hsl102\/"},"modified":"2026-04-08T13:40:59","modified_gmt":"2026-04-08T16:40:59","slug":"headset-fortrek-hsl102","status":"publish","type":"product","link":"https:\/\/infomacrio.com.br\/index.php\/produto\/headset-fortrek-hsl102\/","title":{"rendered":"HEADSET FORTREK HSL102 MICROFONE P2 FK 739A"},"content":{"rendered":"<p>O Fone de Ouvido Fortrek HSL102 agora \u00e9 o Fone de Ouvido Fortrek HSL102 Multim\u00eddia Com Microfone Preto FK 739A. Possui um design arrojado, desenvolvido para um p\u00fablico jovem que procura headsets com visual diferenciado e moderno.<\/p>\n<p>Mesmo com Design diferenciado, os fones da Fortrek n\u00e3o abrem m\u00e3o do conforto: Possui design ergon\u00f4mico, falantes revestidos com espuma macia e a haste do microfone \u00e9 flex\u00edvel. Conta ainda com controle no cabo para f\u00e1cil ajuste de volume.<\/p>\n","protected":false},"excerpt":{"rendered":"<p>HEADSET FORTREK HSL102 MICROFONE P2 FK 739A<\/p>\n","protected":false},"featured_media":10898,"template":"","meta":{"om_disable_all_campaigns":false,"_monsterinsights_skip_tracking":false,"_monsterinsights_sitenote_active":false,"_monsterinsights_sitenote_note":"","_monsterinsights_sitenote_category":0},"product_brand":[],"product_cat":[380,296,336],"product_tag":[],"class_list":{"0":"post-10881","1":"product","2":"type-product","3":"status-publish","4":"has-post-thumbnail","6":"product_cat-headset","7":"product_cat-informatica","8":"product_cat-som","9":"thunk-woo-product-list","10":"big-store-woo-hover-zoom","11":"open-single-product-tab-horizontal","12":"open-shadow-","13":"open-shadow-hover-","15":"first","16":"instock","17":"sale","18":"shipping-taxable","19":"purchasable","20":"product-type-simple"},"aioseo_notices":[],"_links":{"self":[{"href":"https:\/\/infomacrio.com.br\/index.php\/wp-json\/wp\/v2\/product\/10881","targetHints":{"allow":["GET"]}}],"collection":[{"href":"https:\/\/infomacrio.com.br\/index.php\/wp-json\/wp\/v2\/product"}],"about":[{"href":"https:\/\/infomacrio.com.br\/index.php\/wp-json\/wp\/v2\/types\/product"}],"wp:featuredmedia":[{"embeddable":true,"href":"https:\/\/infomacrio.com.br\/index.php\/wp-json\/wp\/v2\/media\/10898"}],"wp:attachment":[{"href":"https:\/\/infomacrio.com.br\/index.php\/wp-json\/wp\/v2\/media?parent=10881"}],"wp:term":[{"taxonomy":"product_brand","embeddable":true,"href":"https:\/\/infomacrio.com.br\/index.php\/wp-json\/wp\/v2\/product_brand?post=10881"},{"taxonomy":"product_cat","embeddable":true,"href":"https:\/\/infomacrio.com.br\/index.php\/wp-json\/wp\/v2\/product_cat?post=10881"},{"taxonomy":"product_tag","embeddable":true,"href":"https:\/\/infomacrio.com.br\/index.php\/wp-json\/wp\/v2\/product_tag?post=10881"}],"curies":[{"name":"wp","href":"https:\/\/api.w.org\/{rel}","templated":true}]}}