{"id":10874,"date":"2025-12-01T17:25:58","date_gmt":"2025-12-01T20:25:58","guid":{"rendered":"https:\/\/infomacrio.com.br\/index.php\/produto\/mouse-gamer-fortrek-vickers-8000dpi\/"},"modified":"2026-02-05T13:12:22","modified_gmt":"2026-02-05T16:12:22","slug":"mouse-gamer-fortrek-vickers-8000dpi","status":"publish","type":"product","link":"https:\/\/infomacrio.com.br\/index.php\/produto\/mouse-gamer-fortrek-vickers-8000dpi\/","title":{"rendered":"MOUSE GAMER FORTREK VICKERS 8000DPI"},"content":{"rendered":"<p>O Mouse Gamer Fortrek Vickers New Edition foi constru\u00eddo e pensado nos m\u00ednimos detalhes, possuindo design diferenciado, ergon\u00f4mico e estiloso. Este mouse \u00e9 o que falta para deixar o seu setup gamer com uma performance excepcional. Composto por Switch Huano, resolu\u00e7\u00e3o ajust\u00e1vel e um tempo de resposta de 8 milissegundos, proporcionar\u00e1 uma \u00f3tima jogabilidade.<\/p>\n<p>Al\u00e9m disso, este mouse tamb\u00e9m conta com 6 bot\u00f5es de fun\u00e7\u00f5es macro, o que possibilita a voc\u00ea liberdade de executar comandos simples apenas com o uso do mouse. Para ajuste do LED, voc\u00ea conta com 6 efeitos de ilumina\u00e7\u00e3o pr\u00e9-definidos, deixando o mouse com suas prefer\u00eancias.<\/p>\n<p><span class=\"feature-featkey\">Modelo:\u00a0<\/span><span class=\"feature-featval\">Vickers New Edition<\/span><\/p>\n<p><span class=\"feature-featkey\">Comprimento:\u00a0<\/span><span class=\"feature-featval\">1,8 com t\u00eaxtil tran\u00e7ado<\/span><\/p>\n<p><span class=\"feature-featkey\">Conector:\u00a0<\/span><span class=\"feature-featval\">USB 2.0 plug and play<\/span><\/p>\n<p><span class=\"feature-featkey\">Cor:\u00a0<\/span><span class=\"feature-featval\">Preto<\/span><\/p>\n<p><span class=\"feature-featkey\">N\u00famero de bot\u00f5es:\u00a0<\/span><span class=\"feature-featval\">06 + Scroll (7 bot\u00f5es)<\/span><\/p>\n<p><span class=\"feature-featkey\">Resolu\u00e7\u00e3o m\u00e1xima:\u00a0<\/span><span class=\"feature-featval\">800-1600-2400-3200-4800-8000 DPI<\/span><\/p>\n<p><span class=\"feature-featkey\">Sensor:\u00a0<\/span><span class=\"feature-featval\">\u00d3ptico sunplus 199<\/span><\/p>\n","protected":false},"excerpt":{"rendered":"<p>MOUSE GAMER FORTREK VICKERS 8000DPI<\/p>\n","protected":false},"featured_media":10875,"template":"","meta":{"om_disable_all_campaigns":false,"_monsterinsights_skip_tracking":false,"_monsterinsights_sitenote_active":false,"_monsterinsights_sitenote_note":"","_monsterinsights_sitenote_category":0},"product_brand":[],"product_cat":[296,393,384],"product_tag":[],"class_list":{"0":"post-10874","1":"product","2":"type-product","3":"status-publish","4":"has-post-thumbnail","6":"product_cat-informatica","7":"product_cat-mouse","8":"product_cat-perifericos","9":"thunk-woo-product-list","10":"big-store-woo-hover-zoom","11":"open-single-product-tab-horizontal","12":"open-shadow-","13":"open-shadow-hover-","15":"first","16":"instock","17":"sale","18":"shipping-taxable","19":"purchasable","20":"product-type-simple"},"aioseo_notices":[],"_links":{"self":[{"href":"https:\/\/infomacrio.com.br\/index.php\/wp-json\/wp\/v2\/product\/10874","targetHints":{"allow":["GET"]}}],"collection":[{"href":"https:\/\/infomacrio.com.br\/index.php\/wp-json\/wp\/v2\/product"}],"about":[{"href":"https:\/\/infomacrio.com.br\/index.php\/wp-json\/wp\/v2\/types\/product"}],"wp:featuredmedia":[{"embeddable":true,"href":"https:\/\/infomacrio.com.br\/index.php\/wp-json\/wp\/v2\/media\/10875"}],"wp:attachment":[{"href":"https:\/\/infomacrio.com.br\/index.php\/wp-json\/wp\/v2\/media?parent=10874"}],"wp:term":[{"taxonomy":"product_brand","embeddable":true,"href":"https:\/\/infomacrio.com.br\/index.php\/wp-json\/wp\/v2\/product_brand?post=10874"},{"taxonomy":"product_cat","embeddable":true,"href":"https:\/\/infomacrio.com.br\/index.php\/wp-json\/wp\/v2\/product_cat?post=10874"},{"taxonomy":"product_tag","embeddable":true,"href":"https:\/\/infomacrio.com.br\/index.php\/wp-json\/wp\/v2\/product_tag?post=10874"}],"curies":[{"name":"wp","href":"https:\/\/api.w.org\/{rel}","templated":true}]}}