{"id":10860,"date":"2025-11-19T15:12:48","date_gmt":"2025-11-19T18:12:48","guid":{"rendered":"https:\/\/infomacrio.com.br\/index.php\/produto\/impressora-brother-multifuncional-dcp-l5662dn\/"},"modified":"2026-02-12T12:12:17","modified_gmt":"2026-02-12T15:12:17","slug":"impressora-brother-multifuncional-dcp-l5662dn","status":"publish","type":"product","link":"https:\/\/infomacrio.com.br\/index.php\/produto\/impressora-brother-multifuncional-dcp-l5662dn\/","title":{"rendered":"IMPRESSORA BROTHER MULTIFUNCIONAL DCP-L5662DN"},"content":{"rendered":"<p>Multifuncional DCP-L5662DN \u00e9 um equipamento laser dur\u00e1vel, ideal para grupos de trabalho de<br \/>\npequeno porte, com alto volume de impress\u00e3o. Grande economia e baixo custo por<br \/>\np\u00e1gina devido ao seu cartucho de toner inicial com rendimento de 18.000 p\u00e1ginas<br \/>\ne seus cartuchos de reposi\u00e7\u00e3o de at\u00e9 25.000 p\u00e1ginas. Maximize a produtividade<br \/>\nde seu grupo de trabalho com impress\u00f5es r\u00e1pidas e velocidade de c\u00f3pia de at\u00e9 48<br \/>\nppm (A4), bandeja com capacidade de papel de 250 folhas, ADF de 70 folhas e<br \/>\nfull duplex. Oferece recursos avan\u00e7ados de digitaliza\u00e7\u00e3o, vidro de exposi\u00e7\u00e3o<br \/>\ntamanho Of\u00edcio, incluindo v\u00e1rios destinos de digitaliza\u00e7\u00e3o para ajudar a<br \/>\notimizar o seu fluxo de trabalho e possuindo a plataforma de integra\u00e7\u00e3o BSI<br \/>\n(Brother Solutions Interface). Compartilhe facilmente a multifuncional com<br \/>\noutras pessoas via conex\u00e3o Gigabit Ethernet, imprima com facilidade a partir de<br \/>\numa ampla gama de dispositivos m\u00f3veis e utilize os recursos avan\u00e7ados de<br \/>\nseguran\u00e7a que ajudam a proteger seus documentos confidenciais.<\/p>\n<p>&nbsp;<\/p>\n<p>Caracter\u00edsticas Principais:<\/p>\n<p>. Cartucho de toner<br \/>\ninicial de alto rendimento de 18.000 p\u00e1ginas.<\/p>\n<p>. Digitaliza\u00e7\u00e3o<br \/>\nduplex em passagem \u00fanica<\/p>\n<p>. Gigabit Ethernet e<br \/>\nUSB 2.0 de alta velocidade<\/p>\n<p>. Tela touch screen<br \/>\ncolorido de 3,5<\/p>\n","protected":false},"excerpt":{"rendered":"<p>IMPRESSORA BROTHER MULTIFUNCIONAL DCP-L5662DN<\/p>\n","protected":false},"featured_media":10863,"template":"","meta":{"om_disable_all_campaigns":false,"_monsterinsights_skip_tracking":false,"_monsterinsights_sitenote_active":false,"_monsterinsights_sitenote_note":"","_monsterinsights_sitenote_category":0},"product_brand":[],"product_cat":[345,382,296],"product_tag":[],"class_list":{"0":"post-10860","1":"product","2":"type-product","3":"status-publish","4":"has-post-thumbnail","6":"product_cat-impressora","7":"product_cat-impressoras","8":"product_cat-informatica","9":"thunk-woo-product-list","10":"big-store-woo-hover-zoom","11":"open-single-product-tab-horizontal","12":"open-shadow-","13":"open-shadow-hover-","15":"first","16":"outofstock","17":"sale","18":"shipping-taxable","19":"purchasable","20":"product-type-simple"},"aioseo_notices":[],"_links":{"self":[{"href":"https:\/\/infomacrio.com.br\/index.php\/wp-json\/wp\/v2\/product\/10860","targetHints":{"allow":["GET"]}}],"collection":[{"href":"https:\/\/infomacrio.com.br\/index.php\/wp-json\/wp\/v2\/product"}],"about":[{"href":"https:\/\/infomacrio.com.br\/index.php\/wp-json\/wp\/v2\/types\/product"}],"wp:featuredmedia":[{"embeddable":true,"href":"https:\/\/infomacrio.com.br\/index.php\/wp-json\/wp\/v2\/media\/10863"}],"wp:attachment":[{"href":"https:\/\/infomacrio.com.br\/index.php\/wp-json\/wp\/v2\/media?parent=10860"}],"wp:term":[{"taxonomy":"product_brand","embeddable":true,"href":"https:\/\/infomacrio.com.br\/index.php\/wp-json\/wp\/v2\/product_brand?post=10860"},{"taxonomy":"product_cat","embeddable":true,"href":"https:\/\/infomacrio.com.br\/index.php\/wp-json\/wp\/v2\/product_cat?post=10860"},{"taxonomy":"product_tag","embeddable":true,"href":"https:\/\/infomacrio.com.br\/index.php\/wp-json\/wp\/v2\/product_tag?post=10860"}],"curies":[{"name":"wp","href":"https:\/\/api.w.org\/{rel}","templated":true}]}}