{"id":10799,"date":"2025-10-17T12:30:23","date_gmt":"2025-10-17T15:30:23","guid":{"rendered":"https:\/\/infomacrio.com.br\/index.php\/produto\/headset-fortrek-hbt1-bluetooth\/"},"modified":"2026-05-08T17:28:09","modified_gmt":"2026-05-08T20:28:09","slug":"headset-fortrek-hbt1-bluetooth","status":"publish","type":"product","link":"https:\/\/infomacrio.com.br\/index.php\/produto\/headset-fortrek-hbt1-bluetooth\/","title":{"rendered":"HEADSET FORTREK HBT1 BLUETOOTH"},"content":{"rendered":"<p>O Headphone Bluetooth Fortrek Sem Fio HBT1 \u00e9 a escolha perfeita para quem busca praticidade, conforto e qualidade de som. Com conex\u00e3o Bluetooth est\u00e1vel e alcance de at\u00e9 10 metros, ele permite movimentos livres, j\u00e1 o seu design leve e dobr\u00e1vel, garante f\u00e1cil transporte, ideal para quem tem uma rotina din\u00e2mica.<br \/>\nOferecendo at\u00e9 6 horas de uso cont\u00ednuo, garantindo \u00e1udio sem interrup\u00e7\u00f5es para o dia a dia, al\u00e9m disso, o HBT1 oferece flexibilidade com duas op\u00e7\u00f5es de conex\u00e3o: Bluetooth sem fio ou via cabo auxiliar.<br \/>\nCom a possibilidade de conectar dois aparelhos simultaneamente, o Headphone Bluetooth Fortrek Sem Fio HBT1 permite alternar rapidamente entre dispositivos, otimizando sua experi\u00eancia. J\u00e1 os drivers de 40mm, oferecem som potente, com graves profundos e agudos n\u00edtidos, para aproveitar todos os detalhes das suas m\u00fasicas e \u00e1udios favoritos.<br \/>\nConector:\u00a0Bluetooth 5.3<\/p>\n<p>Cor:\u00a0Preto<\/p>\n<p>Imped\u00e2ncia:\u00a032 \u2126 +\/- 15%<\/p>\n<p>Resposta Frequ\u00eancia:\u00a020-20k Hz<\/p>\n<p>Sensibilidade: 105 \u00b1 3 dB<\/p>\n<p>Sensibilidade do microfone: -42 \u00b1 3 dB<\/p>\n<p>Informa\u00e7\u00e3o adicional:<br \/>\n\u2022 Capacidade da bateria: 200mAh<br \/>\n\u2022 Tempo de Reprodu\u00e7\u00e3o: 5 a 6 horas<br \/>\n\u2022 Tempo de carregamento: aproximadamente 1 hora<br \/>\n\u2022 Driver: 40mm<br \/>\n\u2022 Dist\u00e2ncia de funcionamento: 10 metros<br \/>\n\u2022 Entrada: 5V<\/p>\n","protected":false},"excerpt":{"rendered":"<p>HEADSET FORTREK HBT1 BLUETOOTH<\/p>\n","protected":false},"featured_media":10803,"template":"","meta":{"om_disable_all_campaigns":false,"_monsterinsights_skip_tracking":false,"_monsterinsights_sitenote_active":false,"_monsterinsights_sitenote_note":"","_monsterinsights_sitenote_category":0},"product_brand":[],"product_cat":[380,296,336],"product_tag":[],"class_list":{"0":"post-10799","1":"product","2":"type-product","3":"status-publish","4":"has-post-thumbnail","6":"product_cat-headset","7":"product_cat-informatica","8":"product_cat-som","9":"thunk-woo-product-list","10":"big-store-woo-hover-zoom","11":"open-single-product-tab-horizontal","12":"open-shadow-","13":"open-shadow-hover-","15":"first","16":"instock","17":"sale","18":"shipping-taxable","19":"purchasable","20":"product-type-simple"},"aioseo_notices":[],"_links":{"self":[{"href":"https:\/\/infomacrio.com.br\/index.php\/wp-json\/wp\/v2\/product\/10799","targetHints":{"allow":["GET"]}}],"collection":[{"href":"https:\/\/infomacrio.com.br\/index.php\/wp-json\/wp\/v2\/product"}],"about":[{"href":"https:\/\/infomacrio.com.br\/index.php\/wp-json\/wp\/v2\/types\/product"}],"wp:featuredmedia":[{"embeddable":true,"href":"https:\/\/infomacrio.com.br\/index.php\/wp-json\/wp\/v2\/media\/10803"}],"wp:attachment":[{"href":"https:\/\/infomacrio.com.br\/index.php\/wp-json\/wp\/v2\/media?parent=10799"}],"wp:term":[{"taxonomy":"product_brand","embeddable":true,"href":"https:\/\/infomacrio.com.br\/index.php\/wp-json\/wp\/v2\/product_brand?post=10799"},{"taxonomy":"product_cat","embeddable":true,"href":"https:\/\/infomacrio.com.br\/index.php\/wp-json\/wp\/v2\/product_cat?post=10799"},{"taxonomy":"product_tag","embeddable":true,"href":"https:\/\/infomacrio.com.br\/index.php\/wp-json\/wp\/v2\/product_tag?post=10799"}],"curies":[{"name":"wp","href":"https:\/\/api.w.org\/{rel}","templated":true}]}}