{"id":10789,"date":"2025-10-14T10:31:18","date_gmt":"2025-10-14T13:31:18","guid":{"rendered":"https:\/\/infomacrio.com.br\/?post_type=product&#038;p=10789"},"modified":"2025-12-30T09:38:52","modified_gmt":"2025-12-30T12:38:52","slug":"conector-optico-2flex-t-rosca-3p-apc","status":"publish","type":"product","link":"https:\/\/infomacrio.com.br\/index.php\/produto\/conector-optico-2flex-t-rosca-3p-apc\/","title":{"rendered":"CONECTOR OPTICO 2FLEX T-ROSCA 3P APC"},"content":{"rendered":"<p>O Conector \u00d3ptico com trava e click de rosca SC\/APC foi desenvolvido para ser utilizado<br \/>\nem campo em cabos Drop Flat (Low Friction) de at\u00e9 3 mm e\/ou Cord\u00f5es \u00d3pticos de 2 a 3<br \/>\nmm em redes FTTH.<\/p>\n<p>F\u00e1cil montagem, n\u00e3o exige nenhuma ferramenta especial, al\u00e9m de ferramentas normais para prepara\u00e7\u00e3o da fibra \u00f3ptica (decapador do cabo, decapador da fibra, gabarito, clivador e componentes de limpeza).<\/p>\n<p>*Caracter\u00edsticas T\u00e9cnicas:<\/p>\n<p>Conector reutiliz\u00e1vel sem perda de caracter\u00edsticas;<\/p>\n<p>Pr\u00e9-polimento APC;<\/p>\n<p>Montagem simples e r\u00e1pida;<\/p>\n<p>Tempo de instala\u00e7\u00e3o inferior 3 min;<\/p>\n<p>Baixa Perda de inser\u00e7\u00e3o \u2264 0.3dB;<\/p>\n<p>Perda do retorno: \u2265 \u2013 40dB;<\/p>\n<p>Taxa de reflex\u00e3o: \u2265 45 ~ 53dB;<\/p>\n<p>Temperatura de Opera\u00e7\u00e3o: \u2013 40 ~ +85\u00b0C.<\/p>\n","protected":false},"excerpt":{"rendered":"<p>CONECTOR OPTICO 2FLEX T-ROSCA 3P APC<\/p>\n","protected":false},"featured_media":10790,"template":"","meta":{"om_disable_all_campaigns":false,"_monsterinsights_skip_tracking":false,"_monsterinsights_sitenote_active":false,"_monsterinsights_sitenote_note":"","_monsterinsights_sitenote_category":0},"product_brand":[],"product_cat":[317,316,301],"product_tag":[],"class_list":{"0":"post-10789","1":"product","2":"type-product","3":"status-publish","4":"has-post-thumbnail","6":"product_cat-apc","7":"product_cat-conector-optico","8":"product_cat-fibra-optica","9":"thunk-woo-product-list","10":"big-store-woo-hover-zoom","11":"open-single-product-tab-horizontal","12":"open-shadow-","13":"open-shadow-hover-","15":"first","16":"instock","17":"sale","18":"shipping-taxable","19":"purchasable","20":"product-type-simple"},"aioseo_notices":[],"_links":{"self":[{"href":"https:\/\/infomacrio.com.br\/index.php\/wp-json\/wp\/v2\/product\/10789","targetHints":{"allow":["GET"]}}],"collection":[{"href":"https:\/\/infomacrio.com.br\/index.php\/wp-json\/wp\/v2\/product"}],"about":[{"href":"https:\/\/infomacrio.com.br\/index.php\/wp-json\/wp\/v2\/types\/product"}],"wp:featuredmedia":[{"embeddable":true,"href":"https:\/\/infomacrio.com.br\/index.php\/wp-json\/wp\/v2\/media\/10790"}],"wp:attachment":[{"href":"https:\/\/infomacrio.com.br\/index.php\/wp-json\/wp\/v2\/media?parent=10789"}],"wp:term":[{"taxonomy":"product_brand","embeddable":true,"href":"https:\/\/infomacrio.com.br\/index.php\/wp-json\/wp\/v2\/product_brand?post=10789"},{"taxonomy":"product_cat","embeddable":true,"href":"https:\/\/infomacrio.com.br\/index.php\/wp-json\/wp\/v2\/product_cat?post=10789"},{"taxonomy":"product_tag","embeddable":true,"href":"https:\/\/infomacrio.com.br\/index.php\/wp-json\/wp\/v2\/product_tag?post=10789"}],"curies":[{"name":"wp","href":"https:\/\/api.w.org\/{rel}","templated":true}]}}