{"id":10766,"date":"2025-09-29T15:59:50","date_gmt":"2025-09-29T18:59:50","guid":{"rendered":"https:\/\/infomacrio.com.br\/index.php\/produto\/onu-chima-xpon-sdn8601gr1b-apc\/"},"modified":"2026-04-11T12:41:04","modified_gmt":"2026-04-11T15:41:04","slug":"onu-chima-xpon-sdn8601gr1b-apc","status":"publish","type":"product","link":"https:\/\/infomacrio.com.br\/index.php\/produto\/onu-chima-xpon-sdn8601gr1b-apc\/","title":{"rendered":"ONU CHIMA XPON SDN8601GR1B APC"},"content":{"rendered":"<p>O  SDN8601GR1B \u00e9 uma ONU XPON baseado no ITU-T G.984.x que suporta 2.5G downstream  e 1.25G largura de banda upstream. Oferece 1 porta LAN Gigabit Ethernet para  sa\u00eddas de Internet. O SDN8601GR1BV \u00e9 uma \u00fanica fam\u00edlia ONU, suporta 8 contagens  T e at\u00e9 32 IDs Gemport. \u00c9 uma ONU GPON 1GE para ISPs integra\u00e7\u00e3o de servi\u00e7os de  Internet de alta velocidade em fibra \u00fanica.<br \/>Suporta  o modo duplo (EPON e GPON), pode acessar OLTs EPON \/ GPON. Ele tamb\u00e9m vem com  uma porta LAN Ethernet 1 * 10\/100 \/ 1000Base-Tx Gigabit que suporta largura de  banda de 1 Gbps.<\/p>\n<p><b>Principais  Caracter\u00edsticas:<\/b><\/p>\n<p><b>&#8211; Vem com porta 1G\/EPON, SC\/UPC WAN, suporte 1.25G  upstream e 2.5G \/ 1.25G downstream;<br \/>&#8211; Chipset Realtek 9601D completo, baixo  custo e alto desempenho Suporta&nbsp;recursos avan\u00e7ados de gerenciamento de  camada 2, aplic\u00e1veis \u00e0s maiores redes de ISP;<br \/>&#8211; Base em WDM, transmitindo  Dados \/ IPTV \/ Voz em uma \u00fanica fibra, a dist\u00e2ncia m\u00e1xima de transmiss\u00e3o pode  chegar a 20Km;<\/b><\/p>\n<p>&#8211; Taxa&nbsp;de fibra m\u00e1xima 1: 128 para GPON, a dist\u00e2ncia  m\u00e1xima de transmiss\u00e3o pode chegar a 20km;<br \/>&#8211; Propor\u00e7\u00e3o m\u00e1xima de fibra 1:64  para EPON, dist\u00e2ncia m\u00e1xima de transmiss\u00e3o pode chegar a 20km;<br \/>&#8211; Suporte FBA  (Atribui\u00e7\u00e3o de largura de banda flex\u00edvel), atribui\u00e7\u00e3o din\u00e2mica de largura de  banda&nbsp;automaticamente;<\/p>\n<p>&#8211; Alta seguran\u00e7a, dados criptografados nas  dire\u00e7\u00f5es upstream e downstream;<br \/>&#8211; Suporte multicast, os usu\u00e1rios finais podem  opcionalmente se inscrever para VOD, videoconfer\u00eancia, etc.;<br \/>&#8211; F\u00e1cil  instala\u00e7\u00e3o e manuten\u00e7\u00e3o, suporte para detec\u00e7\u00e3o e localiza\u00e7\u00e3o remota de falhas.  Economizando seus custos de manuten\u00e7\u00e3o.<\/p>\n","protected":false},"excerpt":{"rendered":"<p>ONU CHIMA XPON SDN8601GR1B APC<\/p>\n","protected":false},"featured_media":10768,"template":"","meta":{"om_disable_all_campaigns":false,"_monsterinsights_skip_tracking":false,"_monsterinsights_sitenote_active":false,"_monsterinsights_sitenote_note":"","_monsterinsights_sitenote_category":0},"product_brand":[],"product_cat":[301,381,364],"product_tag":[],"class_list":{"0":"post-10766","1":"product","2":"type-product","3":"status-publish","4":"has-post-thumbnail","6":"product_cat-fibra-optica","7":"product_cat-hibrida","8":"product_cat-onu-ont","9":"thunk-woo-product-list","10":"big-store-woo-hover-zoom","11":"open-single-product-tab-horizontal","12":"open-shadow-","13":"open-shadow-hover-","15":"first","16":"instock","17":"sale","18":"shipping-taxable","19":"purchasable","20":"product-type-simple"},"aioseo_notices":[],"_links":{"self":[{"href":"https:\/\/infomacrio.com.br\/index.php\/wp-json\/wp\/v2\/product\/10766","targetHints":{"allow":["GET"]}}],"collection":[{"href":"https:\/\/infomacrio.com.br\/index.php\/wp-json\/wp\/v2\/product"}],"about":[{"href":"https:\/\/infomacrio.com.br\/index.php\/wp-json\/wp\/v2\/types\/product"}],"wp:featuredmedia":[{"embeddable":true,"href":"https:\/\/infomacrio.com.br\/index.php\/wp-json\/wp\/v2\/media\/10768"}],"wp:attachment":[{"href":"https:\/\/infomacrio.com.br\/index.php\/wp-json\/wp\/v2\/media?parent=10766"}],"wp:term":[{"taxonomy":"product_brand","embeddable":true,"href":"https:\/\/infomacrio.com.br\/index.php\/wp-json\/wp\/v2\/product_brand?post=10766"},{"taxonomy":"product_cat","embeddable":true,"href":"https:\/\/infomacrio.com.br\/index.php\/wp-json\/wp\/v2\/product_cat?post=10766"},{"taxonomy":"product_tag","embeddable":true,"href":"https:\/\/infomacrio.com.br\/index.php\/wp-json\/wp\/v2\/product_tag?post=10766"}],"curies":[{"name":"wp","href":"https:\/\/api.w.org\/{rel}","templated":true}]}}