{"id":10764,"date":"2025-09-25T15:45:16","date_gmt":"2025-09-25T18:45:16","guid":{"rendered":"https:\/\/infomacrio.com.br\/index.php\/produto\/cx-som-maxprint-sound-master-2-1-subwoofer\/"},"modified":"2025-11-19T08:50:27","modified_gmt":"2025-11-19T11:50:27","slug":"cx-som-maxprint-sound-master-2-1-subwoofer","status":"publish","type":"product","link":"https:\/\/infomacrio.com.br\/index.php\/produto\/cx-som-maxprint-sound-master-2-1-subwoofer\/","title":{"rendered":"CX SOM MAXPRINT SOUND MASTER 2.1 SUBWOOFER"},"content":{"rendered":"<p>Caixa de som Master 2.1 acompanha o subwoofer proporcionando sons de freq\u00fc\u00eancias mais baixa, saia com som de alta qualidade sem nenhum tipo de interfer\u00eancia, vem com conector USB, corrente de carga com 600MA e Imped\u00e2ncia de 4,0 OHM.<\/p>\n<ul>\n<li>Imped\u00e2ncia: 40 OHM<\/li>\n<li>Conex\u00e3o: USB 5.0V<\/li>\n<li>Pot\u00eancia: 2.1<\/li>\n<li>Corrente de Carga: 600 MA<\/li>\n<li>Tamanho do alto-falante:76*76 +0.3MM Altura total: 44 + 0.5MM<\/li>\n<li>Comprimento da linha entre dois sons: 140cm<\/li>\n<li>Comprimento do barramento do alto-falante: 120cm<\/li>\n<\/ul>\n","protected":false},"excerpt":{"rendered":"<p>CX SOM MAXPRINT SOUND MASTER 2.1 SUBWOOFER<\/p>\n","protected":false},"featured_media":10774,"template":"","meta":{"om_disable_all_campaigns":false,"_monsterinsights_skip_tracking":false,"_monsterinsights_sitenote_active":false,"_monsterinsights_sitenote_note":"","_monsterinsights_sitenote_category":0},"product_brand":[],"product_cat":[337,296,336],"product_tag":[],"class_list":{"0":"post-10764","1":"product","2":"type-product","3":"status-publish","4":"has-post-thumbnail","6":"product_cat-caixa-de-som","7":"product_cat-informatica","8":"product_cat-som","9":"thunk-woo-product-list","10":"big-store-woo-hover-zoom","11":"open-single-product-tab-horizontal","12":"open-shadow-","13":"open-shadow-hover-","15":"first","16":"instock","17":"sale","18":"shipping-taxable","19":"purchasable","20":"product-type-simple"},"aioseo_notices":[],"_links":{"self":[{"href":"https:\/\/infomacrio.com.br\/index.php\/wp-json\/wp\/v2\/product\/10764","targetHints":{"allow":["GET"]}}],"collection":[{"href":"https:\/\/infomacrio.com.br\/index.php\/wp-json\/wp\/v2\/product"}],"about":[{"href":"https:\/\/infomacrio.com.br\/index.php\/wp-json\/wp\/v2\/types\/product"}],"wp:featuredmedia":[{"embeddable":true,"href":"https:\/\/infomacrio.com.br\/index.php\/wp-json\/wp\/v2\/media\/10774"}],"wp:attachment":[{"href":"https:\/\/infomacrio.com.br\/index.php\/wp-json\/wp\/v2\/media?parent=10764"}],"wp:term":[{"taxonomy":"product_brand","embeddable":true,"href":"https:\/\/infomacrio.com.br\/index.php\/wp-json\/wp\/v2\/product_brand?post=10764"},{"taxonomy":"product_cat","embeddable":true,"href":"https:\/\/infomacrio.com.br\/index.php\/wp-json\/wp\/v2\/product_cat?post=10764"},{"taxonomy":"product_tag","embeddable":true,"href":"https:\/\/infomacrio.com.br\/index.php\/wp-json\/wp\/v2\/product_tag?post=10764"}],"curies":[{"name":"wp","href":"https:\/\/api.w.org\/{rel}","templated":true}]}}