{"id":10701,"date":"2025-08-21T13:35:56","date_gmt":"2025-08-21T16:35:56","guid":{"rendered":"https:\/\/infomacrio.com.br\/index.php\/produto\/cabo-optico-drop-evus-1fo-1km\/"},"modified":"2026-04-20T14:40:31","modified_gmt":"2026-04-20T17:40:31","slug":"cabo-optico-drop-evus-1fo-1km","status":"publish","type":"product","link":"https:\/\/infomacrio.com.br\/index.php\/produto\/cabo-optico-drop-evus-1fo-1km\/","title":{"rendered":"CABO OPTICO DROP EVUS 1FO 1KM"},"content":{"rendered":"<p>O Cabo \u00d3ptico Flat Drop foi projetado para atender as exig\u00eancias dos provedores<br \/>\nde internet que atuam com redes FTTH (Fiber To The Home). Com 1 fibra \u00f3ptica<br \/>\nG.657A1, este cabo garante excelente desempenho em curvaturas e ambientes<br \/>\nconfinados, ideal para aplica\u00e7\u00f5es verticais e em tubula\u00e7\u00f5es sem ventila\u00e7\u00e3o.<\/p>\n<p>Seu diferencial est\u00e1 no\u00a0mensageiro de a\u00e7o com di\u00e2metro nominal de 0,8 mm, que<br \/>\nconfere maior resist\u00eancia mec\u00e2nica e facilita a\u00a0suspens\u00e3o a\u00e9rea e<br \/>\nancoragem, dispensando uso de cordoalhas adicionais. A\u00a0capa externa preta<br \/>\nem LSZH com prote\u00e7\u00e3o UV\u00a0amplia a durabilidade em ambientes externos e<br \/>\nagressivos.<\/p>\n","protected":false},"excerpt":{"rendered":"<p>CABO OPTICO DROP EVUS 1FO 1KM<\/p>\n","protected":false},"featured_media":10702,"template":"","meta":{"om_disable_all_campaigns":false,"_monsterinsights_skip_tracking":false,"_monsterinsights_sitenote_active":false,"_monsterinsights_sitenote_note":"","_monsterinsights_sitenote_category":0},"product_brand":[],"product_cat":[320,362,301],"product_tag":[],"class_list":{"0":"post-10701","1":"product","2":"type-product","3":"status-publish","4":"has-post-thumbnail","6":"product_cat-cabo-optico","7":"product_cat-drop","8":"product_cat-fibra-optica","9":"thunk-woo-product-list","10":"big-store-woo-hover-zoom","11":"open-single-product-tab-horizontal","12":"open-shadow-","13":"open-shadow-hover-","15":"first","16":"instock","17":"shipping-taxable","18":"product-type-simple"},"aioseo_notices":[],"_links":{"self":[{"href":"https:\/\/infomacrio.com.br\/index.php\/wp-json\/wp\/v2\/product\/10701","targetHints":{"allow":["GET"]}}],"collection":[{"href":"https:\/\/infomacrio.com.br\/index.php\/wp-json\/wp\/v2\/product"}],"about":[{"href":"https:\/\/infomacrio.com.br\/index.php\/wp-json\/wp\/v2\/types\/product"}],"wp:featuredmedia":[{"embeddable":true,"href":"https:\/\/infomacrio.com.br\/index.php\/wp-json\/wp\/v2\/media\/10702"}],"wp:attachment":[{"href":"https:\/\/infomacrio.com.br\/index.php\/wp-json\/wp\/v2\/media?parent=10701"}],"wp:term":[{"taxonomy":"product_brand","embeddable":true,"href":"https:\/\/infomacrio.com.br\/index.php\/wp-json\/wp\/v2\/product_brand?post=10701"},{"taxonomy":"product_cat","embeddable":true,"href":"https:\/\/infomacrio.com.br\/index.php\/wp-json\/wp\/v2\/product_cat?post=10701"},{"taxonomy":"product_tag","embeddable":true,"href":"https:\/\/infomacrio.com.br\/index.php\/wp-json\/wp\/v2\/product_tag?post=10701"}],"curies":[{"name":"wp","href":"https:\/\/api.w.org\/{rel}","templated":true}]}}