{"id":10566,"date":"2025-08-08T08:01:37","date_gmt":"2025-08-08T11:01:37","guid":{"rendered":"https:\/\/infomacrio.com.br\/index.php\/produto\/cabo-optico-drop-htgd-1fo-1km-2\/"},"modified":"2026-04-11T10:41:04","modified_gmt":"2026-04-11T13:41:04","slug":"cabo-optico-drop-htgd-1fo-1km-2","status":"publish","type":"product","link":"https:\/\/infomacrio.com.br\/index.php\/produto\/cabo-optico-drop-htgd-1fo-1km-2\/","title":{"rendered":"CABO OPTICO DROP HTGD 1FO 1KM"},"content":{"rendered":"<div class=\"woocommerce-product-details__short-description\">\n<div class=\"woocommerce-product-details__short-description\">\n<p>O Cabo \u00d3ptico Flat Drop HTGD foi projetado para atender as exig\u00eancias dos provedores de internet que atuam com redes FTTH (Fiber To The Home). Com 1 fibra \u00f3ptica G.657A, este cabo garante excelente desempenho em curvaturas e ambientes confinados, ideal para aplica\u00e7\u00f5es verticais e em tubula\u00e7\u00f5es sem ventila\u00e7\u00e3o. Seu diferencial est\u00e1 no mensageiro de a\u00e7o com di\u00e2metro nominal de 0,8 mm, que confere maior resist\u00eancia mec\u00e2nica e facilita a suspens\u00e3o a\u00e9rea e ancoragem, dispensando uso de cordoalhas adicionais. A capa externa preta em LSZH com prote\u00e7\u00e3o UV amplia a durabilidade em ambientes externos e agressivos. Classificado como COG (Cabo \u00d3ptico de uso Geral), pode ser instalado em diversas situa\u00e7\u00f5es, inclusive locais com alta densidade de cabos. \u00c9 compat\u00edvel com conectores fast (Q1 ou Q4), caixas de atendimento, al\u00e7as pr\u00e9-formadas e acess\u00f3rios met\u00e1licos para rede \u00f3ptica.<\/p>\n<p>Quais os benef\u00edcios do Cabo \u00d3ptico HTGD GJYXCH com mensageiro 0,8 mm? Mensageiro de a\u00e7o 0,8 mm integrado, ideal para instala\u00e7\u00e3o a\u00e9rea com alta resist\u00eancia \u00e0 tra\u00e7\u00e3o. Fibra G.657A2 com baixa sensibilidade a curvaturas, excelente para ambientes internos e externos. Capa LSZH com prote\u00e7\u00e3o UV, resistente ao calor e raios solares. Classifica\u00e7\u00e3o COG, compat\u00edvel com instala\u00e7\u00f5es verticais e tubula\u00e7\u00f5es densas. Baixa atenua\u00e7\u00e3o \u00f3ptica, com excelente desempenho em 1310 nm e 1550 nm. Alta resist\u00eancia mec\u00e2nica, suportando at\u00e9 660 N de tra\u00e7\u00e3o e 2200 N de esmagamento.<\/p>\n<\/div>\n<\/div>\n","protected":false},"excerpt":{"rendered":"<p>CABO OPTICO DROP HTGD 1FO 1KM<\/p>\n","protected":false},"featured_media":10594,"template":"","meta":{"om_disable_all_campaigns":false,"_monsterinsights_skip_tracking":false,"_monsterinsights_sitenote_active":false,"_monsterinsights_sitenote_note":"","_monsterinsights_sitenote_category":0},"product_brand":[],"product_cat":[320,362,301],"product_tag":[],"class_list":{"0":"post-10566","1":"product","2":"type-product","3":"status-publish","4":"has-post-thumbnail","6":"product_cat-cabo-optico","7":"product_cat-drop","8":"product_cat-fibra-optica","9":"thunk-woo-product-list","10":"big-store-woo-hover-zoom","11":"open-single-product-tab-horizontal","12":"open-shadow-","13":"open-shadow-hover-","15":"first","16":"instock","17":"shipping-taxable","18":"product-type-simple"},"aioseo_notices":[],"_links":{"self":[{"href":"https:\/\/infomacrio.com.br\/index.php\/wp-json\/wp\/v2\/product\/10566","targetHints":{"allow":["GET"]}}],"collection":[{"href":"https:\/\/infomacrio.com.br\/index.php\/wp-json\/wp\/v2\/product"}],"about":[{"href":"https:\/\/infomacrio.com.br\/index.php\/wp-json\/wp\/v2\/types\/product"}],"wp:featuredmedia":[{"embeddable":true,"href":"https:\/\/infomacrio.com.br\/index.php\/wp-json\/wp\/v2\/media\/10594"}],"wp:attachment":[{"href":"https:\/\/infomacrio.com.br\/index.php\/wp-json\/wp\/v2\/media?parent=10566"}],"wp:term":[{"taxonomy":"product_brand","embeddable":true,"href":"https:\/\/infomacrio.com.br\/index.php\/wp-json\/wp\/v2\/product_brand?post=10566"},{"taxonomy":"product_cat","embeddable":true,"href":"https:\/\/infomacrio.com.br\/index.php\/wp-json\/wp\/v2\/product_cat?post=10566"},{"taxonomy":"product_tag","embeddable":true,"href":"https:\/\/infomacrio.com.br\/index.php\/wp-json\/wp\/v2\/product_tag?post=10566"}],"curies":[{"name":"wp","href":"https:\/\/api.w.org\/{rel}","templated":true}]}}