{"id":10564,"date":"2025-08-08T08:01:35","date_gmt":"2025-08-08T11:01:35","guid":{"rendered":"https:\/\/infomacrio.com.br\/index.php\/produto\/carregador-tomada-c3tech-uc-p100bk\/"},"modified":"2026-04-27T15:24:31","modified_gmt":"2026-04-27T18:24:31","slug":"carregador-tomada-c3tech-uc-p100bk","status":"publish","type":"product","link":"https:\/\/infomacrio.com.br\/index.php\/produto\/carregador-tomada-c3tech-uc-p100bk\/","title":{"rendered":"CARREGADOR TOMADA C3TECH UC-P100BK USB-C"},"content":{"rendered":"<p>Carregue seus dispositivos rapidamente com este carregador USB-C de 20W, equipado com tecnologia PD 3.0 para carregamento eficiente e seguro. Compat\u00edvel com o padr\u00e3o brasileiro NBR 14136, oferece sa\u00eddas ajust\u00e1veis de 5V\/3A, 9V\/2.22A e 12V\/1.67A. Compacto e confi\u00e1vel, \u00e9 perfeito para o dia a dia e viagens.<\/p>\n","protected":false},"excerpt":{"rendered":"<p>CARREGADOR TOMADA C3TECH UC-P100BK USB-C<\/p>\n","protected":false},"featured_media":10644,"template":"","meta":{"om_disable_all_campaigns":false,"_monsterinsights_skip_tracking":false,"_monsterinsights_sitenote_active":false,"_monsterinsights_sitenote_note":"","_monsterinsights_sitenote_category":0},"product_brand":[],"product_cat":[343,308],"product_tag":[],"class_list":{"0":"post-10564","1":"product","2":"type-product","3":"status-publish","4":"has-post-thumbnail","6":"product_cat-carregador-p-celular","7":"product_cat-telefonia","8":"thunk-woo-product-list","9":"big-store-woo-hover-zoom","10":"open-single-product-tab-horizontal","11":"open-shadow-","12":"open-shadow-hover-","14":"first","15":"instock","16":"sale","17":"shipping-taxable","18":"purchasable","19":"product-type-simple"},"aioseo_notices":[],"_links":{"self":[{"href":"https:\/\/infomacrio.com.br\/index.php\/wp-json\/wp\/v2\/product\/10564","targetHints":{"allow":["GET"]}}],"collection":[{"href":"https:\/\/infomacrio.com.br\/index.php\/wp-json\/wp\/v2\/product"}],"about":[{"href":"https:\/\/infomacrio.com.br\/index.php\/wp-json\/wp\/v2\/types\/product"}],"wp:featuredmedia":[{"embeddable":true,"href":"https:\/\/infomacrio.com.br\/index.php\/wp-json\/wp\/v2\/media\/10644"}],"wp:attachment":[{"href":"https:\/\/infomacrio.com.br\/index.php\/wp-json\/wp\/v2\/media?parent=10564"}],"wp:term":[{"taxonomy":"product_brand","embeddable":true,"href":"https:\/\/infomacrio.com.br\/index.php\/wp-json\/wp\/v2\/product_brand?post=10564"},{"taxonomy":"product_cat","embeddable":true,"href":"https:\/\/infomacrio.com.br\/index.php\/wp-json\/wp\/v2\/product_cat?post=10564"},{"taxonomy":"product_tag","embeddable":true,"href":"https:\/\/infomacrio.com.br\/index.php\/wp-json\/wp\/v2\/product_tag?post=10564"}],"curies":[{"name":"wp","href":"https:\/\/api.w.org\/{rel}","templated":true}]}}