{"id":10562,"date":"2025-08-08T08:01:34","date_gmt":"2025-08-08T11:01:34","guid":{"rendered":"https:\/\/infomacrio.com.br\/index.php\/produto\/clivador-shoreline-alta-precisao\/"},"modified":"2026-03-19T10:25:10","modified_gmt":"2026-03-19T13:25:10","slug":"clivador-shoreline-alta-precisao","status":"publish","type":"product","link":"https:\/\/infomacrio.com.br\/index.php\/produto\/clivador-shoreline-alta-precisao\/","title":{"rendered":"CLIVADOR SHORELINE ALTA PRECIS\u00c3O"},"content":{"rendered":"<p>O Clivador de fibras \u00f3pticas modelo SH-COAP serve para fibras \u00f3pticas do tipo Monomodo (SM) e tamb\u00e9m para fibras \u00f3pticas do tipo Multimodo (MM) possui 12 posi\u00e7\u00f5es de lamina que pode ser girada conforme a l\u00e0mina vai perdendo o fio. Isso proporciona uma vida \u00fatil de at\u00e9 36.000 clivagens por l\u00e2mina.<\/p>\n<p>\u25c9 Modelo: SH-COAP<br \/>\n\u25c9\u00a0Corte: 250 um revestido ou 900 um fibra de buffer<br \/>\n\u25c9\u00a0Fibras aplic\u00e1veis: Monomodo ou Multimodo<br \/>\n\u25c9 12 Posi\u00e7\u00f5es de l\u00e2mina<br \/>\n\u25c9\u00a0Di\u00e2metro da fibra: 125um<br \/>\n\u25c9 \u00c2ngulo de Clivagem: 0.5<br \/>\n\u25c9 Comprimento de clave: 9-16mm (\u00fanico revestimento de fibra-0.25mm), 10-16mm (\u00fanico revestimento de fibra-0.9mm), \u00fanico n\u00facleo (&amp; phi; 0.25 &amp; 0.9mm) -fibra de fita de 12 n\u00facleos-2.5 fio coberto<br \/>\n\u25c9 Tempo de vida da l\u00e2mina: 36.000 clivagens (3.000 para cada posi\u00e7\u00e3o da l\u00e2mina)<br \/>\n\u25c9 Comprimento de corte para fibra \u00f3ptica: 18mm<br \/>\n\u25c9 Dimens\u00f5es do Clivador: 71.3 (L) x 67.2 (C) x 51 (A) mm<br \/>\n\u25c9 Peso: 225g<\/p>\n","protected":false},"excerpt":{"rendered":"<p>CLIVADOR SHORELINE ALTA PRECIS\u00c3O<\/p>\n","protected":false},"featured_media":10641,"template":"","meta":{"om_disable_all_campaigns":false,"_monsterinsights_skip_tracking":false,"_monsterinsights_sitenote_active":false,"_monsterinsights_sitenote_note":"","_monsterinsights_sitenote_category":0},"product_brand":[],"product_cat":[349,313,348],"product_tag":[],"class_list":{"0":"post-10562","1":"product","2":"type-product","3":"status-publish","4":"has-post-thumbnail","6":"product_cat-clivador-optico","7":"product_cat-ferramentas","8":"product_cat-para-fibra-optica","9":"thunk-woo-product-list","10":"big-store-woo-hover-zoom","11":"open-single-product-tab-horizontal","12":"open-shadow-","13":"open-shadow-hover-","15":"first","16":"instock","17":"sale","18":"shipping-taxable","19":"purchasable","20":"product-type-simple"},"aioseo_notices":[],"_links":{"self":[{"href":"https:\/\/infomacrio.com.br\/index.php\/wp-json\/wp\/v2\/product\/10562","targetHints":{"allow":["GET"]}}],"collection":[{"href":"https:\/\/infomacrio.com.br\/index.php\/wp-json\/wp\/v2\/product"}],"about":[{"href":"https:\/\/infomacrio.com.br\/index.php\/wp-json\/wp\/v2\/types\/product"}],"wp:featuredmedia":[{"embeddable":true,"href":"https:\/\/infomacrio.com.br\/index.php\/wp-json\/wp\/v2\/media\/10641"}],"wp:attachment":[{"href":"https:\/\/infomacrio.com.br\/index.php\/wp-json\/wp\/v2\/media?parent=10562"}],"wp:term":[{"taxonomy":"product_brand","embeddable":true,"href":"https:\/\/infomacrio.com.br\/index.php\/wp-json\/wp\/v2\/product_brand?post=10562"},{"taxonomy":"product_cat","embeddable":true,"href":"https:\/\/infomacrio.com.br\/index.php\/wp-json\/wp\/v2\/product_cat?post=10562"},{"taxonomy":"product_tag","embeddable":true,"href":"https:\/\/infomacrio.com.br\/index.php\/wp-json\/wp\/v2\/product_tag?post=10562"}],"curies":[{"name":"wp","href":"https:\/\/api.w.org\/{rel}","templated":true}]}}