{"id":10558,"date":"2025-08-08T08:01:30","date_gmt":"2025-08-08T11:01:30","guid":{"rendered":"https:\/\/infomacrio.com.br\/index.php\/produto\/cto-mini-rosetao-4fo\/"},"modified":"2026-03-06T11:53:15","modified_gmt":"2026-03-06T14:53:15","slug":"cto-mini-rosetao-4fo","status":"publish","type":"product","link":"https:\/\/infomacrio.com.br\/index.php\/produto\/cto-mini-rosetao-4fo\/","title":{"rendered":"CTO MINI \/ ROSETAO 4FO"},"content":{"rendered":"<p>\u2013 Caixa para at\u00e9 4 conectores e instala\u00e7\u00e3o em redes FTTH\/PTO.<\/p>\n<p>\u2013Estrutura compacta e de f\u00e1cil manuseio<\/p>\n<p>\u2013 Pode ser instalada em caixas herm\u00e9ticas, possibilitando seu uso em ambientes externos<\/p>\n<p>\u2013 Feita em pl\u00e1stico de alta resist\u00eancia mec\u00e2nica<\/p>\n<p>\u2013 Reserva t\u00e9cnica interna<\/p>\n<p>\u2013 Possui presilha destac\u00e1vel para fixa\u00e7\u00e3o de fibra<\/p>\n<p>\u2013 Permite realizar a termina\u00e7\u00e3o atrav\u00e9s de conex\u00e3o direta ou emenda por fus\u00e3o em extens\u00e3o pr\u00e9-conectada<\/p>\n<p>\u2013 Capacidade de acomoda\u00e7\u00e3o de emendas \u00f3pticas por fus\u00e3o ou emendas mec\u00e2nicas<\/p>\n<p>\u2013 Capacidade de utiliza\u00e7\u00e3o de at\u00e9 4 conectores \u00f3pticos tipo SC Simplex ou LC Duplex<\/p>\n<p>\u2013 Duas entradas destac\u00e1veis para entrada\/sa\u00edda de cabos ou cord\u00f5es \u00f3pticos<\/p>\n<p>&#8212; Acomoda\u00e7\u00e3o de reserva t\u00e9cnica para cabo drop ou patch cord de fibra<\/p>\n<p>\u2013 Possibilita fixa\u00e7\u00e3o de entrada de cabos de diversos di\u00e2metros atrav\u00e9s de<br \/>\ntravamento por parafuso ou abra\u00e7adeira<\/p>\n<p>* Acompanha:<\/p>\n<p>2 parafusos<\/p>\n<p>2 buchas<\/p>\n<p>1 borracha de veda\u00e7\u00e3o<\/p>\n<p>4 abra\u00e7adeiras<\/p>\n<p>Dimens\u00f5es:<\/p>\n<p>14,5x11x2,5 cm<\/p>\n<p>Cor: Branca<\/p>\n","protected":false},"excerpt":{"rendered":"<p>CTO MINI \/ ROSETAO 4FO<\/p>\n","protected":false},"featured_media":10622,"template":"","meta":{"om_disable_all_campaigns":false,"_monsterinsights_skip_tracking":false,"_monsterinsights_sitenote_active":false,"_monsterinsights_sitenote_note":"","_monsterinsights_sitenote_category":0},"product_brand":[],"product_cat":[302,301,422],"product_tag":[],"class_list":{"0":"post-10558","1":"product","2":"type-product","3":"status-publish","4":"has-post-thumbnail","6":"product_cat-cto","7":"product_cat-fibra-optica","8":"product_cat-roseta-cto-pto","9":"thunk-woo-product-list","10":"big-store-woo-hover-zoom","11":"open-single-product-tab-horizontal","12":"open-shadow-","13":"open-shadow-hover-","15":"first","16":"instock","17":"shipping-taxable","18":"product-type-simple"},"aioseo_notices":[],"_links":{"self":[{"href":"https:\/\/infomacrio.com.br\/index.php\/wp-json\/wp\/v2\/product\/10558","targetHints":{"allow":["GET"]}}],"collection":[{"href":"https:\/\/infomacrio.com.br\/index.php\/wp-json\/wp\/v2\/product"}],"about":[{"href":"https:\/\/infomacrio.com.br\/index.php\/wp-json\/wp\/v2\/types\/product"}],"wp:featuredmedia":[{"embeddable":true,"href":"https:\/\/infomacrio.com.br\/index.php\/wp-json\/wp\/v2\/media\/10622"}],"wp:attachment":[{"href":"https:\/\/infomacrio.com.br\/index.php\/wp-json\/wp\/v2\/media?parent=10558"}],"wp:term":[{"taxonomy":"product_brand","embeddable":true,"href":"https:\/\/infomacrio.com.br\/index.php\/wp-json\/wp\/v2\/product_brand?post=10558"},{"taxonomy":"product_cat","embeddable":true,"href":"https:\/\/infomacrio.com.br\/index.php\/wp-json\/wp\/v2\/product_cat?post=10558"},{"taxonomy":"product_tag","embeddable":true,"href":"https:\/\/infomacrio.com.br\/index.php\/wp-json\/wp\/v2\/product_tag?post=10558"}],"curies":[{"name":"wp","href":"https:\/\/api.w.org\/{rel}","templated":true}]}}