{"id":10550,"date":"2025-08-08T08:01:24","date_gmt":"2025-08-08T11:01:24","guid":{"rendered":"https:\/\/infomacrio.com.br\/index.php\/produto\/fonte-real-adata-evus-evg600-600w-80-plus-bronze\/"},"modified":"2025-11-26T11:15:52","modified_gmt":"2025-11-26T14:15:52","slug":"fonte-real-adata-evus-evg600-600w-80-plus-bronze","status":"publish","type":"product","link":"https:\/\/infomacrio.com.br\/index.php\/produto\/fonte-real-adata-evus-evg600-600w-80-plus-bronze\/","title":{"rendered":"FONTE REAL ADATA EVUS EVG600 600W 80 PLUS BRONZE"},"content":{"rendered":"<p>Com novo design, mais clean e com linhas mais modernas, nossas embalagens tamb\u00e9m est\u00e3o de cara nova. Nos apropriamos da Cor roxa e o nosso logo virou protagonista, gerando sempre uma associa\u00e7\u00e3o a nova identidade, que representa o seu espa\u00e7o. N\u00e3o se preocupe, nova logo, nova embalagem, mesmo produto!<\/p>\n<p>A Fonte Evus EVG600 Gamer oferece a melhor performance para seu computador Gamer. Com pot\u00eancia de 600W, PFC ativo, Certificado de Efici\u00eancia 80 Plus Bronze, seu computador ter\u00e1 a pot\u00eancia necess\u00e1ria para funcionar com alto desempenho e com total estabilidade para voc\u00ea jogar os seus jogos garantindo desempenho superior e confiabilidade. A fonte EVUS EVG600 ainda conta com LED RGB que deixa o visual do seu setup gamer muito mais bonito e moderno.<\/p>\n<p>Caracter\u00edsticas: &#8211; 600W de pot\u00eancia real &#8211; 80 PLUS BRONZE &#8211; PFC Ativo &#8211; Cooler com Fan de 120mm com LED RGB &#8211; Voltagem autom\u00e1tica: 100~230V &#8211; Frequ\u00eancia: 50~60Hz &#8211; 6 x Conectores SATA &#8211; 2 x 4 Pinos Molex &#8211; 1 x 20 com 4 pinos ATX &#8211; 1 x 4+4 Pinos ATX &#8211; 2 x PCI-E 6 &#8211; Comprimento dos cabos internos: 55cm Prote\u00e7\u00e3o: &#8211; OVP \/ OPP \/ UVP \/ SCP \/ OCP &#8211; PFC: Duplo sistema de chaveamento<\/p>\n","protected":false},"excerpt":{"rendered":"<p>FONTE REAL ADATA EVUS EVG600 600W 80 PLUS BRONZE<\/p>\n","protected":false},"featured_media":10616,"template":"","meta":{"om_disable_all_campaigns":false,"_monsterinsights_skip_tracking":false,"_monsterinsights_sitenote_active":false,"_monsterinsights_sitenote_note":"","_monsterinsights_sitenote_category":0},"product_brand":[],"product_cat":[374,354,296],"product_tag":[],"class_list":{"0":"post-10550","1":"product","2":"type-product","3":"status-publish","4":"has-post-thumbnail","6":"product_cat-fonte-atx","7":"product_cat-hardware","8":"product_cat-informatica","9":"thunk-woo-product-list","10":"big-store-woo-hover-zoom","11":"open-single-product-tab-horizontal","12":"open-shadow-","13":"open-shadow-hover-","15":"first","16":"outofstock","17":"sale","18":"shipping-taxable","19":"purchasable","20":"product-type-simple"},"aioseo_notices":[],"_links":{"self":[{"href":"https:\/\/infomacrio.com.br\/index.php\/wp-json\/wp\/v2\/product\/10550","targetHints":{"allow":["GET"]}}],"collection":[{"href":"https:\/\/infomacrio.com.br\/index.php\/wp-json\/wp\/v2\/product"}],"about":[{"href":"https:\/\/infomacrio.com.br\/index.php\/wp-json\/wp\/v2\/types\/product"}],"wp:featuredmedia":[{"embeddable":true,"href":"https:\/\/infomacrio.com.br\/index.php\/wp-json\/wp\/v2\/media\/10616"}],"wp:attachment":[{"href":"https:\/\/infomacrio.com.br\/index.php\/wp-json\/wp\/v2\/media?parent=10550"}],"wp:term":[{"taxonomy":"product_brand","embeddable":true,"href":"https:\/\/infomacrio.com.br\/index.php\/wp-json\/wp\/v2\/product_brand?post=10550"},{"taxonomy":"product_cat","embeddable":true,"href":"https:\/\/infomacrio.com.br\/index.php\/wp-json\/wp\/v2\/product_cat?post=10550"},{"taxonomy":"product_tag","embeddable":true,"href":"https:\/\/infomacrio.com.br\/index.php\/wp-json\/wp\/v2\/product_tag?post=10550"}],"curies":[{"name":"wp","href":"https:\/\/api.w.org\/{rel}","templated":true}]}}