{"id":10546,"date":"2025-08-08T08:01:21","date_gmt":"2025-08-08T11:01:21","guid":{"rendered":"https:\/\/infomacrio.com.br\/index.php\/produto\/fonte-real-adata-evus-evg750-750w-80-plus-bronze\/"},"modified":"2026-01-21T12:20:04","modified_gmt":"2026-01-21T15:20:04","slug":"fonte-real-adata-evus-evg750-750w-80-plus-bronze","status":"publish","type":"product","link":"https:\/\/infomacrio.com.br\/index.php\/produto\/fonte-real-adata-evus-evg750-750w-80-plus-bronze\/","title":{"rendered":"FONTE REAL ADATA EVUS EVG750 750W 80 PLUS BRONZE"},"content":{"rendered":"<p>A Fonte Gamer Evus EVG750 ARGB entrega efici\u00eancia energ\u00e9tica e controle total de ilumina\u00e7\u00e3o!<\/p>\n<p>Com o Selo 80 PLUS BRONZE, sua efici\u00eancia energ\u00e9tica se mant\u00e9m acima de 82%, o que significa menor dissipa\u00e7\u00e3o de calor dentro do gabinete e economia de energia ao alimentar todo o seu hardware. Al\u00e9m disso, a fonte EVG750 possui PFC Ativo para convers\u00e3o de chaveamento duplo (Bivolt), fornecendo 750W reais, e tamb\u00e9m conta com prote\u00e7\u00f5es tipo OVP | OPP | UVP | SCP | OCP.<\/p>\n<p>Com 6 conectores Sata e 2 Molex, a Fonte Gamer Evus EVG750 ARGB \u00e9 muito vers\u00e1til e discreta, pois todos os cabos s\u00e3o pretos e revestidos em nylon.<\/p>\n<p>Tenha o melhor da ilumina\u00e7\u00e3o em LED, com m\u00faltiplos efeitos de ilumina\u00e7\u00e3o e LED\u2019s endere\u00e7\u00e1veis com a tecnologia ARGB*, atrav\u00e9s do cabo com conector 5v. Sincronize os efeitos dos LED\u2019s com os demais componentes do seu gabinete, criando um estilo \u00fanico e homog\u00eaneo em seu setup gamer.<\/p>\n<p>Tamanho da fonte: 160*150*85 mm<br \/>\nEfici\u00eancia: &gt; 82%<br \/>\nTamanho dos cabos: 55 cm<br \/>\nTens\u00e3o de entrada: 110-240 VAC<br \/>\nPFC: Convers\u00e3o de Chaveamento Duplo<br \/>\nAmbiente operacional: 0\u00baC min. a +40\u00baC max.<br \/>\nAprova\u00e7\u00f5es de seguran\u00e7a: EMI, CE, FCC, GOST, CB, EAC, CCP.<br \/>\nDissipa\u00e7\u00e3o de calor: Design de ventila\u00e7\u00e3o em colm\u00e9ia<br \/>\nCabo de Energia: Incluso<\/p>\n<p>PROTE\u00c7\u00d5ES<br \/>\nProte\u00e7\u00e3o contra sobrecorrente (OCP)<br \/>\nProte\u00e7\u00e3o contra sobretens\u00e3o (OVP)<br \/>\nProte\u00e7\u00e3o contra subtens\u00e3o (UVP)<br \/>\nProte\u00e7\u00e3o contra sobrecarga de energia (OPP)<br \/>\nProte\u00e7\u00e3o contra curto-circuito (SCP)<\/p>\n<p>ESPECIFICA\u00c7\u00d5ES DO FAN<br \/>\nTamanho: 120*120*25mm<br \/>\nTens\u00e3o nominal: DC12V<br \/>\nN\u00edvel de ru\u00eddo: Baixo ru\u00eddo ondula\u00e7\u00e3o<br \/>\nIlumina\u00e7\u00e3o: LED\u2019s ARGB<br \/>\nRota\u00e7\u00e3o do FAN: Sentido anti-hor\u00e1rio<\/p>\n","protected":false},"excerpt":{"rendered":"<p>FONTE REAL ADATA EVUS EVG750 750W 80 PLUS BRONZE<\/p>\n","protected":false},"featured_media":10615,"template":"","meta":{"om_disable_all_campaigns":false,"_monsterinsights_skip_tracking":false,"_monsterinsights_sitenote_active":false,"_monsterinsights_sitenote_note":"","_monsterinsights_sitenote_category":0},"product_brand":[],"product_cat":[374,354,296],"product_tag":[],"class_list":{"0":"post-10546","1":"product","2":"type-product","3":"status-publish","4":"has-post-thumbnail","6":"product_cat-fonte-atx","7":"product_cat-hardware","8":"product_cat-informatica","9":"thunk-woo-product-list","10":"big-store-woo-hover-zoom","11":"open-single-product-tab-horizontal","12":"open-shadow-","13":"open-shadow-hover-","15":"first","16":"outofstock","17":"sale","18":"shipping-taxable","19":"purchasable","20":"product-type-simple"},"aioseo_notices":[],"_links":{"self":[{"href":"https:\/\/infomacrio.com.br\/index.php\/wp-json\/wp\/v2\/product\/10546","targetHints":{"allow":["GET"]}}],"collection":[{"href":"https:\/\/infomacrio.com.br\/index.php\/wp-json\/wp\/v2\/product"}],"about":[{"href":"https:\/\/infomacrio.com.br\/index.php\/wp-json\/wp\/v2\/types\/product"}],"wp:featuredmedia":[{"embeddable":true,"href":"https:\/\/infomacrio.com.br\/index.php\/wp-json\/wp\/v2\/media\/10615"}],"wp:attachment":[{"href":"https:\/\/infomacrio.com.br\/index.php\/wp-json\/wp\/v2\/media?parent=10546"}],"wp:term":[{"taxonomy":"product_brand","embeddable":true,"href":"https:\/\/infomacrio.com.br\/index.php\/wp-json\/wp\/v2\/product_brand?post=10546"},{"taxonomy":"product_cat","embeddable":true,"href":"https:\/\/infomacrio.com.br\/index.php\/wp-json\/wp\/v2\/product_cat?post=10546"},{"taxonomy":"product_tag","embeddable":true,"href":"https:\/\/infomacrio.com.br\/index.php\/wp-json\/wp\/v2\/product_tag?post=10546"}],"curies":[{"name":"wp","href":"https:\/\/api.w.org\/{rel}","templated":true}]}}