{"id":10542,"date":"2025-08-08T08:01:18","date_gmt":"2025-08-08T11:01:18","guid":{"rendered":"https:\/\/infomacrio.com.br\/index.php\/produto\/gabinete-hayom-gamer-gb1759-c-3-fan-rgb\/"},"modified":"2026-03-06T11:04:33","modified_gmt":"2026-03-06T14:04:33","slug":"gabinete-hayom-gamer-gb1759-c-3-fan-rgb","status":"publish","type":"product","link":"https:\/\/infomacrio.com.br\/index.php\/produto\/gabinete-hayom-gamer-gb1759-c-3-fan-rgb\/","title":{"rendered":"GABINETE HAYOM GAMER GB1759\/GB1769  C\/ 3 FAN RGB"},"content":{"rendered":"<p>Placa M\u00e3e ATX\/MICRO-ATX<br \/>\nPlaca de v\u00eddeo M\u00e1ximo 280mm<br \/>\nGPU 290mm<br \/>\nDisco 3.5 HDD* 1 \/ 2.5 SSD* 2<br \/>\nPainel Frontal USB3.0*1 \/ USB2.0*2 \/ Audio<br \/>\nVidros temperados<br \/>\nEspessura da chapa: 0,5mm<br \/>\nFonte de Alimenta\u00e7\u00e3o: ATX na posi\u00e7\u00e3o inferior (n\u00e3o inclusa)<br \/>\nPCI-E 7 Slots dispon\u00edveis<br \/>\nSuporta at\u00e9 4 Fans<br \/>\nFrente: 3x 120mm (Inclusos)<br \/>\nTraseira: 1 x 120mm<br \/>\nN\u00e3o suporta Watercooler<br \/>\nAltura M\u00e1xima do Cooler do Processador: 150mm<br \/>\nTamanho 330x180x425mm<br \/>\nPeso L\u00edquido: 3,3Kg<br \/>\nPeso Bruto: 3,7Kg<\/p>\n","protected":false},"excerpt":{"rendered":"<p>GABINETE HAYOM GAMER GB1759\/GB1769 C\/ 3 FAN RGB<\/p>\n","protected":false},"featured_media":10613,"template":"","meta":{"om_disable_all_campaigns":false,"_monsterinsights_skip_tracking":false,"_monsterinsights_sitenote_active":false,"_monsterinsights_sitenote_note":"","_monsterinsights_sitenote_category":0},"product_brand":[],"product_cat":[376,354,296],"product_tag":[],"class_list":{"0":"post-10542","1":"product","2":"type-product","3":"status-publish","4":"has-post-thumbnail","6":"product_cat-gabinete","7":"product_cat-hardware","8":"product_cat-informatica","9":"thunk-woo-product-list","10":"big-store-woo-hover-zoom","11":"open-single-product-tab-horizontal","12":"open-shadow-","13":"open-shadow-hover-","15":"first","16":"instock","17":"sale","18":"shipping-taxable","19":"purchasable","20":"product-type-simple"},"aioseo_notices":[],"_links":{"self":[{"href":"https:\/\/infomacrio.com.br\/index.php\/wp-json\/wp\/v2\/product\/10542","targetHints":{"allow":["GET"]}}],"collection":[{"href":"https:\/\/infomacrio.com.br\/index.php\/wp-json\/wp\/v2\/product"}],"about":[{"href":"https:\/\/infomacrio.com.br\/index.php\/wp-json\/wp\/v2\/types\/product"}],"wp:featuredmedia":[{"embeddable":true,"href":"https:\/\/infomacrio.com.br\/index.php\/wp-json\/wp\/v2\/media\/10613"}],"wp:attachment":[{"href":"https:\/\/infomacrio.com.br\/index.php\/wp-json\/wp\/v2\/media?parent=10542"}],"wp:term":[{"taxonomy":"product_brand","embeddable":true,"href":"https:\/\/infomacrio.com.br\/index.php\/wp-json\/wp\/v2\/product_brand?post=10542"},{"taxonomy":"product_cat","embeddable":true,"href":"https:\/\/infomacrio.com.br\/index.php\/wp-json\/wp\/v2\/product_cat?post=10542"},{"taxonomy":"product_tag","embeddable":true,"href":"https:\/\/infomacrio.com.br\/index.php\/wp-json\/wp\/v2\/product_tag?post=10542"}],"curies":[{"name":"wp","href":"https:\/\/api.w.org\/{rel}","templated":true}]}}