{"id":10540,"date":"2025-08-08T08:01:14","date_gmt":"2025-08-08T11:01:14","guid":{"rendered":"https:\/\/infomacrio.com.br\/index.php\/produto\/gas-p-macarico-refil-227g\/"},"modified":"2026-05-04T11:39:43","modified_gmt":"2026-05-04T14:39:43","slug":"gas-p-macarico-refil-227g","status":"publish","type":"product","link":"https:\/\/infomacrio.com.br\/index.php\/produto\/gas-p-macarico-refil-227g\/","title":{"rendered":"G\u00c1S P\/ MA\u00c7ARICO REFIL 227G"},"content":{"rendered":"<p>O g\u00e1s refil \u00e9 indicado para o uso em ma\u00e7aricos culin\u00e1rios, acampamento, agricultura, soldagem, artesanato, reparos, entre outros. Fabricado com v\u00e1lvula de seguran\u00e7a que permite o engate e desengate seguro, sem vazamentos, possibilitando o uso por v\u00e1rias vezes enquanto houver carga e evitando acidentes.<\/p>\n<p>ATEN\u00c7\u00c3O!\u00a0Para o uso em fogareiro, consulte o modelo de refil indicado pelo fabricante no manual do equipamento.<\/p>\n<p>MODO DE USO:\u00a0Encaixe o refil de g\u00e1s na posi\u00e7\u00e3o horizontal com a parte da v\u00e1lvula aberta virada para cima, evitando vazamentos e aproveitando todo o g\u00e1s do refil. Encaixe a v\u00e1lvula no local indicado pelo seu fogareiro, ma\u00e7arico ou lampi\u00e3o.<\/p>\n<p>COMPOSI\u00c7\u00c3O:\u00a0Mistura de hidrocarbonetos e Mercaptano.<\/p>\n<p>ARMAZENAMENTO:\u00a0Armazene em local seco, tampado e abrigado de radia\u00e7\u00e3o solar. N\u00e3o exponha a temperaturas superiores a 50\u00b0C.<\/p>\n<p>CONTE\u00daDO:\u00a0227g<\/p>\n","protected":false},"excerpt":{"rendered":"<p>G\u00c1S P\/ MA\u00c7ARICO REFIL 227G<\/p>\n","protected":false},"featured_media":10612,"template":"","meta":{"om_disable_all_campaigns":false,"_monsterinsights_skip_tracking":false,"_monsterinsights_sitenote_active":false,"_monsterinsights_sitenote_note":"","_monsterinsights_sitenote_category":0},"product_brand":[],"product_cat":[313,408],"product_tag":[],"class_list":{"0":"post-10540","1":"product","2":"type-product","3":"status-publish","4":"has-post-thumbnail","6":"product_cat-ferramentas","7":"product_cat-para-diversos","8":"thunk-woo-product-list","9":"big-store-woo-hover-zoom","10":"open-single-product-tab-horizontal","11":"open-shadow-","12":"open-shadow-hover-","14":"first","15":"instock","16":"sale","17":"shipping-taxable","18":"purchasable","19":"product-type-simple"},"aioseo_notices":[],"_links":{"self":[{"href":"https:\/\/infomacrio.com.br\/index.php\/wp-json\/wp\/v2\/product\/10540","targetHints":{"allow":["GET"]}}],"collection":[{"href":"https:\/\/infomacrio.com.br\/index.php\/wp-json\/wp\/v2\/product"}],"about":[{"href":"https:\/\/infomacrio.com.br\/index.php\/wp-json\/wp\/v2\/types\/product"}],"wp:featuredmedia":[{"embeddable":true,"href":"https:\/\/infomacrio.com.br\/index.php\/wp-json\/wp\/v2\/media\/10612"}],"wp:attachment":[{"href":"https:\/\/infomacrio.com.br\/index.php\/wp-json\/wp\/v2\/media?parent=10540"}],"wp:term":[{"taxonomy":"product_brand","embeddable":true,"href":"https:\/\/infomacrio.com.br\/index.php\/wp-json\/wp\/v2\/product_brand?post=10540"},{"taxonomy":"product_cat","embeddable":true,"href":"https:\/\/infomacrio.com.br\/index.php\/wp-json\/wp\/v2\/product_cat?post=10540"},{"taxonomy":"product_tag","embeddable":true,"href":"https:\/\/infomacrio.com.br\/index.php\/wp-json\/wp\/v2\/product_tag?post=10540"}],"curies":[{"name":"wp","href":"https:\/\/api.w.org\/{rel}","templated":true}]}}