{"id":10538,"date":"2025-08-08T08:01:12","date_gmt":"2025-08-08T11:01:12","guid":{"rendered":"https:\/\/infomacrio.com.br\/index.php\/produto\/gbic-v-sol-gpon-sfp-c-2\/"},"modified":"2026-04-07T12:40:57","modified_gmt":"2026-04-07T15:40:57","slug":"gbic-v-sol-gpon-sfp-c-2","status":"publish","type":"product","link":"https:\/\/infomacrio.com.br\/index.php\/produto\/gbic-v-sol-gpon-sfp-c-2\/","title":{"rendered":"GBIC V-SOL GPON SFP C++++"},"content":{"rendered":"<p>O M\u00d3DULO GPON GBIC SFP C++++ \u00e9 de simples instala\u00e7\u00e3o e n\u00e3o exige configura\u00e7\u00e3o, \u00e9 s\u00f3 conectar e come\u00e7ar a usar, contemplando a tecnologia Hot Swap, voc\u00ea pode inserir e remover os m\u00f3dulos com a OLT em funcionamento.<\/p>\n<p>Oferece alta velocidade de tr\u00e1fego de 2,5 Gbps no sentido downstream e 1,25 no sentido upstream, para tr\u00e1fego das informa\u00e7\u00f5es dos clientes, possibilitando uma expans\u00e3o de redes que oferece alta velocidade e perfeito para redes \u00f3pticas com dist\u00e2ncias de at\u00e9 20KM com pot\u00eancia na faixa de 8 ~ 9dBm.<\/p>\n","protected":false},"excerpt":{"rendered":"<p>GBIC V-SOL GPON SFP C++++<\/p>\n","protected":false},"featured_media":10610,"template":"","meta":{"om_disable_all_campaigns":false,"_monsterinsights_skip_tracking":false,"_monsterinsights_sitenote_active":false,"_monsterinsights_sitenote_note":"","_monsterinsights_sitenote_category":0},"product_brand":[],"product_cat":[301,444],"product_tag":[],"class_list":{"0":"post-10538","1":"product","2":"type-product","3":"status-publish","4":"has-post-thumbnail","6":"product_cat-fibra-optica","7":"product_cat-sfp-spf","8":"thunk-woo-product-list","9":"big-store-woo-hover-zoom","10":"open-single-product-tab-horizontal","11":"open-shadow-","12":"open-shadow-hover-","14":"first","15":"outofstock","16":"sale","17":"shipping-taxable","18":"purchasable","19":"product-type-simple"},"aioseo_notices":[],"_links":{"self":[{"href":"https:\/\/infomacrio.com.br\/index.php\/wp-json\/wp\/v2\/product\/10538","targetHints":{"allow":["GET"]}}],"collection":[{"href":"https:\/\/infomacrio.com.br\/index.php\/wp-json\/wp\/v2\/product"}],"about":[{"href":"https:\/\/infomacrio.com.br\/index.php\/wp-json\/wp\/v2\/types\/product"}],"wp:featuredmedia":[{"embeddable":true,"href":"https:\/\/infomacrio.com.br\/index.php\/wp-json\/wp\/v2\/media\/10610"}],"wp:attachment":[{"href":"https:\/\/infomacrio.com.br\/index.php\/wp-json\/wp\/v2\/media?parent=10538"}],"wp:term":[{"taxonomy":"product_brand","embeddable":true,"href":"https:\/\/infomacrio.com.br\/index.php\/wp-json\/wp\/v2\/product_brand?post=10538"},{"taxonomy":"product_cat","embeddable":true,"href":"https:\/\/infomacrio.com.br\/index.php\/wp-json\/wp\/v2\/product_cat?post=10538"},{"taxonomy":"product_tag","embeddable":true,"href":"https:\/\/infomacrio.com.br\/index.php\/wp-json\/wp\/v2\/product_tag?post=10538"}],"curies":[{"name":"wp","href":"https:\/\/api.w.org\/{rel}","templated":true}]}}