{"id":10535,"date":"2025-08-08T08:01:09","date_gmt":"2025-08-08T11:01:09","guid":{"rendered":"https:\/\/infomacrio.com.br\/index.php\/produto\/headset-fortrek-ranger-p3\/"},"modified":"2026-04-20T14:40:21","modified_gmt":"2026-04-20T17:40:21","slug":"headset-fortrek-ranger-p3","status":"publish","type":"product","link":"https:\/\/infomacrio.com.br\/index.php\/produto\/headset-fortrek-ranger-p3\/","title":{"rendered":"HEADSET FORTREK RANGER P3"},"content":{"rendered":"<p>O Headset Gamer Fortrek Ranger \u00e9 um produto resistente com som intenso e graves potentes. Devido aos seus falantes de 40mm \u00e9 poss\u00edvel ter maior percep\u00e7\u00e3o de som ao jogar, o que facilita o seu bom desempenho nos games.<\/p>\n<p>O Ranger tamb\u00e9m possui design ergon\u00f4mico trazendo muito conforto e tecnologia. Suas almofadas s\u00e3o macias e garantem mais conforto mesmo nas partidas mais longas, assim como suas hastes regul\u00e1veis desenvolvidas para aqueles que prezam pela qualidade. Com um controle diretamente no cabo \u00e9 poss\u00edvel controlar o volume do fone e tamb\u00e9m ajustar o microfone.<\/p>\n<p>Conector: P3 + Adaptador P2<br \/>\nControle volume: Sim, no cabo<br \/>\nCor: Preto<br \/>\nImped\u00e2ncia: 32 Ohms \u00b1 15%<br \/>\nResposta Frequ\u00eancia: 20Hz-20Khz<br \/>\nSensibilidade: Headset: 108dB\u00b12dB<br \/>\nMicrofone: -38dB\u00b12dB<\/p>\n<p>Comprimento: Cabo 1,2m t\u00eaxtil tran\u00e7ado<\/p>\n<p><strong>Informa\u00e7\u00e3o adicional:<\/strong><br \/>\n\u2022 Falante: 40mm<br \/>\n\u2022 Microfone: sim<br \/>\n\u2022 Conector: 3,5mm<br \/>\n\u2022 Sistema de som: est\u00e9reo<br \/>\n\u2022 Software para ajuste: n\u00e3o<\/p>\n<p><strong>Microfone:<\/strong><br \/>\n\u2022 Sensibilidade: -38dB\u00b12dB<br \/>\n\u2022 Polaridade: condensador<\/p>\n","protected":false},"excerpt":{"rendered":"<p>HEADSET FORTREK RANGER P3<\/p>\n","protected":false},"featured_media":10805,"template":"","meta":{"om_disable_all_campaigns":false,"_monsterinsights_skip_tracking":false,"_monsterinsights_sitenote_active":false,"_monsterinsights_sitenote_note":"","_monsterinsights_sitenote_category":0},"product_brand":[],"product_cat":[380,296,336],"product_tag":[],"class_list":{"0":"post-10535","1":"product","2":"type-product","3":"status-publish","4":"has-post-thumbnail","6":"product_cat-headset","7":"product_cat-informatica","8":"product_cat-som","9":"thunk-woo-product-list","10":"big-store-woo-hover-zoom","11":"open-single-product-tab-horizontal","12":"open-shadow-","13":"open-shadow-hover-","15":"first","16":"instock","17":"sale","18":"shipping-taxable","19":"purchasable","20":"product-type-simple"},"aioseo_notices":[],"_links":{"self":[{"href":"https:\/\/infomacrio.com.br\/index.php\/wp-json\/wp\/v2\/product\/10535","targetHints":{"allow":["GET"]}}],"collection":[{"href":"https:\/\/infomacrio.com.br\/index.php\/wp-json\/wp\/v2\/product"}],"about":[{"href":"https:\/\/infomacrio.com.br\/index.php\/wp-json\/wp\/v2\/types\/product"}],"wp:featuredmedia":[{"embeddable":true,"href":"https:\/\/infomacrio.com.br\/index.php\/wp-json\/wp\/v2\/media\/10805"}],"wp:attachment":[{"href":"https:\/\/infomacrio.com.br\/index.php\/wp-json\/wp\/v2\/media?parent=10535"}],"wp:term":[{"taxonomy":"product_brand","embeddable":true,"href":"https:\/\/infomacrio.com.br\/index.php\/wp-json\/wp\/v2\/product_brand?post=10535"},{"taxonomy":"product_cat","embeddable":true,"href":"https:\/\/infomacrio.com.br\/index.php\/wp-json\/wp\/v2\/product_cat?post=10535"},{"taxonomy":"product_tag","embeddable":true,"href":"https:\/\/infomacrio.com.br\/index.php\/wp-json\/wp\/v2\/product_tag?post=10535"}],"curies":[{"name":"wp","href":"https:\/\/api.w.org\/{rel}","templated":true}]}}