{"id":10531,"date":"2025-08-08T08:01:06","date_gmt":"2025-08-08T11:01:06","guid":{"rendered":"https:\/\/infomacrio.com.br\/index.php\/produto\/kit-teclado-e-mouse-sem-fio-intelbras-csi50-2\/"},"modified":"2026-02-12T12:12:17","modified_gmt":"2026-02-12T15:12:17","slug":"kit-teclado-e-mouse-sem-fio-intelbras-csi50-2","status":"publish","type":"product","link":"https:\/\/infomacrio.com.br\/index.php\/produto\/kit-teclado-e-mouse-sem-fio-intelbras-csi50-2\/","title":{"rendered":"KIT TECLADO E MOUSE SEM FIO INTELBRAS CSI50"},"content":{"rendered":"<p>Utilize o combo CSI 50 para manter sua esta\u00e7\u00e3o de trabalho e estudo livre de fios, aumentando o foco e a produtividade das suas tarefas com precis\u00e3o e conforto.<\/p>\n<p>Combo teclado e mouse sem fio, com click silencioso, confort\u00e1vel e com modo Standby, que economiza energia sempre que voc\u00ea pausa as suas atividades.<\/p>\n<p>Teclado com indica\u00e7\u00e3o de bateria, p\u00e9s retr\u00e1teis e teclas espa\u00e7adas que trazem mais conforto e estabilidade na digita\u00e7\u00e3o, al\u00e9m de acesso r\u00e1pido a aplicativos e comandos atrav\u00e9s de teclas de atalho.<\/p>\n<p>Mouse produzido com materiais leves permitindo que voc\u00ea trabalhe ou estude confortavelmente por horas. Possui tr\u00eas bot\u00f5es de comando e \u00e9 projetado para usu\u00e1rios destros e canhotos, garantindo total usabilidade.<\/p>\n<p>Pronto para o uso! \u00c9 s\u00f3 conectar o dongle em uma porta USB de seu PC ou notebook. N\u00e3o se incomode mais com fios, garanta sua liberdade e autonomia em todos os lugares, sem precisar se preocupar com a perda de pot\u00eancia.<\/p>\n<p>Compat\u00edvel com diversos sistemas operacionais.<\/p>\n","protected":false},"excerpt":{"rendered":"<p>KIT TECLADO E MOUSE SEM FIO INTELBRAS CSI50<\/p>\n","protected":false},"featured_media":10586,"template":"","meta":{"om_disable_all_campaigns":false,"_monsterinsights_skip_tracking":false,"_monsterinsights_sitenote_active":false,"_monsterinsights_sitenote_note":"","_monsterinsights_sitenote_category":0},"product_brand":[],"product_cat":[296,387,384],"product_tag":[],"class_list":{"0":"post-10531","1":"product","2":"type-product","3":"status-publish","4":"has-post-thumbnail","6":"product_cat-informatica","7":"product_cat-kit-teclado-e-mouse","8":"product_cat-perifericos","9":"thunk-woo-product-list","10":"big-store-woo-hover-zoom","11":"open-single-product-tab-horizontal","12":"open-shadow-","13":"open-shadow-hover-","15":"first","16":"instock","17":"sale","18":"shipping-taxable","19":"purchasable","20":"product-type-simple"},"aioseo_notices":[],"_links":{"self":[{"href":"https:\/\/infomacrio.com.br\/index.php\/wp-json\/wp\/v2\/product\/10531","targetHints":{"allow":["GET"]}}],"collection":[{"href":"https:\/\/infomacrio.com.br\/index.php\/wp-json\/wp\/v2\/product"}],"about":[{"href":"https:\/\/infomacrio.com.br\/index.php\/wp-json\/wp\/v2\/types\/product"}],"wp:featuredmedia":[{"embeddable":true,"href":"https:\/\/infomacrio.com.br\/index.php\/wp-json\/wp\/v2\/media\/10586"}],"wp:attachment":[{"href":"https:\/\/infomacrio.com.br\/index.php\/wp-json\/wp\/v2\/media?parent=10531"}],"wp:term":[{"taxonomy":"product_brand","embeddable":true,"href":"https:\/\/infomacrio.com.br\/index.php\/wp-json\/wp\/v2\/product_brand?post=10531"},{"taxonomy":"product_cat","embeddable":true,"href":"https:\/\/infomacrio.com.br\/index.php\/wp-json\/wp\/v2\/product_cat?post=10531"},{"taxonomy":"product_tag","embeddable":true,"href":"https:\/\/infomacrio.com.br\/index.php\/wp-json\/wp\/v2\/product_tag?post=10531"}],"curies":[{"name":"wp","href":"https:\/\/api.w.org\/{rel}","templated":true}]}}