{"id":10526,"date":"2025-08-08T08:01:02","date_gmt":"2025-08-08T11:01:02","guid":{"rendered":"https:\/\/infomacrio.com.br\/index.php\/produto\/maquina-de-cintar-poste-fusimec-catraca-2\/"},"modified":"2025-12-08T14:17:19","modified_gmt":"2025-12-08T17:17:19","slug":"maquina-de-cintar-poste-fusimec-catraca-2","status":"publish","type":"product","link":"https:\/\/infomacrio.com.br\/index.php\/produto\/maquina-de-cintar-poste-fusimec-catraca-2\/","title":{"rendered":"M\u00c1QUINA DE CINTAR POSTE FUSIMEC CATRACA"},"content":{"rendered":"<p>M\u00e1quina De Cintar Poste para fita de a\u00e7o inox Com Catraca De Cabo injetado.<\/p>\n<p>Caracter\u00edsticas:<\/p>\n<p>&#8211; Com catraca que proporciona muito mais aperto na fita sem esfor\u00e7o do operador<\/p>\n<p>&#8211; Fabricada em a\u00e7o temperado de alta durabilidade<\/p>\n<p>&#8211; Cabo injetado, que n\u00e3o escorrega e permite uma posi\u00e7\u00e3o de trabalho confort\u00e1vel para o t\u00e9cnico<\/p>\n<p>&#8211; Aumenta a produtividade da equipe, pois sua opera\u00e7\u00e3o \u00e9 muito mais r\u00e1pida do que das m\u00e1quinas Fusimec comuns<\/p>\n<p>&#8211; A l\u00e2mina rende milhares de cortes, pois \u00e9 fabricada com materiais de primeira linha Especifica\u00e7\u00f5es T\u00e9cnicas:<\/p>\n<p>&#8211; Cabo Anat\u00f4mico<\/p>\n<p>&#8211; Acabamento cromado<\/p>\n<p>&#8211; L\u00e2mina e corpo temperados (corte suave e preciso) diferentemente de algumas m\u00e1quinas que s\u00e3o produzidas em ferro fundido, a FL-100 \u00e9 fabricada em liga de a\u00e7o cromo, o que proporciona maior durabilidade e leveza ao produto Utilizado no cintamento com fitas de a\u00e7o ou nylon de 3\/8 (9,5mm) \u00e0 1 (25,4mm) de largura e espessuras de 0,5 \u00e0 0,8mm Indicado para fixa\u00e7\u00e3o de suportes em postes, linhas de telecomunica\u00e7\u00f5es, instala\u00e7\u00f5es de placas de sinaliza\u00e7\u00e3o, e outros. Mais resistente<br \/>\nMaior durabilidade<\/p>\n","protected":false},"excerpt":{"rendered":"<p>M\u00c1QUINA DE CINTAR POSTE FUSIMEC CATRACA<\/p>\n","protected":false},"featured_media":10584,"template":"","meta":{"om_disable_all_campaigns":false,"_monsterinsights_skip_tracking":false,"_monsterinsights_sitenote_active":false,"_monsterinsights_sitenote_note":"","_monsterinsights_sitenote_category":0},"product_brand":[],"product_cat":[313,408],"product_tag":[],"class_list":{"0":"post-10526","1":"product","2":"type-product","3":"status-publish","4":"has-post-thumbnail","6":"product_cat-ferramentas","7":"product_cat-para-diversos","8":"thunk-woo-product-list","9":"big-store-woo-hover-zoom","10":"open-single-product-tab-horizontal","11":"open-shadow-","12":"open-shadow-hover-","14":"first","15":"instock","16":"sale","17":"shipping-taxable","18":"purchasable","19":"product-type-simple"},"aioseo_notices":[],"_links":{"self":[{"href":"https:\/\/infomacrio.com.br\/index.php\/wp-json\/wp\/v2\/product\/10526","targetHints":{"allow":["GET"]}}],"collection":[{"href":"https:\/\/infomacrio.com.br\/index.php\/wp-json\/wp\/v2\/product"}],"about":[{"href":"https:\/\/infomacrio.com.br\/index.php\/wp-json\/wp\/v2\/types\/product"}],"wp:featuredmedia":[{"embeddable":true,"href":"https:\/\/infomacrio.com.br\/index.php\/wp-json\/wp\/v2\/media\/10584"}],"wp:attachment":[{"href":"https:\/\/infomacrio.com.br\/index.php\/wp-json\/wp\/v2\/media?parent=10526"}],"wp:term":[{"taxonomy":"product_brand","embeddable":true,"href":"https:\/\/infomacrio.com.br\/index.php\/wp-json\/wp\/v2\/product_brand?post=10526"},{"taxonomy":"product_cat","embeddable":true,"href":"https:\/\/infomacrio.com.br\/index.php\/wp-json\/wp\/v2\/product_cat?post=10526"},{"taxonomy":"product_tag","embeddable":true,"href":"https:\/\/infomacrio.com.br\/index.php\/wp-json\/wp\/v2\/product_tag?post=10526"}],"curies":[{"name":"wp","href":"https:\/\/api.w.org\/{rel}","templated":true}]}}