{"id":10516,"date":"2025-08-08T08:00:54","date_gmt":"2025-08-08T11:00:54","guid":{"rendered":"https:\/\/infomacrio.com.br\/index.php\/produto\/mouse-c3tech-sem-fio-rc-m-w60rd-vermelho\/"},"modified":"2026-02-02T14:52:02","modified_gmt":"2026-02-02T17:52:02","slug":"mouse-c3tech-sem-fio-rc-m-w60rd-vermelho","status":"publish","type":"product","link":"https:\/\/infomacrio.com.br\/index.php\/produto\/mouse-c3tech-sem-fio-rc-m-w60rd-vermelho\/","title":{"rendered":"MOUSE C3TECH SEM FIO RC M-W60RD VERMELHO"},"content":{"rendered":"<p>M-W60 da C3Tech e um mouse moderno, slim, portatil, projetado para estar com voce em qualquer situacao sem dificuldades de transporte. Com formato suave, ambidestro e opcao de cores para combinar perfeitamente com o restante de seus acessorios. Sem contar da ampla compatibilidade e bateria de longa duracao.<\/p>\n<p>Dimens\u00e3o 96.5*62.5*34.1 mm<br \/>\nPeso 82 g<br \/>\nConex\u00e3o Wireless 2.4GHz<br \/>\nRaio de Comunica\u00e7\u00e3o Sem Fio 10 m<br \/>\nTipo de Receptor Sem Fio Nano USB<br \/>\nDPI M\u00e1ximo 1600<br \/>\nPossui Ajuste de DPI Sim<br \/>\nOp\u00e7\u00f5es de DPI 1000-1200-1600<br \/>\nTipo de Sensor \u00d3ptico<br \/>\nModelo de Sensor<br \/>\nQtde Bot\u00f5es 4<br \/>\nPossui Scroll Sim<br \/>\nPossui Bot\u00e3o em Scroll Sim<br \/>\nErgon\u00f4mico N\u00e3o<br \/>\nAmbidestro Sim<br \/>\nPlug and Play Sim<br \/>\n&#8220;Compatibilidade Windows 7\/8\/10,<br \/>\nMacOS X 10.05 e acima,<br \/>\nLinux,Chrome OS&#8221;<\/p>\n<p>Acelera\u00e7\u00e3o<br \/>\nTaxa de Frequ\u00eancia (Polling Rate)<br \/>\nTempo de Resposta<br \/>\nDiferencial Bot\u00e3o Silencioso<br \/>\nTens\u00e3o de Opera\u00e7\u00e3o<br \/>\nCorrente de Opera\u00e7\u00e3o<br \/>\nAlimenta\u00e7\u00e3o 2 pilhas AAA<br \/>\nPossui Bateria Interna N\u00e3o<br \/>\nFor\u00e7a de Acionamento &#8211; Bot\u00f5es Principais<br \/>\nFor\u00e7a de Acionamento &#8211; Bot\u00f5es Laterais<br \/>\nFor\u00e7a de Acionamento &#8211; Bot\u00e3o Scroll<br \/>\nFor\u00e7a de Acionamento &#8211; Scroll<br \/>\nTempo de Vida &#8211; Bot\u00f5es Principais 3 milh\u00f5es de cliques<br \/>\nTempo de Vida &#8211; Bot\u00e3o Scroll 1 milh\u00e3o de cliques<br \/>\nTempo de Vida &#8211; Scroll 100 mil voltas<br \/>\nTemperatura Ambiente para Opera\u00e7\u00e3o -5\u00b0C a 40\u00b0C<br \/>\nUmidade Ambiente para Opera\u00e7\u00e3o 20% a 90% RH<\/p>\n","protected":false},"excerpt":{"rendered":"<p>MOUSE C3TECH SEM FIO RC M-W60RD VERMELHO<\/p>\n","protected":false},"featured_media":11051,"template":"","meta":{"om_disable_all_campaigns":false,"_monsterinsights_skip_tracking":false,"_monsterinsights_sitenote_active":false,"_monsterinsights_sitenote_note":"","_monsterinsights_sitenote_category":0},"product_brand":[],"product_cat":[296,393,384],"product_tag":[],"class_list":{"0":"post-10516","1":"product","2":"type-product","3":"status-publish","4":"has-post-thumbnail","6":"product_cat-informatica","7":"product_cat-mouse","8":"product_cat-perifericos","9":"thunk-woo-product-list","10":"big-store-woo-hover-zoom","11":"open-single-product-tab-horizontal","12":"open-shadow-","13":"open-shadow-hover-","15":"first","16":"instock","17":"sale","18":"shipping-taxable","19":"purchasable","20":"product-type-simple"},"aioseo_notices":[],"_links":{"self":[{"href":"https:\/\/infomacrio.com.br\/index.php\/wp-json\/wp\/v2\/product\/10516","targetHints":{"allow":["GET"]}}],"collection":[{"href":"https:\/\/infomacrio.com.br\/index.php\/wp-json\/wp\/v2\/product"}],"about":[{"href":"https:\/\/infomacrio.com.br\/index.php\/wp-json\/wp\/v2\/types\/product"}],"wp:featuredmedia":[{"embeddable":true,"href":"https:\/\/infomacrio.com.br\/index.php\/wp-json\/wp\/v2\/media\/11051"}],"wp:attachment":[{"href":"https:\/\/infomacrio.com.br\/index.php\/wp-json\/wp\/v2\/media?parent=10516"}],"wp:term":[{"taxonomy":"product_brand","embeddable":true,"href":"https:\/\/infomacrio.com.br\/index.php\/wp-json\/wp\/v2\/product_brand?post=10516"},{"taxonomy":"product_cat","embeddable":true,"href":"https:\/\/infomacrio.com.br\/index.php\/wp-json\/wp\/v2\/product_cat?post=10516"},{"taxonomy":"product_tag","embeddable":true,"href":"https:\/\/infomacrio.com.br\/index.php\/wp-json\/wp\/v2\/product_tag?post=10516"}],"curies":[{"name":"wp","href":"https:\/\/api.w.org\/{rel}","templated":true}]}}