{"id":10512,"date":"2025-08-08T08:00:50","date_gmt":"2025-08-08T11:00:50","guid":{"rendered":"https:\/\/infomacrio.com.br\/index.php\/produto\/ont-2flex-xpon-2ge-ac1200-2\/"},"modified":"2026-02-19T09:12:24","modified_gmt":"2026-02-19T12:12:24","slug":"ont-2flex-xpon-2ge-ac1200-2","status":"publish","type":"product","link":"https:\/\/infomacrio.com.br\/index.php\/produto\/ont-2flex-xpon-2ge-ac1200-2\/","title":{"rendered":"ONT 2FLEX XPON 2GE AC1200"},"content":{"rendered":"<p>\u00c9 uma ONT XPON projetada para atender aos requisitos da rede de acesso de<br \/>\nbanda larga. Ela lidera o caminho na pr\u00f3xima gera\u00e7\u00e3o de roteadores, oferecendo wireless<br \/>\nde banda dupla com todos os novos 802.11ac Wi-Fi. Seu alto desempenho fornece a melhor<br \/>\nconex\u00e3o sem fio em 2,4 GHz 300 Mbps e 5 GHz 867 Mbps. Essa ONT tem alta confiabilidade<br \/>\ne oferece garantia de qualidade de servi\u00e7o, f\u00e1cil gerenciamento, expans\u00e3o e rede flex\u00edvel.<br \/>\nEle atende totalmente os padr\u00f5es t\u00e9cnicos ITU-T e tem boa compatibilidade com outros.<\/p>\n<p><strong>Caracter\u00edsticas T\u00e9cnicas:<\/strong><\/p>\n<ul>\n<li>Modo duplo (compat\u00edveis com OLTs EPON e GPON).<\/li>\n<li>Compat\u00edvel com produtos 802.11 b\/g\/n\/ac.<\/li>\n<li>Plug and play, integre detec\u00e7\u00e3o autom\u00e1tica, configura\u00e7\u00e3o autom\u00e1tica e atualiza\u00e7\u00e3o autom\u00e1tica de firmware.<\/li>\n<li>Suporta downstream de 2,5 Gbps e upstream de 1,25 Gbps com dist\u00e2ncia de transmiss\u00e3o de 20 Km. (modo GPON).<\/li>\n<li>Banda dupla para velocidades sem fio, taxa de transfer\u00eancia de 1200Mbps, 2,4 GHz e 5 GHz simultaneamente.<\/li>\n<li>Suporta gerenciamento remoto OMCI (ONT Management Control Interface).<br \/>\nSuporte IPv4\/IPv6, IGMP snooping e MLD snooping.<\/li>\n<li>Suporta downstream de 1,25 Gbps e upstream de 1,25 Gbps com dist\u00e2ncia de transmiss\u00e3o de 20 Km. (modo EPON)<\/li>\n<\/ul>\n","protected":false},"excerpt":{"rendered":"<p>ONT 2FLEX XPON 2GE AC1200<\/p>\n","protected":false},"featured_media":10632,"template":"","meta":{"om_disable_all_campaigns":false,"_monsterinsights_skip_tracking":false,"_monsterinsights_sitenote_active":false,"_monsterinsights_sitenote_note":"","_monsterinsights_sitenote_category":0},"product_brand":[],"product_cat":[301,381,364,423,294],"product_tag":[],"class_list":{"0":"post-10512","1":"product","2":"type-product","3":"status-publish","4":"has-post-thumbnail","6":"product_cat-fibra-optica","7":"product_cat-hibrida","8":"product_cat-onu-ont","9":"product_cat-roteador-wireless","10":"product_cat-wireless","11":"thunk-woo-product-list","12":"big-store-woo-hover-zoom","13":"open-single-product-tab-horizontal","14":"open-shadow-","15":"open-shadow-hover-","17":"first","18":"instock","19":"sale","20":"shipping-taxable","21":"purchasable","22":"product-type-simple"},"aioseo_notices":[],"_links":{"self":[{"href":"https:\/\/infomacrio.com.br\/index.php\/wp-json\/wp\/v2\/product\/10512","targetHints":{"allow":["GET"]}}],"collection":[{"href":"https:\/\/infomacrio.com.br\/index.php\/wp-json\/wp\/v2\/product"}],"about":[{"href":"https:\/\/infomacrio.com.br\/index.php\/wp-json\/wp\/v2\/types\/product"}],"wp:featuredmedia":[{"embeddable":true,"href":"https:\/\/infomacrio.com.br\/index.php\/wp-json\/wp\/v2\/media\/10632"}],"wp:attachment":[{"href":"https:\/\/infomacrio.com.br\/index.php\/wp-json\/wp\/v2\/media?parent=10512"}],"wp:term":[{"taxonomy":"product_brand","embeddable":true,"href":"https:\/\/infomacrio.com.br\/index.php\/wp-json\/wp\/v2\/product_brand?post=10512"},{"taxonomy":"product_cat","embeddable":true,"href":"https:\/\/infomacrio.com.br\/index.php\/wp-json\/wp\/v2\/product_cat?post=10512"},{"taxonomy":"product_tag","embeddable":true,"href":"https:\/\/infomacrio.com.br\/index.php\/wp-json\/wp\/v2\/product_tag?post=10512"}],"curies":[{"name":"wp","href":"https:\/\/api.w.org\/{rel}","templated":true}]}}