{"id":10508,"date":"2025-08-08T08:00:47","date_gmt":"2025-08-08T11:00:47","guid":{"rendered":"https:\/\/infomacrio.com.br\/index.php\/produto\/onu-tp-link-xpon-xz000-g7-apc-2\/"},"modified":"2026-05-07T14:18:10","modified_gmt":"2026-05-07T17:18:10","slug":"onu-tp-link-xpon-xz000-g7-apc-2","status":"publish","type":"product","link":"https:\/\/infomacrio.com.br\/index.php\/produto\/onu-tp-link-xpon-xz000-g7-apc-2\/","title":{"rendered":"ONU TP-LINK XPON XZ000-G7 APC"},"content":{"rendered":"<p>Acesso \u00e0 Internet Gigabit:&nbsp;Uma porta PON e uma porta LAN gigabit oferecem velocidades de transfer\u00eancia r\u00e1pidas.<\/p>\n<p>Suporta XPON:&nbsp;O modo duplo EPON   GPON oferece maior flexibilidade para acesso \u00e0 internet de fibra.<\/p>\n<p>Durabilidade:&nbsp;M\u00e9todo inteligente de economia de energia<\/p>\n<p>Gerenciamento Remoto:&nbsp;Suporta o protocolo OMCI (Interface de Controle de Gerenciamento ONU) para configura\u00e7\u00e3o e gerenciamento centralizados.<\/p>\n<p>Servi\u00e7o XPON de Alta Velocidade.<\/p>\n<p>Compat\u00edvel com os padr\u00f5es GPON ITU-T G.984, o XZ000-G7 suporta taxas de dados m\u00e1ximas de at\u00e9<br \/>2,488 Gbps em dire\u00e7\u00e3o ao usu\u00e1rio (downstream) e 1,244 Gbps vindos do usu\u00e1rio (upstream).*<\/p>\n<p>Fibra do seu Provedor at\u00e9 o Assinante.<\/p>\n<p>O XZ000-G7 da TP-Link \u00e9 um terminal combo GPON (Gigabit Passive Optical Network)  <br \/>EPON (Ethernet Passive Optical Network), ideal para solu\u00e7\u00f5es de<br \/>Fibra-para-o-Domic\u00edlio (Fiber-to-the-Home).<\/p>\n<p>Acesso \u00e0 Internet Gigabit<\/p>\n<p>Com uma porta PON e uma porta Ethernet Gigabit, o XZ000-G7  oferece capacidades avan\u00e7adas de encaminhamento de alto desempenho<br \/>para garantir experi\u00eancias suaves de streaming de v\u00eddeo em HD e VoIP.<\/p>\n<p>*A velocidade real da rede pode ser limitada pela taxa da porta Ethernet WAN ou LAN do produto, pela taxa suportada pelo cabo de rede,<\/p>\n<p>pelos fatores do provedor de servi\u00e7os de Internet e outras condi\u00e7\u00f5es ambientais.<\/p>\n","protected":false},"excerpt":{"rendered":"<p>ONU TP-LINK XPON XZ000-G7 APC<\/p>\n","protected":false},"featured_media":10608,"template":"","meta":{"om_disable_all_campaigns":false,"_monsterinsights_skip_tracking":false,"_monsterinsights_sitenote_active":false,"_monsterinsights_sitenote_note":"","_monsterinsights_sitenote_category":0},"product_brand":[],"product_cat":[301,381,364],"product_tag":[],"class_list":{"0":"post-10508","1":"product","2":"type-product","3":"status-publish","4":"has-post-thumbnail","6":"product_cat-fibra-optica","7":"product_cat-hibrida","8":"product_cat-onu-ont","9":"thunk-woo-product-list","10":"big-store-woo-hover-zoom","11":"open-single-product-tab-horizontal","12":"open-shadow-","13":"open-shadow-hover-","15":"first","16":"instock","17":"sale","18":"shipping-taxable","19":"purchasable","20":"product-type-simple"},"aioseo_notices":[],"_links":{"self":[{"href":"https:\/\/infomacrio.com.br\/index.php\/wp-json\/wp\/v2\/product\/10508","targetHints":{"allow":["GET"]}}],"collection":[{"href":"https:\/\/infomacrio.com.br\/index.php\/wp-json\/wp\/v2\/product"}],"about":[{"href":"https:\/\/infomacrio.com.br\/index.php\/wp-json\/wp\/v2\/types\/product"}],"wp:featuredmedia":[{"embeddable":true,"href":"https:\/\/infomacrio.com.br\/index.php\/wp-json\/wp\/v2\/media\/10608"}],"wp:attachment":[{"href":"https:\/\/infomacrio.com.br\/index.php\/wp-json\/wp\/v2\/media?parent=10508"}],"wp:term":[{"taxonomy":"product_brand","embeddable":true,"href":"https:\/\/infomacrio.com.br\/index.php\/wp-json\/wp\/v2\/product_brand?post=10508"},{"taxonomy":"product_cat","embeddable":true,"href":"https:\/\/infomacrio.com.br\/index.php\/wp-json\/wp\/v2\/product_cat?post=10508"},{"taxonomy":"product_tag","embeddable":true,"href":"https:\/\/infomacrio.com.br\/index.php\/wp-json\/wp\/v2\/product_tag?post=10508"}],"curies":[{"name":"wp","href":"https:\/\/api.w.org\/{rel}","templated":true}]}}