{"id":10505,"date":"2025-08-08T08:00:44","date_gmt":"2025-08-08T11:00:44","guid":{"rendered":"https:\/\/infomacrio.com.br\/index.php\/produto\/otdr-smart-9-funcoes-fibra-ativa-apc-2\/"},"modified":"2026-04-13T13:21:23","modified_gmt":"2026-04-13T16:21:23","slug":"otdr-smart-9-funcoes-fibra-ativa-apc-2","status":"publish","type":"product","link":"https:\/\/infomacrio.com.br\/index.php\/produto\/otdr-smart-9-funcoes-fibra-ativa-apc-2\/","title":{"rendered":"OTDR SMART 9 FUN\u00c7\u00d5ES FIBRA ATIVA APC"},"content":{"rendered":"<p>Tela de Toque capacitiva de 4,3 polegadas com visualiza\u00e7\u00e3o completa, resolu\u00e7\u00e3o TFT 800\u00d7480<br \/>\nBateria de L\u00edtio: 5200MAH\/3,7V<br \/>\nTempo de espera &gt; por 10 horas<br \/>\nTamanho: 175x105x45mm<br \/>\nPeso: 560g (incluindo bateria)<br \/>\nTemperatura de Trabalho: -10~+55\u00baC,<br \/>\nTemperatura de Armazenamento:-20~+80\u00baC<\/p>\n<ul>\n<li>Otdr \u2013 Reflect\u00f4metro \u00f3ptico no dom\u00ednio do tempo \/ fibra \u00e1tiva<\/li>\n<li>Design de porta de luz tipo pi<\/li>\n<li>Prote\u00e7\u00e3o contra arranh\u00f5es na tela<\/li>\n<li>Tela de 4,3 Polegadas<\/li>\n<li>Qualquer interface suporta captura de tela<\/li>\n<li>Suporta pen-driver, cart\u00e3o SD e prote\u00e7\u00e3o de dados de exporta\u00e7\u00e3o micro USB<\/li>\n<\/ul>\n<p>Principais fun\u00e7\u00f5es do OTDR<\/p>\n<p>1- Otdr- Reflect\u00f4metro \u00f3ptico no dom\u00ednio do tempo \/ fibra \u00e1tiva;<br \/>\n2- Opm- Checa o nivel de sinal \u00f3ptico;<br \/>\n3- Vfl- caneta laser \u00f3ptica;<br \/>\n4- Line sear;<br \/>\n5- Teste de cabo de rede;<br \/>\n6- Inspe\u00e7\u00e3o de fibra;<br \/>\n7- Mapa de Eventos;<br \/>\n8- Teste de perda;<br \/>\n9- Lanterna;<br \/>\n10- entrada para cart\u00e3o de mem\u00f3ria;<br \/>\n11- entrada usb.<\/p>\n","protected":false},"excerpt":{"rendered":"<p>OTDR SMART 9 FUN\u00c7\u00d5ES FIBRA ATIVA APC<\/p>\n","protected":false},"featured_media":10606,"template":"","meta":{"om_disable_all_campaigns":false,"_monsterinsights_skip_tracking":false,"_monsterinsights_sitenote_active":false,"_monsterinsights_sitenote_note":"","_monsterinsights_sitenote_category":0},"product_brand":[],"product_cat":[313,386,348],"product_tag":[],"class_list":{"0":"post-10505","1":"product","2":"type-product","3":"status-publish","4":"has-post-thumbnail","6":"product_cat-ferramentas","7":"product_cat-kit-de-ferramentas-ftth","8":"product_cat-para-fibra-optica","9":"thunk-woo-product-list","10":"big-store-woo-hover-zoom","11":"open-single-product-tab-horizontal","12":"open-shadow-","13":"open-shadow-hover-","15":"first","16":"outofstock","17":"sale","18":"shipping-taxable","19":"purchasable","20":"product-type-simple"},"aioseo_notices":[],"_links":{"self":[{"href":"https:\/\/infomacrio.com.br\/index.php\/wp-json\/wp\/v2\/product\/10505","targetHints":{"allow":["GET"]}}],"collection":[{"href":"https:\/\/infomacrio.com.br\/index.php\/wp-json\/wp\/v2\/product"}],"about":[{"href":"https:\/\/infomacrio.com.br\/index.php\/wp-json\/wp\/v2\/types\/product"}],"wp:featuredmedia":[{"embeddable":true,"href":"https:\/\/infomacrio.com.br\/index.php\/wp-json\/wp\/v2\/media\/10606"}],"wp:attachment":[{"href":"https:\/\/infomacrio.com.br\/index.php\/wp-json\/wp\/v2\/media?parent=10505"}],"wp:term":[{"taxonomy":"product_brand","embeddable":true,"href":"https:\/\/infomacrio.com.br\/index.php\/wp-json\/wp\/v2\/product_brand?post=10505"},{"taxonomy":"product_cat","embeddable":true,"href":"https:\/\/infomacrio.com.br\/index.php\/wp-json\/wp\/v2\/product_cat?post=10505"},{"taxonomy":"product_tag","embeddable":true,"href":"https:\/\/infomacrio.com.br\/index.php\/wp-json\/wp\/v2\/product_tag?post=10505"}],"curies":[{"name":"wp","href":"https:\/\/api.w.org\/{rel}","templated":true}]}}