{"id":10487,"date":"2025-08-08T08:00:26","date_gmt":"2025-08-08T11:00:26","guid":{"rendered":"https:\/\/infomacrio.com.br\/index.php\/produto\/roteador-2flex-ac1200-4ant\/"},"modified":"2026-03-12T14:12:19","modified_gmt":"2026-03-12T17:12:19","slug":"roteador-2flex-ac1200-4ant","status":"publish","type":"product","link":"https:\/\/infomacrio.com.br\/index.php\/produto\/roteador-2flex-ac1200-4ant\/","title":{"rendered":"ROTEADOR 2FLEX AC1200 4ANT"},"content":{"rendered":"<p>O Roteador Wifi AC 1200 lidera o caminho nos roteadores da pr\u00f3xima gera\u00e7\u00e3o, oferecendo<br \/>\nconex\u00e3o sem fio de banda dupla com o novo Wi-Fi 802.11ac. Seu alto desempenho proporciona<br \/>\na melhor conex\u00e3o sem fio tanto em 2,4GHz quanto em 5GHz. A banda de 5GHz opera a uma<br \/>\nvelocidade de at\u00e9 867Mbps, enquanto a frequ\u00eancia de 2,4GHz atinge 300Mbps, oferecendo uma<br \/>\nincr\u00edvel largura de banda combinada de 1167Mbps.<\/p>\n<p><strong>Caracter\u00edsticas T\u00e9cnicas:<\/strong><\/p>\n<ul>\n<li>Funciona perfeitamente com todos os dispositivos 802.11a\/b\/g\/n\/ac;<\/li>\n<li>Conex\u00f5es simult\u00e2neas de 2,4GHz a 300Mbps e 5GHz a 867Mbps;<\/li>\n<li>Configura\u00e7\u00e3o f\u00e1cil de seguran\u00e7a sem fio com o toque do bot\u00e3o WPS;<\/li>\n<li>Portas Gigabit completas que garantem conex\u00e3o Ethernet de alta velocidade;<\/li>\n<li>Suporte ao Protocolo Ipv6;<\/li>\n<li>Suporte ao EasyMesh;<\/li>\n<\/ul>\n<ul>\n<li>Interfaces: 1 porta WAN 10\/100\/1000Mbps e 3 portas LAN 10\/100\/1000Mbps;<\/li>\n<li>Antenas: 4 antenas externas de 6dBi;<\/li>\n<li>Antena: WPA-PSK\/WPA2-PSK,WPA\/WPA2 Criptografia r\u00e1pida WPS (Configura\u00e7\u00e3o Protegida Wi-Fi);<\/li>\n<li>Taxa de Transfer\u00eancia: 5GHz \u2013 867Mbps \/ 2.4GHz \u2013 300Mbps;<\/li>\n<li>Bot\u00f5es: Bot\u00e3o Power ON\/OF, bot\u00e3o wifi e bot\u00e3o WPS\/Reset;<\/li>\n<li>Fonte de energia: DC 12V 1A;<\/li>\n<li>Servidor DHCP: Reserva DHPC, Lista de Clientes DHPC;<\/li>\n<li>Servidor Virtual: Redirecionamento de Porta, Host DMZ, UPnP;<\/li>\n<li>Tipo de Conex\u00e3o: PPoE (Point-to-Point over Ethernet), IP Din\u00e2mico, IP Est\u00e1tico;<\/li>\n<li>Modo Opertacional: Modo de roteador sem fio e Modo de repetidor universal;<\/li>\n<li>Seguran\u00e7a: Filtro de cliente (suporta blacklist e whitelist), Controle Parental, Gerenciamento remoto;<\/li>\n<li>DDNS: Suporta DDNS;<\/li>\n<li>VPN: Cliente PPTP\/Cliente L2TP;<\/li>\n<li>Modo Opertacional: impedir ataques de inunda\u00e7\u00e3o \/ inunda\u00e7\u00e3o UDP; Impedir ataque de inunda\u00e7\u00e3o TCP; Impedir PING WAN a partir da internet;<\/li>\n<li>Recursos:\u00a0 Clonagem de nome de usu\u00e1rio\/senha PPPoE<\/li>\n<li>Controle de largura de banda;<\/li>\n<li>Rede para convidados;<\/li>\n<li>Clonagem de endere\u00e7o MAC.<\/li>\n<\/ul>\n","protected":false},"excerpt":{"rendered":"<p>ROTEADOR 2FLEX AC1200 4ANT<\/p>\n","protected":false},"featured_media":10630,"template":"","meta":{"om_disable_all_campaigns":false,"_monsterinsights_skip_tracking":false,"_monsterinsights_sitenote_active":false,"_monsterinsights_sitenote_note":"","_monsterinsights_sitenote_category":0},"product_brand":[],"product_cat":[423,294],"product_tag":[],"class_list":{"0":"post-10487","1":"product","2":"type-product","3":"status-publish","4":"has-post-thumbnail","6":"product_cat-roteador-wireless","7":"product_cat-wireless","8":"thunk-woo-product-list","9":"big-store-woo-hover-zoom","10":"open-single-product-tab-horizontal","11":"open-shadow-","12":"open-shadow-hover-","14":"first","15":"instock","16":"sale","17":"shipping-taxable","18":"purchasable","19":"product-type-simple"},"aioseo_notices":[],"_links":{"self":[{"href":"https:\/\/infomacrio.com.br\/index.php\/wp-json\/wp\/v2\/product\/10487","targetHints":{"allow":["GET"]}}],"collection":[{"href":"https:\/\/infomacrio.com.br\/index.php\/wp-json\/wp\/v2\/product"}],"about":[{"href":"https:\/\/infomacrio.com.br\/index.php\/wp-json\/wp\/v2\/types\/product"}],"wp:featuredmedia":[{"embeddable":true,"href":"https:\/\/infomacrio.com.br\/index.php\/wp-json\/wp\/v2\/media\/10630"}],"wp:attachment":[{"href":"https:\/\/infomacrio.com.br\/index.php\/wp-json\/wp\/v2\/media?parent=10487"}],"wp:term":[{"taxonomy":"product_brand","embeddable":true,"href":"https:\/\/infomacrio.com.br\/index.php\/wp-json\/wp\/v2\/product_brand?post=10487"},{"taxonomy":"product_cat","embeddable":true,"href":"https:\/\/infomacrio.com.br\/index.php\/wp-json\/wp\/v2\/product_cat?post=10487"},{"taxonomy":"product_tag","embeddable":true,"href":"https:\/\/infomacrio.com.br\/index.php\/wp-json\/wp\/v2\/product_tag?post=10487"}],"curies":[{"name":"wp","href":"https:\/\/api.w.org\/{rel}","templated":true}]}}