{"id":10485,"date":"2025-08-08T08:00:24","date_gmt":"2025-08-08T11:00:24","guid":{"rendered":"https:\/\/infomacrio.com.br\/index.php\/produto\/roteador-mercusys-ax3000-mr80x-wifi-6\/"},"modified":"2026-03-18T09:25:04","modified_gmt":"2026-03-18T12:25:04","slug":"roteador-mercusys-ax3000-mr80x-wifi-6","status":"publish","type":"product","link":"https:\/\/infomacrio.com.br\/index.php\/produto\/roteador-mercusys-ax3000-mr80x-wifi-6\/","title":{"rendered":"ROTEADOR MERCUSYS AX3000 MR80X WIFI 6"},"content":{"rendered":"<p>Velicidade Wi-Fi 6\u00a0\u2013\u00a0Velocidades Wi-Fi 6 atingindo at\u00e9 3 Gbps para navega\u00e7\u00e3o mais r\u00e1pida, streaming 4K e jogos online.<\/p>\n<p>Mais Dispositivos Conectados Simult\u00e2neos \u2013 Suporta MU-MIMO e OFDMA para permitir dezenas de conex\u00f5es simult\u00e2neas.<\/p>\n<p>Maior Cobertura Wi-Fi \u2013 4 antenas direcionais de alto ganho com tecnologia de forma\u00e7\u00e3o de feixes para impulsionar conex\u00f5es est\u00e1veis por toda a sua casa, garantindo sinais WiFi fortes em todos os cantos.<\/p>\n<p>Mais Seguran\u00e7a para sua Rede \u2013 a criptografia WPA3 protege sua rede e seus dados pessoais de hackers.<\/p>\n<p>Conex\u00f5es Cabeadas Gigabit \u2013 Aproveite o m\u00e1ximo do seu plano de internet com as portas Gigabit para conex\u00f5es cabeadas.<\/p>\n<p>Economia de Energia \u2013 Target Wake Time (TWT) reduz o consumo de energia dos seus dispositivos, aumentando a dura\u00e7\u00e3o de baterias.<\/p>\n<p>Menos Interfer\u00eancia\u00a0\u00a0\u2013 Com o BSS Color, voc\u00ea n\u00e3o sofre com interfer\u00eancias de redes Wi-Fi dos seus vizinhos.<\/p>\n<p>Conex\u00f5es Inteligentes \u2013 Com o Smart Connect, o pr\u00f3prio MR80X escolhe a melhor banda para cada dispositivo, sem interromper sua conex\u00e3o.<\/p>\n","protected":false},"excerpt":{"rendered":"<p>ROTEADOR MERCUSYS AX3000 MR80X WIFI 6<\/p>\n","protected":false},"featured_media":10640,"template":"","meta":{"om_disable_all_campaigns":false,"_monsterinsights_skip_tracking":false,"_monsterinsights_sitenote_active":false,"_monsterinsights_sitenote_note":"","_monsterinsights_sitenote_category":0},"product_brand":[],"product_cat":[423,294],"product_tag":[],"class_list":{"0":"post-10485","1":"product","2":"type-product","3":"status-publish","4":"has-post-thumbnail","6":"product_cat-roteador-wireless","7":"product_cat-wireless","8":"thunk-woo-product-list","9":"big-store-woo-hover-zoom","10":"open-single-product-tab-horizontal","11":"open-shadow-","12":"open-shadow-hover-","14":"first","15":"instock","16":"sale","17":"shipping-taxable","18":"purchasable","19":"product-type-simple"},"aioseo_notices":[],"_links":{"self":[{"href":"https:\/\/infomacrio.com.br\/index.php\/wp-json\/wp\/v2\/product\/10485","targetHints":{"allow":["GET"]}}],"collection":[{"href":"https:\/\/infomacrio.com.br\/index.php\/wp-json\/wp\/v2\/product"}],"about":[{"href":"https:\/\/infomacrio.com.br\/index.php\/wp-json\/wp\/v2\/types\/product"}],"wp:featuredmedia":[{"embeddable":true,"href":"https:\/\/infomacrio.com.br\/index.php\/wp-json\/wp\/v2\/media\/10640"}],"wp:attachment":[{"href":"https:\/\/infomacrio.com.br\/index.php\/wp-json\/wp\/v2\/media?parent=10485"}],"wp:term":[{"taxonomy":"product_brand","embeddable":true,"href":"https:\/\/infomacrio.com.br\/index.php\/wp-json\/wp\/v2\/product_brand?post=10485"},{"taxonomy":"product_cat","embeddable":true,"href":"https:\/\/infomacrio.com.br\/index.php\/wp-json\/wp\/v2\/product_cat?post=10485"},{"taxonomy":"product_tag","embeddable":true,"href":"https:\/\/infomacrio.com.br\/index.php\/wp-json\/wp\/v2\/product_tag?post=10485"}],"curies":[{"name":"wp","href":"https:\/\/api.w.org\/{rel}","templated":true}]}}