{"id":10483,"date":"2025-08-08T08:00:22","date_gmt":"2025-08-08T11:00:22","guid":{"rendered":"https:\/\/infomacrio.com.br\/index.php\/produto\/roteador-tp-link-ax3000-ex520-wifi-6\/"},"modified":"2026-04-10T15:41:02","modified_gmt":"2026-04-10T18:41:02","slug":"roteador-tp-link-ax3000-ex520-wifi-6","status":"publish","type":"product","link":"https:\/\/infomacrio.com.br\/index.php\/produto\/roteador-tp-link-ax3000-ex520-wifi-6\/","title":{"rendered":"ROTEADOR TP-LINK AX3000 EX521 WIFI 6"},"content":{"rendered":"<ul>\n<li><strong>Wi-Fi 6 Dual Band: <\/strong>velocidades de at\u00e9 3Gbps, sendo 2402 Mbps em 5 GHz e 574 Mbps em 2,4 GHz.*<\/li>\n<li><strong>Cobertura Otimizada: <\/strong>Quatro antenas de alto desempenho e a tecnologia Beamforming se combinam para estender o sinal Wi-Fi pela sua casa.<\/li>\n<li><strong>Mais Conex\u00f5es: <\/strong>As tecnologias OFDMA e MU-MIMO permitem a transmiss\u00e3o simult\u00e2nea para mais dispositivos.**<\/li>\n<li><strong>Compat\u00edvel com EasyMesh:\u00a0<\/strong>Crie uma rede inteligente com ampla cobertura baseada na tecnologia mesh padr\u00e3o.<\/li>\n<li><strong>Seguran\u00e7a Aprimorada: <\/strong>A criptografia WPA3, o Multi-SSID e o Controle Parental proporcionam uma experi\u00eancia on-line personalizada e mais segura.<\/li>\n<li><strong>Conex\u00f5es Cabeadas Gigabit: <\/strong>1x porta WAN Gigabit Ethernet e 3x portas LAN Gigabit para conex\u00f5es r\u00e1pidas e est\u00e1veis.<\/li>\n<li><strong>F\u00e1cil Configura\u00e7\u00e3o: <\/strong>Configure sua rede em minutos com o poderoso aplicativo Aginet.<\/li>\n<li><strong>Gerenciamento Remoto: <\/strong>TAUC (TP-Link Aginet Unified Cloud) e protocolos TR-069, TR-098, TR-181, TR-111 e TR-143 s\u00e3o suportados.<\/li>\n<\/ul>\n","protected":false},"excerpt":{"rendered":"<p>ROTEADOR TP-LINK AX3000 EX521 WIFI 6<\/p>\n","protected":false},"featured_media":11166,"template":"","meta":{"om_disable_all_campaigns":false,"_monsterinsights_skip_tracking":false,"_monsterinsights_sitenote_active":false,"_monsterinsights_sitenote_note":"","_monsterinsights_sitenote_category":0},"product_brand":[],"product_cat":[423,294],"product_tag":[],"class_list":{"0":"post-10483","1":"product","2":"type-product","3":"status-publish","4":"has-post-thumbnail","6":"product_cat-roteador-wireless","7":"product_cat-wireless","8":"thunk-woo-product-list","9":"big-store-woo-hover-zoom","10":"open-single-product-tab-horizontal","11":"open-shadow-","12":"open-shadow-hover-","14":"first","15":"instock","16":"sale","17":"shipping-taxable","18":"purchasable","19":"product-type-simple"},"aioseo_notices":[],"_links":{"self":[{"href":"https:\/\/infomacrio.com.br\/index.php\/wp-json\/wp\/v2\/product\/10483","targetHints":{"allow":["GET"]}}],"collection":[{"href":"https:\/\/infomacrio.com.br\/index.php\/wp-json\/wp\/v2\/product"}],"about":[{"href":"https:\/\/infomacrio.com.br\/index.php\/wp-json\/wp\/v2\/types\/product"}],"wp:featuredmedia":[{"embeddable":true,"href":"https:\/\/infomacrio.com.br\/index.php\/wp-json\/wp\/v2\/media\/11166"}],"wp:attachment":[{"href":"https:\/\/infomacrio.com.br\/index.php\/wp-json\/wp\/v2\/media?parent=10483"}],"wp:term":[{"taxonomy":"product_brand","embeddable":true,"href":"https:\/\/infomacrio.com.br\/index.php\/wp-json\/wp\/v2\/product_brand?post=10483"},{"taxonomy":"product_cat","embeddable":true,"href":"https:\/\/infomacrio.com.br\/index.php\/wp-json\/wp\/v2\/product_cat?post=10483"},{"taxonomy":"product_tag","embeddable":true,"href":"https:\/\/infomacrio.com.br\/index.php\/wp-json\/wp\/v2\/product_tag?post=10483"}],"curies":[{"name":"wp","href":"https:\/\/api.w.org\/{rel}","templated":true}]}}